{"id":996,"date":"2016-11-22T14:19:07","date_gmt":"2016-11-22T14:19:07","guid":{"rendered":"https:\/\/shopforlife.ch\/?post_type=product&#038;p=996"},"modified":"2020-03-28T17:31:09","modified_gmt":"2020-03-28T17:31:09","slug":"oekotensor-original-med-plus","status":"publish","type":"product","link":"https:\/\/shopforlife.ch\/?product=oekotensor-original-med-plus","title":{"rendered":"\u00d6kotensor Original Med-Plus"},"content":{"rendered":"","protected":false},"excerpt":{"rendered":"<p><strong>\u00d6kotensoren<\/strong><\/p>\n<p>Mit der vergoldeten Antenne am Korkgriff ist es einfach, Schwingungen zu sp\u00fcren. Der Reif aus Holz bzw. vergoldetem Messing an der Spitze verst\u00e4rkt den Ausschlag.<br \/>\nIn der beiliegenden Anleitung werden die verschiedenen Me\u00dfmethoden beschrieben. Der \u00d6kotensor dient beispielsweise zum Austesten von Allergenen, Bachbl\u00fcten, hom\u00f6opathischen Arzneien, Wohngiften etc.<\/p>\n<p>Die Antennen aller Tensoren bestehen aus Federstahldraht.<\/p>\n<p>\u00d6kotensor Original Med Plus<\/p>\n<p>Der Profitensor. Ideal f\u00fcr \u00c4rzte und Heilpraktiker. Mit Schraubgewinde zum stufenlosen Verstellen der Antennenl\u00e4nge.<br \/>\nWird mit zwei Antennen geliefert: einer st\u00e4rkeren mit Metallring und einer flexibleren mit Holzring.<br \/>\nvariabel 40-57 cm, teilweise vergoldet<\/p>\n","protected":false},"featured_media":995,"comment_status":"open","ping_status":"closed","template":"","meta":[],"product_cat":[146,29,61],"product_tag":[],"_links":{"self":[{"href":"https:\/\/shopforlife.ch\/index.php?rest_route=\/wp\/v2\/product\/996"}],"collection":[{"href":"https:\/\/shopforlife.ch\/index.php?rest_route=\/wp\/v2\/product"}],"about":[{"href":"https:\/\/shopforlife.ch\/index.php?rest_route=\/wp\/v2\/types\/product"}],"replies":[{"embeddable":true,"href":"https:\/\/shopforlife.ch\/index.php?rest_route=%2Fwp%2Fv2%2Fcomments&post=996"}],"wp:featuredmedia":[{"embeddable":true,"href":"https:\/\/shopforlife.ch\/index.php?rest_route=\/wp\/v2\/media\/995"}],"wp:attachment":[{"href":"https:\/\/shopforlife.ch\/index.php?rest_route=%2Fwp%2Fv2%2Fmedia&parent=996"}],"wp:term":[{"taxonomy":"product_cat","embeddable":true,"href":"https:\/\/shopforlife.ch\/index.php?rest_route=%2Fwp%2Fv2%2Fproduct_cat&post=996"},{"taxonomy":"product_tag","embeddable":true,"href":"https:\/\/shopforlife.ch\/index.php?rest_route=%2Fwp%2Fv2%2Fproduct_tag&post=996"}],"curies":[{"name":"wp","href":"https:\/\/api.w.org\/{rel}","templated":true}]}}