{"id":936,"date":"2016-11-20T19:54:04","date_gmt":"2016-11-20T19:54:04","guid":{"rendered":"https:\/\/shopforlife.ch\/produkt\/anhaenger-herz-des-lebens-rose-vergoldet-2\/"},"modified":"2020-03-28T17:37:52","modified_gmt":"2020-03-28T17:37:52","slug":"anhaenger-herz-des-lebens-rose-vergoldet-2","status":"publish","type":"product","link":"https:\/\/shopforlife.ch\/?product=anhaenger-herz-des-lebens-rose-vergoldet-2","title":{"rendered":"Anh\u00e4nger &#8222;Herz des Lebens&#8220; (ros\u00e9-vergoldet)"},"content":{"rendered":"","protected":false},"excerpt":{"rendered":"<p><strong>Anh\u00e4nger &#8222;Herz des Lebens&#8220;<\/strong><\/p>\n<p>&nbsp;<\/p>\n<p>Material : Silber 925 ; ros\u00e9-vergoldet<\/p>\n<p>Durchmesser : 2 cm<\/p>\n<p>Gewicht : 1,8\u00a0g<\/p>\n","protected":false},"featured_media":907,"comment_status":"open","ping_status":"closed","template":"","meta":[],"product_cat":[146,28],"product_tag":[],"_links":{"self":[{"href":"https:\/\/shopforlife.ch\/index.php?rest_route=\/wp\/v2\/product\/936"}],"collection":[{"href":"https:\/\/shopforlife.ch\/index.php?rest_route=\/wp\/v2\/product"}],"about":[{"href":"https:\/\/shopforlife.ch\/index.php?rest_route=\/wp\/v2\/types\/product"}],"replies":[{"embeddable":true,"href":"https:\/\/shopforlife.ch\/index.php?rest_route=%2Fwp%2Fv2%2Fcomments&post=936"}],"wp:featuredmedia":[{"embeddable":true,"href":"https:\/\/shopforlife.ch\/index.php?rest_route=\/wp\/v2\/media\/907"}],"wp:attachment":[{"href":"https:\/\/shopforlife.ch\/index.php?rest_route=%2Fwp%2Fv2%2Fmedia&parent=936"}],"wp:term":[{"taxonomy":"product_cat","embeddable":true,"href":"https:\/\/shopforlife.ch\/index.php?rest_route=%2Fwp%2Fv2%2Fproduct_cat&post=936"},{"taxonomy":"product_tag","embeddable":true,"href":"https:\/\/shopforlife.ch\/index.php?rest_route=%2Fwp%2Fv2%2Fproduct_tag&post=936"}],"curies":[{"name":"wp","href":"https:\/\/api.w.org\/{rel}","templated":true}]}}