{"id":926,"date":"2016-11-20T18:03:19","date_gmt":"2016-11-20T18:03:19","guid":{"rendered":"https:\/\/shopforlife.ch\/?post_type=product&#038;p=926"},"modified":"2020-03-28T17:37:52","modified_gmt":"2020-03-28T17:37:52","slug":"anhaenger-chinesische-gluecksmuenzen","status":"publish","type":"product","link":"https:\/\/shopforlife.ch\/?product=anhaenger-chinesische-gluecksmuenzen","title":{"rendered":"Anh\u00e4nger &#8222;Chinesische Gl\u00fccksm\u00fcnzen&#8220;"},"content":{"rendered":"","protected":false},"excerpt":{"rendered":"<p>Anh\u00e4nger in rot mit 8 chinesischen Gl\u00fccksm\u00fcnzen<\/p>\n<p>Material M\u00fcnzen : Messing<\/p>\n<p>Durchmesser M\u00fcnzen : 2,5 cm<\/p>\n<p>Gesamtl\u00e4nge : 30 cm<\/p>\n","protected":false},"featured_media":873,"comment_status":"open","ping_status":"closed","template":"","meta":[],"product_cat":[146,27,28],"product_tag":[],"_links":{"self":[{"href":"https:\/\/shopforlife.ch\/index.php?rest_route=\/wp\/v2\/product\/926"}],"collection":[{"href":"https:\/\/shopforlife.ch\/index.php?rest_route=\/wp\/v2\/product"}],"about":[{"href":"https:\/\/shopforlife.ch\/index.php?rest_route=\/wp\/v2\/types\/product"}],"replies":[{"embeddable":true,"href":"https:\/\/shopforlife.ch\/index.php?rest_route=%2Fwp%2Fv2%2Fcomments&post=926"}],"wp:featuredmedia":[{"embeddable":true,"href":"https:\/\/shopforlife.ch\/index.php?rest_route=\/wp\/v2\/media\/873"}],"wp:attachment":[{"href":"https:\/\/shopforlife.ch\/index.php?rest_route=%2Fwp%2Fv2%2Fmedia&parent=926"}],"wp:term":[{"taxonomy":"product_cat","embeddable":true,"href":"https:\/\/shopforlife.ch\/index.php?rest_route=%2Fwp%2Fv2%2Fproduct_cat&post=926"},{"taxonomy":"product_tag","embeddable":true,"href":"https:\/\/shopforlife.ch\/index.php?rest_route=%2Fwp%2Fv2%2Fproduct_tag&post=926"}],"curies":[{"name":"wp","href":"https:\/\/api.w.org\/{rel}","templated":true}]}}