{"id":925,"date":"2016-11-20T17:57:50","date_gmt":"2016-11-20T17:57:50","guid":{"rendered":"https:\/\/shopforlife.ch\/?post_type=product&#038;p=925"},"modified":"2020-03-28T17:37:52","modified_gmt":"2020-03-28T17:37:52","slug":"schluesselanhaenger-om","status":"publish","type":"product","link":"https:\/\/shopforlife.ch\/?product=schluesselanhaenger-om","title":{"rendered":"Schl\u00fcsselanh\u00e4nger &#8222;Om&#8220;"},"content":{"rendered":"","protected":false},"excerpt":{"rendered":"<p>Schl\u00fcsselanh\u00e4nger &#8222;Om&#8220; bestehend aus Nylon (100%)<\/p>\n<p>&nbsp;<\/p>\n<p>Farbe : Rainbow (bunt)<\/p>\n<p>Gr\u00f6sse : 20 cm<\/p>\n","protected":false},"featured_media":872,"comment_status":"open","ping_status":"closed","template":"","meta":[],"product_cat":[146,28],"product_tag":[],"_links":{"self":[{"href":"https:\/\/shopforlife.ch\/index.php?rest_route=\/wp\/v2\/product\/925"}],"collection":[{"href":"https:\/\/shopforlife.ch\/index.php?rest_route=\/wp\/v2\/product"}],"about":[{"href":"https:\/\/shopforlife.ch\/index.php?rest_route=\/wp\/v2\/types\/product"}],"replies":[{"embeddable":true,"href":"https:\/\/shopforlife.ch\/index.php?rest_route=%2Fwp%2Fv2%2Fcomments&post=925"}],"wp:featuredmedia":[{"embeddable":true,"href":"https:\/\/shopforlife.ch\/index.php?rest_route=\/wp\/v2\/media\/872"}],"wp:attachment":[{"href":"https:\/\/shopforlife.ch\/index.php?rest_route=%2Fwp%2Fv2%2Fmedia&parent=925"}],"wp:term":[{"taxonomy":"product_cat","embeddable":true,"href":"https:\/\/shopforlife.ch\/index.php?rest_route=%2Fwp%2Fv2%2Fproduct_cat&post=925"},{"taxonomy":"product_tag","embeddable":true,"href":"https:\/\/shopforlife.ch\/index.php?rest_route=%2Fwp%2Fv2%2Fproduct_tag&post=925"}],"curies":[{"name":"wp","href":"https:\/\/api.w.org\/{rel}","templated":true}]}}