{"id":887,"date":"2016-11-13T18:57:52","date_gmt":"2016-11-13T18:57:52","guid":{"rendered":"https:\/\/shopforlife.ch\/produkt\/mindlet-armband-metatrons-wuerfel-weiss\/"},"modified":"2023-07-17T15:17:09","modified_gmt":"2023-07-17T13:17:09","slug":"mindlet-armband-metatrons-wuerfel-weiss","status":"publish","type":"product","link":"https:\/\/shopforlife.ch\/?product=mindlet-armband-metatrons-wuerfel-weiss","title":{"rendered":"Mindlet Armband &#8222;Metatrons W\u00fcrfel&#8220; (weiss)"},"content":{"rendered":"","protected":false},"excerpt":{"rendered":"<p><strong>\u201eSch\u00f6pfung \u00a0 Ganzheit \u00a0 Bewusstheit \u00a0 Kraft\u201d<\/strong><\/p>\n<p>&nbsp;<\/p>\n<p>Die Geometrie von \u201eMetatrons W\u00fcrfel\u201d beruht auf der \u201eBlume des Lebens\u201d. Verbindungslinien und Schnittpunkte ergeben &#8211; dreidimensional betrachtet &#8211; die 5 Platonischen K\u00f6rper. Gleichzeitig offenbart er den Goldenen Schnitt, der ein besonderes L\u00e4ngenverh\u00e4ltnis beschreibt, das sich in unserer DNS genauso zeigt wie bei der Struktur von Bl\u00fcten oder ganzen Galaxien.<\/p>\n<p>&nbsp;<\/p>\n<p><em>Material: Silikon, BPA-frei, Latex-frei<\/em><\/p>\n<p><em>L\u00e4nge: ca. 190 mm<\/em><\/p>\n","protected":false},"featured_media":863,"comment_status":"open","ping_status":"closed","template":"","meta":[],"product_cat":[146,28],"product_tag":[],"_links":{"self":[{"href":"https:\/\/shopforlife.ch\/index.php?rest_route=\/wp\/v2\/product\/887"}],"collection":[{"href":"https:\/\/shopforlife.ch\/index.php?rest_route=\/wp\/v2\/product"}],"about":[{"href":"https:\/\/shopforlife.ch\/index.php?rest_route=\/wp\/v2\/types\/product"}],"replies":[{"embeddable":true,"href":"https:\/\/shopforlife.ch\/index.php?rest_route=%2Fwp%2Fv2%2Fcomments&post=887"}],"wp:featuredmedia":[{"embeddable":true,"href":"https:\/\/shopforlife.ch\/index.php?rest_route=\/wp\/v2\/media\/863"}],"wp:attachment":[{"href":"https:\/\/shopforlife.ch\/index.php?rest_route=%2Fwp%2Fv2%2Fmedia&parent=887"}],"wp:term":[{"taxonomy":"product_cat","embeddable":true,"href":"https:\/\/shopforlife.ch\/index.php?rest_route=%2Fwp%2Fv2%2Fproduct_cat&post=887"},{"taxonomy":"product_tag","embeddable":true,"href":"https:\/\/shopforlife.ch\/index.php?rest_route=%2Fwp%2Fv2%2Fproduct_tag&post=887"}],"curies":[{"name":"wp","href":"https:\/\/api.w.org\/{rel}","templated":true}]}}