{"id":884,"date":"2016-11-13T18:51:49","date_gmt":"2016-11-13T18:51:49","guid":{"rendered":"https:\/\/shopforlife.ch\/produkt\/mindlet-armband-om-weiss\/"},"modified":"2020-03-28T17:37:52","modified_gmt":"2020-03-28T17:37:52","slug":"mindlet-armband-om-weiss","status":"publish","type":"product","link":"https:\/\/shopforlife.ch\/?product=mindlet-armband-om-weiss","title":{"rendered":"Mindlet Armband &#8222;Om&#8220; (weiss)"},"content":{"rendered":"","protected":false},"excerpt":{"rendered":"<p><strong>\u201eFrieden \u00a0 Ruhe \u00a0 Gelassenheit \u00a0 Freude \u00a0 Harmonie\u201d<\/strong><\/p>\n<p>&nbsp;<\/p>\n<p>Das \u201eOm\u201d-Symbol verbindet Sie mit der universellen Lebensenergie. Es steht f\u00fcr Frieden, Ruhe, Gelassenheit, Freude und Harmonie. Vor allem in anstrengenden und stressigen Zeiten k\u00f6nnen Sie Sich mit diesem Mindlet auf sich selbst fokussieren und zu innerer St\u00e4rke (zur\u00fcck)finden.<\/p>\n<p>&nbsp;<\/p>\n<p><em>Material: Silikon, BPA-frei, Latex-frei<\/em><\/p>\n<p><em>L\u00e4nge: ca. 190 mm<\/em><\/p>\n","protected":false},"featured_media":858,"comment_status":"open","ping_status":"closed","template":"","meta":[],"product_cat":[146,28],"product_tag":[],"_links":{"self":[{"href":"https:\/\/shopforlife.ch\/index.php?rest_route=\/wp\/v2\/product\/884"}],"collection":[{"href":"https:\/\/shopforlife.ch\/index.php?rest_route=\/wp\/v2\/product"}],"about":[{"href":"https:\/\/shopforlife.ch\/index.php?rest_route=\/wp\/v2\/types\/product"}],"replies":[{"embeddable":true,"href":"https:\/\/shopforlife.ch\/index.php?rest_route=%2Fwp%2Fv2%2Fcomments&post=884"}],"wp:featuredmedia":[{"embeddable":true,"href":"https:\/\/shopforlife.ch\/index.php?rest_route=\/wp\/v2\/media\/858"}],"wp:attachment":[{"href":"https:\/\/shopforlife.ch\/index.php?rest_route=%2Fwp%2Fv2%2Fmedia&parent=884"}],"wp:term":[{"taxonomy":"product_cat","embeddable":true,"href":"https:\/\/shopforlife.ch\/index.php?rest_route=%2Fwp%2Fv2%2Fproduct_cat&post=884"},{"taxonomy":"product_tag","embeddable":true,"href":"https:\/\/shopforlife.ch\/index.php?rest_route=%2Fwp%2Fv2%2Fproduct_tag&post=884"}],"curies":[{"name":"wp","href":"https:\/\/api.w.org\/{rel}","templated":true}]}}