{"id":881,"date":"2016-11-13T18:44:56","date_gmt":"2016-11-13T18:44:56","guid":{"rendered":"https:\/\/shopforlife.ch\/produkt\/mindlet-armband-fuelle-weiss\/"},"modified":"2020-03-28T17:38:16","modified_gmt":"2020-03-28T17:38:16","slug":"mindlet-armband-fuelle-weiss","status":"publish","type":"product","link":"https:\/\/shopforlife.ch\/?product=mindlet-armband-fuelle-weiss","title":{"rendered":"Mindlet Armband &#8222;F\u00fclle&#8220; (weiss)"},"content":{"rendered":"","protected":false},"excerpt":{"rendered":"<p><strong>\u201eVision \u00a0 Vertrauen \u00a0 Erfolg \u00a0 F\u00fclle \u00a0 Wohlstand\u201d<\/strong><\/p>\n<p>&nbsp;<\/p>\n<p>Dieses Mindlet-Armband hilft Ihnen, Ihre Erfolgs-Visionen gedanklich zu halten und das n\u00f6tige Vertrauen in die eigenen F\u00e4higkeiten aufzubauen. Wenn Sie auch in schwierigen Situationen beharrlich \u201edran bleiben\u201c, werden Sie Ihre Tr\u00e4ume verwirklichen &#8211; F\u00fclle und Wohlstand k\u00f6nnen gedeihen.<\/p>\n<p>&nbsp;<\/p>\n<p><em>Material: Silikon, BPA-frei, Latex-frei<\/em><\/p>\n<p><em>L\u00e4nge: ca. 190 mm<\/em><\/p>\n","protected":false},"featured_media":854,"comment_status":"open","ping_status":"closed","template":"","meta":[],"product_cat":[146,28],"product_tag":[],"_links":{"self":[{"href":"https:\/\/shopforlife.ch\/index.php?rest_route=\/wp\/v2\/product\/881"}],"collection":[{"href":"https:\/\/shopforlife.ch\/index.php?rest_route=\/wp\/v2\/product"}],"about":[{"href":"https:\/\/shopforlife.ch\/index.php?rest_route=\/wp\/v2\/types\/product"}],"replies":[{"embeddable":true,"href":"https:\/\/shopforlife.ch\/index.php?rest_route=%2Fwp%2Fv2%2Fcomments&post=881"}],"wp:featuredmedia":[{"embeddable":true,"href":"https:\/\/shopforlife.ch\/index.php?rest_route=\/wp\/v2\/media\/854"}],"wp:attachment":[{"href":"https:\/\/shopforlife.ch\/index.php?rest_route=%2Fwp%2Fv2%2Fmedia&parent=881"}],"wp:term":[{"taxonomy":"product_cat","embeddable":true,"href":"https:\/\/shopforlife.ch\/index.php?rest_route=%2Fwp%2Fv2%2Fproduct_cat&post=881"},{"taxonomy":"product_tag","embeddable":true,"href":"https:\/\/shopforlife.ch\/index.php?rest_route=%2Fwp%2Fv2%2Fproduct_tag&post=881"}],"curies":[{"name":"wp","href":"https:\/\/api.w.org\/{rel}","templated":true}]}}