{"id":848,"date":"2016-11-13T14:07:26","date_gmt":"2016-11-13T14:07:26","guid":{"rendered":"https:\/\/shopforlife.ch\/?post_type=product&#038;p=848"},"modified":"2026-02-21T11:23:45","modified_gmt":"2026-02-21T10:23:45","slug":"raeucherkohle-three-kings-33mm","status":"publish","type":"product","link":"https:\/\/shopforlife.ch\/?product=raeucherkohle-three-kings-33mm","title":{"rendered":"R\u00e4ucherkohle &#8222;Three Kings&#8220; 33mm"},"content":{"rendered":"","protected":false},"excerpt":{"rendered":"<p><strong>Die \u201eThree-Kings\u201c-R\u00e4ucherkohle<\/strong><\/p>\n<p><em>Eigenschaften :<\/em> selbstz\u00fcndend, geruchsneutral, gleichm\u00e4ssiges Abbrennen<\/p>\n<p><em>H\u00f6chsttemperatur der Kohle :<\/em> bis zu 400\u00b0C<\/p>\n<p><em>Brenndauer :<\/em> durchschnittlich 60 Minuten<\/p>\n<p><em>Inhalt :<\/em> eine Verpackung enth\u00e4lt 10 Kohlen \u00e0 \u00d8 40 mm<\/p>\n<p><strong>Anwendung:<\/strong><\/p>\n<p>Die R\u00e4ucherkohle anz\u00fcnden (am Besten mit einer R\u00e4ucherzange festhalten), dann in deine R\u00e4ucherschale oder auf das R\u00e4uchersieb legen und einfach 10 Minuten abwarten. Sobald die Kohle weisslich verf\u00e4rbt ist, kannst du dein ganz pers\u00f6nliches R\u00e4ucherritual beginnen.<\/p>\n<p><strong>Achtung:<\/strong><\/p>\n<p>Bitte die Kohlen nur in daf\u00fcr vorgesehene Schalen und Siebe legen, da die Kohle eine nicht zu untersch\u00e4tzende Temperatur erreicht.<\/p>\n","protected":false},"featured_media":845,"comment_status":"open","ping_status":"closed","template":"","meta":[],"product_cat":[146,23,53],"product_tag":[],"_links":{"self":[{"href":"https:\/\/shopforlife.ch\/index.php?rest_route=\/wp\/v2\/product\/848"}],"collection":[{"href":"https:\/\/shopforlife.ch\/index.php?rest_route=\/wp\/v2\/product"}],"about":[{"href":"https:\/\/shopforlife.ch\/index.php?rest_route=\/wp\/v2\/types\/product"}],"replies":[{"embeddable":true,"href":"https:\/\/shopforlife.ch\/index.php?rest_route=%2Fwp%2Fv2%2Fcomments&post=848"}],"wp:featuredmedia":[{"embeddable":true,"href":"https:\/\/shopforlife.ch\/index.php?rest_route=\/wp\/v2\/media\/845"}],"wp:attachment":[{"href":"https:\/\/shopforlife.ch\/index.php?rest_route=%2Fwp%2Fv2%2Fmedia&parent=848"}],"wp:term":[{"taxonomy":"product_cat","embeddable":true,"href":"https:\/\/shopforlife.ch\/index.php?rest_route=%2Fwp%2Fv2%2Fproduct_cat&post=848"},{"taxonomy":"product_tag","embeddable":true,"href":"https:\/\/shopforlife.ch\/index.php?rest_route=%2Fwp%2Fv2%2Fproduct_tag&post=848"}],"curies":[{"name":"wp","href":"https:\/\/api.w.org\/{rel}","templated":true}]}}