{"id":841,"date":"2016-11-13T12:58:57","date_gmt":"2016-11-13T12:58:57","guid":{"rendered":"https:\/\/shopforlife.ch\/produkt\/diamant-the-red-one-50mm\/"},"modified":"2020-03-28T19:57:07","modified_gmt":"2020-03-28T19:57:07","slug":"diamant-the-red-one-50mm","status":"publish","type":"product","link":"https:\/\/shopforlife.ch\/?product=diamant-the-red-one-50mm","title":{"rendered":"Diamant &#8222;The Red One&#8220; 50mm"},"content":{"rendered":"<p><strong>Wirkung unserer Diamanten :<\/strong><\/p>\n<p>Der Tachyon (Diamant) harmonisiert durch die freigesetzte Energie seine Umgebung. Er\u00a0sch\u00fctzt Menschen, Tiere und selbst Pflanzen innerhalb seines Wirkungskreises vor geopathischen St\u00f6rungen wie Wasseradern oder Erdverwerfungen, WLAN, Blue-Tooth-Technologie wie auch anderem Elektrosmog. Er harmonisiert unter anderem auch\u00a0die negativen Schwingungen, die der Mensch selbst verursacht wie Trauer, Wut, Streit, Zweifel und Eifersucht. Hierbei werden die Schwingungsfelder so transformiert, dass sie nicht mehr schaden k\u00f6nnen. Es tritt dann ein sp\u00fcrbares und f\u00fchlbares\u00a0Wohlbefinden innerhalb der gew\u00fcnschten R\u00e4umlichkeiten auf. Die Luft wirkt dann sauberer, Sie nutzen Ecken und Winkel in Ihrer Wohnung welche Sie zuvor gemieden haben und selbst der Schlaf wird ruhiger und frei von\u00a0Alptr\u00e4umen. <em>Kurz und b\u00fcndig : ein Tachyon dient zur Harmonisierung, Vitalisierung und Gesundheitsf\u00f6rderung von Mensch, Tier und Pflanze.<\/em><\/p>\n<p>Unsere Tachyonen wurden nicht spezifisch nur f\u00fcr einen Einsatzbereich\u00a0konzipiert. Die\u00a0Diamanten wurden\u00a0so\u00a0tachyonisiert, damit diese\u00a0in jeder Lebensphase das jeweilige Problem erkennen und darauf Energie freisetzten um alles in Liebe und Harmonie umzusetzen.\u00a0&#8222;<em>Tachyonen sind wie Engel &#8211; sie begleiten, unterst\u00fctzen und helfen uns !&#8220;<\/em><\/p>\n<p>&nbsp;<\/p>\n<p><strong>Unser Tipp :<\/strong><\/p>\n<p>Setzten Sie die Energiespender \u00fcberall dort\u00a0ein, wo elektrische Ger\u00e4te stehen oder sich regelm\u00e4ssig Menschen aufhalten. Experimentieren Sie also \u00fcberall dort, wo es Ihnen Freude macht : Im B\u00fcro, in der K\u00fcche, im Wohnzimmer usw. W\u00e4hlen sie hierbei ganz nach Ihrem Geschmack die Gr\u00f6sse und Farbe <em>Ihres<\/em> Tachyons, lassen Sie einfach ihr Bauchgef\u00fchl\u00a0entscheiden oder h\u00f6ren Sie auf Ihr Herz.<\/p>\n","protected":false},"excerpt":{"rendered":"<p><strong>Energetischer Raumschutz<\/strong><\/p>\n<p>Grundlage unserer\u00a0Energetisierung (Tachyonisierung) ist die\u00a0Nullpunktenergie bzw. Lebensenergie.\u00a0In den spirituellen Lehren kennt man diese raumerf\u00fcllende Kraft unter Akasha, Shakti, Prana (indisch), Chi (chinesisch), Ki (japanisch). Diese sogenannte Nullpunktenergie wird durch ein aufwendiges Ritual \/ Verfahren auf den Diamanten projiziert und dann ununterbrochen freigesetzt. So garantieren wir eine lebenslange Funktionsweise sowie\u00a0Freude an <em>Ihrem<\/em>\u00a0Glas-Diamanten!<\/p>\n","protected":false},"featured_media":821,"comment_status":"open","ping_status":"closed","template":"","meta":[],"product_cat":[146,27,33],"product_tag":[],"_links":{"self":[{"href":"https:\/\/shopforlife.ch\/index.php?rest_route=\/wp\/v2\/product\/841"}],"collection":[{"href":"https:\/\/shopforlife.ch\/index.php?rest_route=\/wp\/v2\/product"}],"about":[{"href":"https:\/\/shopforlife.ch\/index.php?rest_route=\/wp\/v2\/types\/product"}],"replies":[{"embeddable":true,"href":"https:\/\/shopforlife.ch\/index.php?rest_route=%2Fwp%2Fv2%2Fcomments&post=841"}],"wp:featuredmedia":[{"embeddable":true,"href":"https:\/\/shopforlife.ch\/index.php?rest_route=\/wp\/v2\/media\/821"}],"wp:attachment":[{"href":"https:\/\/shopforlife.ch\/index.php?rest_route=%2Fwp%2Fv2%2Fmedia&parent=841"}],"wp:term":[{"taxonomy":"product_cat","embeddable":true,"href":"https:\/\/shopforlife.ch\/index.php?rest_route=%2Fwp%2Fv2%2Fproduct_cat&post=841"},{"taxonomy":"product_tag","embeddable":true,"href":"https:\/\/shopforlife.ch\/index.php?rest_route=%2Fwp%2Fv2%2Fproduct_tag&post=841"}],"curies":[{"name":"wp","href":"https:\/\/api.w.org\/{rel}","templated":true}]}}