{"id":542,"date":"2016-10-02T16:25:56","date_gmt":"2016-10-02T16:25:56","guid":{"rendered":"https:\/\/shopforlife.ch\/?post_type=product&#038;p=542"},"modified":"2016-10-02T17:34:25","modified_gmt":"2016-10-02T17:34:25","slug":"lavendel-kokosnuss-bio-koerperlotion-240ml","status":"publish","type":"product","link":"https:\/\/shopforlife.ch\/?product=lavendel-kokosnuss-bio-koerperlotion-240ml","title":{"rendered":"Lavendel Kokosnuss Bio K\u00f6rperlotion 240ml"},"content":{"rendered":"<p><strong>Lavendel Kokosnuss Bio K\u00f6rperlotion<br \/>\n<\/strong><\/p>\n<p>Seidenweiche Haut<br \/>\nDurch die Kombination von biologischem Kokos\u00f6l mit mildem \u00e4therischem Lavendel\u00f6l entsteht ein beruhigend exotischer Duft. Die leichte und dennoch reichhaltige Lotion zieht schnell ein ohne zu fetten. Die Haut ist geschmeidig weich und ein wohliger<br \/>\nDuft \u00e4therischer \u00d6le umh\u00fcllt Sie den ganzen Tag.<br \/>\n<strong>Inhaltsstoffe:<\/strong><\/p>\n<p>Aqua, Cocos Nucifera Oil (Kokos\u00f6l*\u2021), Simmondsia Chinensis Seed Oil (Jojoba\u00f6l*), Alcohol*\u2021,\u00a0Persea Gratissima Oil (Avocado\u00f6l*\u2021), Cannabis Sativa Seed Oil (Hanf\u00f6l*), Lavandula Angustifolia Oil (Lavendel\u00f6l*), Quillaja Saponaria Wood Extract,* Xanthan Gum, Tocopherol (Vitamin E), Limonene\u25ca, Linalool\u25ca, Geraniol\u25ca, Coumarin\u25ca<\/p>\n<p>&nbsp;<\/p>\n<p>* aus kontrolliert biologischem Anbau<\/p>\n<p>\u2021 Fair Trade zertifiziert<\/p>\n<p>\u25ca aus nat\u00fcrlichen \u00e4therischen \u00d6len<br \/>\n<strong>Anwendung:<\/strong><\/p>\n<p>Nach dem Duschen, H\u00e4ndewaschen oder bei Bedarf gleichm\u00e4\u00dfig auf der Haut verteilen. Zieht schnell ein, hinterl\u00e4sst eine seidenweiche Haut und einen nat\u00fcrlichen Duft. Ohne chemische Duftstoffe. Die Lotion eignet sich hervorragend f\u00fcr die t\u00e4gliche Pflege trockener H\u00e4nde. Einen Pumpstoss je Hand gleichm\u00e4\u00dfig verteilen. Bio-Avocado\u00f6l ist reich an unges\u00e4ttigten Fetts\u00e4uren und sch\u00fctzt die H\u00e4nde vor dem Austrocknen. Das Bio-Jojoba\u00f6l beh\u00e4lt die Feuchtigkeit in der Haut. F\u00fcr gepflegte Haut und H\u00e4nde, den ganzen Tag.<\/p>\n","protected":false},"excerpt":{"rendered":"<p><strong>Lavendel Kokosnuss Bio K\u00f6rperlotion<\/strong><br \/>\nSeidenweiche Haut<br \/>\nDurch die Kombination von biologischem Kokos\u00f6l mit mildem \u00e4therischem Lavendel\u00f6l entsteht ein beruhigend exotischer Duft. Die leichte und dennoch reichhaltige Lotion zieht schnell ein ohne zu fetten. Die Haut ist geschmeidig weich und ein wohliger<br \/>\nDuft \u00e4therischer \u00d6le umh\u00fcllt Sie den ganzen Tag.<\/p>\n<p><img loading=\"lazy\" class=\"alignnone size-medium wp-image-556\" src=\"https:\/\/shopforlife.ch\/wp-content\/uploads\/2016\/10\/Dr.-Bronners-All-One-Esoterik-Schweiz-Shopforlife-300x47.png\" alt=\"dr-bronners-all-one-esoterik-schweiz-shopforlife\" width=\"300\" height=\"47\" srcset=\"https:\/\/shopforlife.ch\/wp-content\/uploads\/2016\/10\/Dr.-Bronners-All-One-Esoterik-Schweiz-Shopforlife-300x47.png 300w, https:\/\/shopforlife.ch\/wp-content\/uploads\/2016\/10\/Dr.-Bronners-All-One-Esoterik-Schweiz-Shopforlife-510x81.png 510w, https:\/\/shopforlife.ch\/wp-content\/uploads\/2016\/10\/Dr.-Bronners-All-One-Esoterik-Schweiz-Shopforlife-768x122.png 768w, https:\/\/shopforlife.ch\/wp-content\/uploads\/2016\/10\/Dr.-Bronners-All-One-Esoterik-Schweiz-Shopforlife.png 878w\" sizes=\"(max-width: 300px) 100vw, 300px\" \/><\/p>\n","protected":false},"featured_media":544,"comment_status":"open","ping_status":"closed","template":"","meta":[],"product_cat":[22,46],"product_tag":[],"_links":{"self":[{"href":"https:\/\/shopforlife.ch\/index.php?rest_route=\/wp\/v2\/product\/542"}],"collection":[{"href":"https:\/\/shopforlife.ch\/index.php?rest_route=\/wp\/v2\/product"}],"about":[{"href":"https:\/\/shopforlife.ch\/index.php?rest_route=\/wp\/v2\/types\/product"}],"replies":[{"embeddable":true,"href":"https:\/\/shopforlife.ch\/index.php?rest_route=%2Fwp%2Fv2%2Fcomments&post=542"}],"wp:featuredmedia":[{"embeddable":true,"href":"https:\/\/shopforlife.ch\/index.php?rest_route=\/wp\/v2\/media\/544"}],"wp:attachment":[{"href":"https:\/\/shopforlife.ch\/index.php?rest_route=%2Fwp%2Fv2%2Fmedia&parent=542"}],"wp:term":[{"taxonomy":"product_cat","embeddable":true,"href":"https:\/\/shopforlife.ch\/index.php?rest_route=%2Fwp%2Fv2%2Fproduct_cat&post=542"},{"taxonomy":"product_tag","embeddable":true,"href":"https:\/\/shopforlife.ch\/index.php?rest_route=%2Fwp%2Fv2%2Fproduct_tag&post=542"}],"curies":[{"name":"wp","href":"https:\/\/api.w.org\/{rel}","templated":true}]}}