{"id":537,"date":"2016-10-02T15:55:02","date_gmt":"2016-10-02T15:55:02","guid":{"rendered":"https:\/\/shopforlife.ch\/?post_type=product&#038;p=537"},"modified":"2020-03-06T20:39:51","modified_gmt":"2020-03-06T20:39:51","slug":"teebaum-sugar-soap-355ml","status":"publish","type":"product","link":"https:\/\/shopforlife.ch\/?product=teebaum-sugar-soap-355ml","title":{"rendered":"Teebaum Sugar Soap 355ml"},"content":{"rendered":"<p><strong>Teebaum Sugar Soap <\/strong><\/p>\n<p>Dr. Bronner\u2019s Bio Sugar Soap f\u00fcr H\u00e4nde, Gesicht, K\u00f6rper und Haar.<\/p>\n<p>Wusstest Du schon, dass Zucker eines der besten Pflegeprodukte f\u00fcr Deine Haut ist? Zucker sorgt als nat\u00fcrlicher Feuchtigkeitsspender daf\u00fcr, dass Feuchtigkeit von der Haut aufgenommen wird. Er gibt unserer Seife nicht nur die wunderbare Karamellfarbe und sein Aroma, sondern stellt auch sicher, dass unsere Haut gepflegt und weich ist. Wir verwenden Rohrzucker aus der Azucarera Paraguaya, einer Zuckerm\u00fchle in Paraguay, welcher Bio-und Fair Trade zertifiziert ist.<\/p>\n<p>Bio-Shikakai sorgt f\u00fcr zarten, reinigenden Schaum und wird in Indien schon seit Jahrtausenden als sanfte Pflege f\u00fcr Haar und K\u00f6rper verwendet. Shikakai wird aus den Samenkapseln des s\u00fcdasiatischen Baumes Acacia Concinna gewonnen und gilt als ayurvedisches Heilmittel.<br \/>\n<strong><br \/>\n<\/strong>Teebaum\u00f6l ist ein nat\u00fcrliches Antiseptikum, das die Heilung von Schnittwunden und Hauterkrankungen nat\u00fcrlich unterst\u00fctzt. F\u00fcr eine schonende, porentiefe Reinigung ohne Chemie.<\/p>\n<p>&nbsp;<\/p>\n<p><strong>Inhaltsstoffe:<\/strong><\/p>\n<p>Sucrose (Rohrzucker*\u2021), Vitis Vinifera Juice (Traubensaft*), Potassium Cocoate (Verseiftes\u00a0Kokos\u00f6l*\u2021), Potassium Palm Kernelate (Verseiftes Palmkern\u00f6l*\u2021), Potassium Olivate (Verseiftes Oliven\u00f6l*\u2021), Potassium Hempate (Verseiftes Hanf\u00f6l*), Potassium Jojobate (Verseiftes Jojoba\u00f6l*), Melaleuca Alternifolia Leaf Oil (Teebaum\u00f6l*), Glycerin,* Acacia Concinna Fruit Powder (Shikakaipulver*), Citric Acid (Zitronens\u00e4ure), Tocopherol (Vitamin E), Eugenol\u25ca, Limonene\u25ca, Linalool\u25ca<\/p>\n<p>&nbsp;<\/p>\n<p>* aus kontrolliert biologischem Anbau<\/p>\n<p>\u2021 Fair Trade zertifiziert<\/p>\n<p>\u25ca aus nat\u00fcrlichen \u00e4therischen \u00d6len<\/p>\n<p>&nbsp;<\/p>\n<p><strong>Anwendung:<br \/>\n<\/strong>Einen Pumpsto\u00df auf die Hand geben oder f\u00fcr ein gro\u00dfartiges Duscherlebnis auf der Haut verteilen, leicht aufsch\u00e4umen, den samtigen Schaum genie\u00dfen und anschlie\u00dfend gr\u00fcndlich absp\u00fclen. In warmem Wasser entfalten die nat\u00fcrlichen, \u00e4therischen \u00d6le ihre wohltuenden D\u00fcfte besonders gut.<\/p>\n","protected":false},"excerpt":{"rendered":"<p><strong>Teebaum Sugar Soap<\/strong><\/p>\n<p>Dr. Bronner\u2019s Bio Sugar Soap f\u00fcr H\u00e4nde, Gesicht, K\u00f6rper und Haar.<\/p>\n<p>Wusstest Du schon, dass Zucker eines der besten Pflegeprodukte f\u00fcr Deine Haut ist? Zucker sorgt als nat\u00fcrlicher Feuchtigkeitsspender daf\u00fcr, dass Feuchtigkeit von der Haut aufgenommen wird. Er gibt unserer Seife nicht nur die wunderbare Karamellfarbe und sein Aroma, sondern stellt auch sicher, dass unsere Haut gepflegt und weich ist. Wir verwenden Rohrzucker aus der Azucarera Paraguaya, einer Zuckerm\u00fchle in Paraguay, welcher Bio-und Fair Trade zertifiziert ist.<\/p>\n<p>Bio-Shikakai sorgt f\u00fcr zarten, reinigenden Schaum und wird in Indien schon seit Jahrtausenden als sanfte Pflege f\u00fcr Haar und K\u00f6rper verwendet. Shikakai wird aus den Samenkapseln des s\u00fcdasiatischen Baumes Acacia Concinna gewonnen und gilt als ayurvedisches Heilmittel.<\/p>\n<p>Teebaum\u00f6l ist ein nat\u00fcrliches Antiseptikum, das die Heilung von Schnittwunden und Hauterkrankungen nat\u00fcrlich unterst\u00fctzt. F\u00fcr eine schonende, porentiefe Reinigung ohne Chemie.<\/p>\n<p><img loading=\"lazy\" class=\"alignnone size-medium wp-image-556\" src=\"https:\/\/shopforlife.ch\/wp-content\/uploads\/2016\/10\/Dr.-Bronners-All-One-Esoterik-Schweiz-Shopforlife-300x47.png\" alt=\"dr-bronners-all-one-esoterik-schweiz-shopforlife\" width=\"300\" height=\"47\" srcset=\"https:\/\/shopforlife.ch\/wp-content\/uploads\/2016\/10\/Dr.-Bronners-All-One-Esoterik-Schweiz-Shopforlife-300x47.png 300w, https:\/\/shopforlife.ch\/wp-content\/uploads\/2016\/10\/Dr.-Bronners-All-One-Esoterik-Schweiz-Shopforlife-510x81.png 510w, https:\/\/shopforlife.ch\/wp-content\/uploads\/2016\/10\/Dr.-Bronners-All-One-Esoterik-Schweiz-Shopforlife-768x122.png 768w, https:\/\/shopforlife.ch\/wp-content\/uploads\/2016\/10\/Dr.-Bronners-All-One-Esoterik-Schweiz-Shopforlife.png 878w\" sizes=\"(max-width: 300px) 100vw, 300px\" \/><\/p>\n","protected":false},"featured_media":530,"comment_status":"open","ping_status":"closed","template":"","meta":[],"product_cat":[22,44],"product_tag":[],"_links":{"self":[{"href":"https:\/\/shopforlife.ch\/index.php?rest_route=\/wp\/v2\/product\/537"}],"collection":[{"href":"https:\/\/shopforlife.ch\/index.php?rest_route=\/wp\/v2\/product"}],"about":[{"href":"https:\/\/shopforlife.ch\/index.php?rest_route=\/wp\/v2\/types\/product"}],"replies":[{"embeddable":true,"href":"https:\/\/shopforlife.ch\/index.php?rest_route=%2Fwp%2Fv2%2Fcomments&post=537"}],"wp:featuredmedia":[{"embeddable":true,"href":"https:\/\/shopforlife.ch\/index.php?rest_route=\/wp\/v2\/media\/530"}],"wp:attachment":[{"href":"https:\/\/shopforlife.ch\/index.php?rest_route=%2Fwp%2Fv2%2Fmedia&parent=537"}],"wp:term":[{"taxonomy":"product_cat","embeddable":true,"href":"https:\/\/shopforlife.ch\/index.php?rest_route=%2Fwp%2Fv2%2Fproduct_cat&post=537"},{"taxonomy":"product_tag","embeddable":true,"href":"https:\/\/shopforlife.ch\/index.php?rest_route=%2Fwp%2Fv2%2Fproduct_tag&post=537"}],"curies":[{"name":"wp","href":"https:\/\/api.w.org\/{rel}","templated":true}]}}