{"id":517,"date":"2016-10-02T11:47:13","date_gmt":"2016-10-02T11:47:13","guid":{"rendered":"https:\/\/shopforlife.ch\/?post_type=product&#038;p=517"},"modified":"2019-07-29T15:37:55","modified_gmt":"2019-07-29T15:37:55","slug":"18-in-1-naturseife-teebaum","status":"publish","type":"product","link":"https:\/\/shopforlife.ch\/?product=18-in-1-naturseife-teebaum","title":{"rendered":"18-in-1 Naturseife Teebaum 475ml"},"content":{"rendered":"<p><strong>18-in-1 Naturseife Teebaum <\/strong><\/p>\n<p>Reine, nat\u00fcrliche Seife mit dem nat\u00fcrlichen Duft biologisch erzeugter, \u00e4therischer \u00d6le.<br \/>\nTeebaum\u00f6l ist ein nat\u00fcrliches Antiseptikum, das bei der Heilung von Schnittwunden und Prellungen sowie Hauterkrankungen wie Akne Dermatitis und Psoriasis hilft. F\u00fcr eine schonende, porentiefe Reinigung ohne Chemie.<br \/>\nDie Seifen enthalten keine synthetische Schaumbildner, Verdickungsmittel oder Konservierungsstoffe und sch\u00e4umen nur durch die spezielle Mischung nat\u00fcrlicher Zutaten, der eine 150 Jahre lange Erfahrung zugrunde liegt.<br \/>\nGut zu K\u00f6rper und Umwelt. Mit Dr. Bronner\u2019s k\u00f6nnen Sie jeden Tag einen kleinen Beitrag f\u00fcr die Welt leisten.<br \/>\n<strong>Inhaltsstoffe:<\/strong><\/p>\n<p>Aqua, Potassium Cocoate (Verseiftes Kokos\u00f6l*\u2021), Potassium Palm Kernelate (Verseiftes\u00a0Palmkern\u00f6l*\u2021), Potassium Olivate (Verseiftes Oliven\u00f6l*\u2021), Glycerin*, Melaleuca Alternifolia Leaf Oil (Teebaum\u00f6l*), Potassium Hempate (Verseiftes Hanf\u00f6l*), Potassium Jojobate (Verseiftes Jojoba\u00f6l*), Citric Acid (Zitronens\u00e4ure), Tocopherol (Vitamin E), Limonene\u25ca<\/p>\n<p>&nbsp;<\/p>\n<p>* Aus kontrolliert biologischem Anbau<\/p>\n<p>\u2021 Fair Trade zertifiziert<\/p>\n<p>\u25ca Aus nat\u00fcrlichen \u00e4therischen \u00d6len<\/p>\n<p><strong><br \/>\nAnwendung:<br \/>\n<\/strong>2-3 Tropfen auf die Hand geben, leicht aufsch\u00e4umen, den samtigen Schaum genie\u00dfen und anschlie\u00dfend gr\u00fcndlich absp\u00fclen.<\/p>\n<p>Als duftenden Badezusatz geben Sie zwei Essl\u00f6ffel des Produktes in die Badewanne. Einen Essl\u00f6ffel f\u00fcr ein warmes Fu\u00dfbad. Im warmen Wasser entfalten die nat\u00fcrlichen, \u00e4therischen \u00d6le noch mehr ihre wohltuenden D\u00fcfte. Die Fl\u00fcssigseifen bitte immer wieder gut verschlie\u00dfen!<\/p>\n","protected":false},"excerpt":{"rendered":"<p><strong>18-in-1 Naturseife Teebaum<\/strong><\/p>\n<p>Reine, nat\u00fcrliche Seife mit dem nat\u00fcrlichen Duft biologisch erzeugter, \u00e4therischer \u00d6le.<br \/>\nTeebaum\u00f6l ist ein nat\u00fcrliches Antiseptikum, das bei der Heilung von Schnittwunden und Prellungen sowie Hauterkrankungen wie Akne Dermatitis und Psoriasis hilft. F\u00fcr eine schonende, porentiefe Reinigung ohne Chemie.<br \/>\nDie Seifen enthalten keine synthetische Schaumbildner, Verdickungsmittel oder Konservierungsstoffe und sch\u00e4umen nur durch die spezielle Mischung nat\u00fcrlicher Zutaten, der eine 150 Jahre lange Erfahrung zugrunde liegt.<br \/>\nGut zu K\u00f6rper und Umwelt. Mit Dr. Bronner\u2019s k\u00f6nnen Sie jeden Tag einen kleinen Beitrag f\u00fcr die Welt leisten.<\/p>\n<p><img loading=\"lazy\" class=\"alignnone size-medium wp-image-556\" src=\"https:\/\/shopforlife.ch\/wp-content\/uploads\/2016\/10\/Dr.-Bronners-All-One-Esoterik-Schweiz-Shopforlife-300x47.png\" alt=\"dr-bronners-all-one-esoterik-schweiz-shopforlife\" width=\"300\" height=\"47\" srcset=\"https:\/\/shopforlife.ch\/wp-content\/uploads\/2016\/10\/Dr.-Bronners-All-One-Esoterik-Schweiz-Shopforlife-300x47.png 300w, https:\/\/shopforlife.ch\/wp-content\/uploads\/2016\/10\/Dr.-Bronners-All-One-Esoterik-Schweiz-Shopforlife-510x81.png 510w, https:\/\/shopforlife.ch\/wp-content\/uploads\/2016\/10\/Dr.-Bronners-All-One-Esoterik-Schweiz-Shopforlife-768x122.png 768w, https:\/\/shopforlife.ch\/wp-content\/uploads\/2016\/10\/Dr.-Bronners-All-One-Esoterik-Schweiz-Shopforlife.png 878w\" sizes=\"(max-width: 300px) 100vw, 300px\" \/><\/p>\n","protected":false},"featured_media":510,"comment_status":"open","ping_status":"closed","template":"","meta":[],"product_cat":[22,43],"product_tag":[],"_links":{"self":[{"href":"https:\/\/shopforlife.ch\/index.php?rest_route=\/wp\/v2\/product\/517"}],"collection":[{"href":"https:\/\/shopforlife.ch\/index.php?rest_route=\/wp\/v2\/product"}],"about":[{"href":"https:\/\/shopforlife.ch\/index.php?rest_route=\/wp\/v2\/types\/product"}],"replies":[{"embeddable":true,"href":"https:\/\/shopforlife.ch\/index.php?rest_route=%2Fwp%2Fv2%2Fcomments&post=517"}],"wp:featuredmedia":[{"embeddable":true,"href":"https:\/\/shopforlife.ch\/index.php?rest_route=\/wp\/v2\/media\/510"}],"wp:attachment":[{"href":"https:\/\/shopforlife.ch\/index.php?rest_route=%2Fwp%2Fv2%2Fmedia&parent=517"}],"wp:term":[{"taxonomy":"product_cat","embeddable":true,"href":"https:\/\/shopforlife.ch\/index.php?rest_route=%2Fwp%2Fv2%2Fproduct_cat&post=517"},{"taxonomy":"product_tag","embeddable":true,"href":"https:\/\/shopforlife.ch\/index.php?rest_route=%2Fwp%2Fv2%2Fproduct_tag&post=517"}],"curies":[{"name":"wp","href":"https:\/\/api.w.org\/{rel}","templated":true}]}}