{"id":505,"date":"2016-10-01T14:49:58","date_gmt":"2016-10-01T14:49:58","guid":{"rendered":"https:\/\/shopforlife.ch\/?post_type=product&#038;p=505"},"modified":"2016-10-02T17:14:07","modified_gmt":"2016-10-02T17:14:07","slug":"baby-mild-lippenbalsam","status":"publish","type":"product","link":"https:\/\/shopforlife.ch\/?product=baby-mild-lippenbalsam","title":{"rendered":"Baby-Mild Lippenbalsam"},"content":{"rendered":"<p><strong>Baby-Mild Lippenbalsam<br \/>\n<\/strong>Ein biologischer Balsam, der die Lippen auf nat\u00fcrliche Weise pflegt und regeneriert.<br \/>\nDie geschmacksneutrale Variante unseres biologischen Lippenbalsams, auf Basis von biologischen Bienenwachsen, bietet Schutz gegen die Elemente. Feinstes Bio-Jojoba\u00f6l in Kombination mit wertvollem Bio-Avocado- und Hanf\u00f6l wirkt besonders feuchtigkeitsspendend ohne zu fetten. F\u00fcr einen besonderen Schutz und Gl\u00e4tte sorgt Bio Bienenwachs. Besonders geeignet f\u00fcr die empfindliche Haut. 100% Pflege ohne Chemie.<\/p>\n<p>&nbsp;<br \/>\n<strong>Inhaltsstoffe:<\/strong><\/p>\n<p>Persea Gratissima Oil (Avocado\u00f6l*\u2021), Cera Flava (Bienenwachs*), Simmondsia Chinensis Seed<\/p>\n<p>Oil (Jojoba\u00f6l*), Cannabis Sativa Seed Oil (Hanf\u00f6l*), Tocopherol (Vitamin E)<\/p>\n<p>&nbsp;<\/p>\n<p>* Aus kontrolliert biologischem Anbau<\/p>\n<p>\u2021 Fair Trade zertifiziert<\/p>\n<p>&nbsp;<\/p>\n<p>&nbsp;<\/p>\n","protected":false},"excerpt":{"rendered":"<p><strong>Baby-Mild Lippenbalsam<\/strong><br \/>\nEin biologischer Balsam, der die Lippen auf nat\u00fcrliche Weise pflegt und regeneriert.<br \/>\nDie geschmacksneutrale Variante unseres biologischen Lippenbalsams, auf Basis von biologischen Bienenwachsen, bietet Schutz gegen die Elemente. Feinstes Bio-Jojoba\u00f6l in Kombination mit wertvollem Bio-Avocado- und Hanf\u00f6l wirkt besonders feuchtigkeitsspendend ohne zu fetten. F\u00fcr einen besonderen Schutz und Gl\u00e4tte sorgt Bio Bienenwachs. Besonders geeignet f\u00fcr die empfindliche Haut. 100% Pflege ohne Chemie.<\/p>\n<p>&nbsp;<\/p>\n","protected":false},"featured_media":447,"comment_status":"open","ping_status":"closed","template":"","meta":[],"product_cat":[22,41],"product_tag":[],"_links":{"self":[{"href":"https:\/\/shopforlife.ch\/index.php?rest_route=\/wp\/v2\/product\/505"}],"collection":[{"href":"https:\/\/shopforlife.ch\/index.php?rest_route=\/wp\/v2\/product"}],"about":[{"href":"https:\/\/shopforlife.ch\/index.php?rest_route=\/wp\/v2\/types\/product"}],"replies":[{"embeddable":true,"href":"https:\/\/shopforlife.ch\/index.php?rest_route=%2Fwp%2Fv2%2Fcomments&post=505"}],"wp:featuredmedia":[{"embeddable":true,"href":"https:\/\/shopforlife.ch\/index.php?rest_route=\/wp\/v2\/media\/447"}],"wp:attachment":[{"href":"https:\/\/shopforlife.ch\/index.php?rest_route=%2Fwp%2Fv2%2Fmedia&parent=505"}],"wp:term":[{"taxonomy":"product_cat","embeddable":true,"href":"https:\/\/shopforlife.ch\/index.php?rest_route=%2Fwp%2Fv2%2Fproduct_cat&post=505"},{"taxonomy":"product_tag","embeddable":true,"href":"https:\/\/shopforlife.ch\/index.php?rest_route=%2Fwp%2Fv2%2Fproduct_tag&post=505"}],"curies":[{"name":"wp","href":"https:\/\/api.w.org\/{rel}","templated":true}]}}