{"id":504,"date":"2016-10-01T14:48:44","date_gmt":"2016-10-01T14:48:44","guid":{"rendered":"https:\/\/shopforlife.ch\/?post_type=product&#038;p=504"},"modified":"2019-11-02T08:48:36","modified_gmt":"2019-11-02T08:48:36","slug":"orange-ingwer-lippenbalsam","status":"publish","type":"product","link":"https:\/\/shopforlife.ch\/?product=orange-ingwer-lippenbalsam","title":{"rendered":"Orange-Ingwer Lippenbalsam"},"content":{"rendered":"<p><strong>Orange-Ingwer Lippenbalsam<br \/>\n<\/strong>Ein biologischer Balsam, der die Lippen auf nat\u00fcrliche Weise pflegt und regeneriert.<br \/>\nMit frischer Orange und belebendem Ingwer bietet dieser biologische Lippenbalsam, auf Basis von biologischen Bienenwachsen, Schutz gegen die Elemente. Erleben Sie ein sanftes Prickeln auf den Lippen mit der fruchtig \u2013 w\u00fcrzigen Kombination von Bio-Ingwer\u00f6l und Bio-Orangen\u00f6l. Die stimulierende, erfrischende Wirkung des Ingwers und der aromatische Orangenduft bringen K\u00f6rper und Geist gleicherma\u00dfen in Schwung und hinterlassen ein angenehmes Gef\u00fchl von W\u00e4rme auf den Lippen. Mit biologischen Jojoba-, Avocado-, und Hanf\u00f6len f\u00fcr besondere Feuchtigkeit. 100% Pflege ohne Chemie.<\/p>\n<p>&nbsp;<\/p>\n<p><strong>Inhaltsstoffe:<\/strong><\/p>\n<p>Persea Gratissima Oil (Avocado\u00f6l*\u2021), Cera Flava (Bienenwachs*), Simmondsia Chinensis Seed<\/p>\n<p>Oil (Jojoba\u00f6l*), Cannabis Sativa Seed Oil (Hanf\u00f6l*), Citrus Aurantium Dulcis Peel Oil (S\u00fcssorangenschalen\u00f6l*), Zingiber Officinale Root Oil (Ingwer\u00f6l*), Tocopherol (Vitamin E), Limonene\u25ca, Linalool\u25ca, Citral\u25ca, Geraniol\u25ca<\/p>\n<p>&nbsp;<\/p>\n<p>* Aus kontrolliert biologischem Anbau<\/p>\n<p>\u2021 Fair Trade zertifiziert<\/p>\n<p>\u25ca Aus nat\u00fcrlichen \u00e4therischen \u00d6len<\/p>\n","protected":false},"excerpt":{"rendered":"<p><strong>Orange-Ingwer Lippenbalsam<\/strong><br \/>\nEin biologischer Balsam, der die Lippen auf nat\u00fcrliche Weise pflegt und regeneriert.<br \/>\nMit frischer Orange und belebendem Ingwer bietet dieser biologische Lippenbalsam, auf Basis von biologischen Bienenwachsen, Schutz gegen die Elemente. Erleben Sie ein sanftes Prickeln auf den Lippen mit der fruchtig \u2013 w\u00fcrzigen Kombination von Bio-Ingwer\u00f6l und Bio-Orangen\u00f6l. Die stimulierende, erfrischende Wirkung des Ingwers und der aromatische Orangenduft bringen K\u00f6rper und Geist gleicherma\u00dfen in Schwung und hinterlassen ein angenehmes Gef\u00fchl von W\u00e4rme auf den Lippen. Mit biologischen Jojoba-, Avocado-, und Hanf\u00f6len f\u00fcr besondere Feuchtigkeit. 100% Pflege ohne Chemie.<\/p>\n<p><img loading=\"lazy\" class=\"alignnone size-medium wp-image-556\" src=\"https:\/\/shopforlife.ch\/wp-content\/uploads\/2016\/10\/Dr.-Bronners-All-One-Esoterik-Schweiz-Shopforlife-300x47.png\" alt=\"dr-bronners-all-one-esoterik-schweiz-shopforlife\" width=\"300\" height=\"47\" srcset=\"https:\/\/shopforlife.ch\/wp-content\/uploads\/2016\/10\/Dr.-Bronners-All-One-Esoterik-Schweiz-Shopforlife-300x47.png 300w, https:\/\/shopforlife.ch\/wp-content\/uploads\/2016\/10\/Dr.-Bronners-All-One-Esoterik-Schweiz-Shopforlife-510x81.png 510w, https:\/\/shopforlife.ch\/wp-content\/uploads\/2016\/10\/Dr.-Bronners-All-One-Esoterik-Schweiz-Shopforlife-768x122.png 768w, https:\/\/shopforlife.ch\/wp-content\/uploads\/2016\/10\/Dr.-Bronners-All-One-Esoterik-Schweiz-Shopforlife.png 878w\" sizes=\"(max-width: 300px) 100vw, 300px\" \/><\/p>\n","protected":false},"featured_media":446,"comment_status":"open","ping_status":"closed","template":"","meta":[],"product_cat":[22,41],"product_tag":[],"_links":{"self":[{"href":"https:\/\/shopforlife.ch\/index.php?rest_route=\/wp\/v2\/product\/504"}],"collection":[{"href":"https:\/\/shopforlife.ch\/index.php?rest_route=\/wp\/v2\/product"}],"about":[{"href":"https:\/\/shopforlife.ch\/index.php?rest_route=\/wp\/v2\/types\/product"}],"replies":[{"embeddable":true,"href":"https:\/\/shopforlife.ch\/index.php?rest_route=%2Fwp%2Fv2%2Fcomments&post=504"}],"wp:featuredmedia":[{"embeddable":true,"href":"https:\/\/shopforlife.ch\/index.php?rest_route=\/wp\/v2\/media\/446"}],"wp:attachment":[{"href":"https:\/\/shopforlife.ch\/index.php?rest_route=%2Fwp%2Fv2%2Fmedia&parent=504"}],"wp:term":[{"taxonomy":"product_cat","embeddable":true,"href":"https:\/\/shopforlife.ch\/index.php?rest_route=%2Fwp%2Fv2%2Fproduct_cat&post=504"},{"taxonomy":"product_tag","embeddable":true,"href":"https:\/\/shopforlife.ch\/index.php?rest_route=%2Fwp%2Fv2%2Fproduct_tag&post=504"}],"curies":[{"name":"wp","href":"https:\/\/api.w.org\/{rel}","templated":true}]}}