{"id":502,"date":"2016-10-01T14:35:25","date_gmt":"2016-10-01T14:35:25","guid":{"rendered":"https:\/\/shopforlife.ch\/?post_type=product&#038;p=502"},"modified":"2016-10-02T17:11:40","modified_gmt":"2016-10-02T17:11:40","slug":"all-one-pfefferminze-reine-naturseife","status":"publish","type":"product","link":"https:\/\/shopforlife.ch\/?product=all-one-pfefferminze-reine-naturseife","title":{"rendered":"All-One Pfefferminze reine Naturseife 140g"},"content":{"rendered":"<p><strong>All-One Pfefferminze reine\u00a0<\/strong><strong>Naturseife<br \/>\n<\/strong>Nat\u00fcrliche St\u00fcckseife auf Pflanzen\u00f6lbasis mit dem energetischen Duft biologisch erzeugter, \u00e4therischer Pfefferminz\u00f6le. Dr. Bronner\u2018s Klassiker. \u00c4therische Pfefferminze macht den Kopf frei, steigert Vitalit\u00e4t und Klarheit. Der Frischekick f\u00fcr einen schwungvollen Start in den neuen Tag! Die Seifen enthalten keine synthetische Schaumbildner, Verdickungsmittel oder Konservierungsstoffe und sch\u00e4umen nur durch die spezielle Mischung nat\u00fcrlicher Zutaten, der eine 150 Jahre lange Erfahrung zugrunde liegt. Gut zu K\u00f6rper und Umwelt. Mit Dr. Bronner\u2019s k\u00f6nnen Sie jeden Tag einen kleinen Beitrag f\u00fcr die Welt leisten.<\/p>\n<p>&nbsp;<\/p>\n<p><strong>Inhaltsstoffe:<\/strong><\/p>\n<p>Sodium Cocoate (Verseiftes Kokos\u00f6l*\u2021), Sodium Palmate (Verseiftes Palm\u00f6l*\u2021), Aqua, Glycerin*, Mentha Arvensis Oil (Ackerminz\u00f6l), Sodium Olivate (Verseiftes Oliven\u00f6l*\u2021), Cannabis Sativa Seed Oil (Hanf\u00f6l*), Simmondsia Chinensis Seed Oil (Jojoba\u00f6l*), Mentha Piperita Oil (Pfefferminz\u00f6l), Sodium Chloride (Meersalz), Citric Acid (Zitronens\u00e4ure), Tocopherol (Vitamin E), Linalool\u25ca<\/p>\n<p>* Aus kontrolliert biologischem Anbau<\/p>\n<p>\u2021 Fair Trade zertifiziert<\/p>\n<p>\u25ca Aus nat\u00fcrlichen \u00e4therischen \u00d6len<\/p>\n<p>&nbsp;<\/p>\n<p><strong>Anwendung:<br \/>\n<\/strong>Mit wenig Wasser sanft aufsch\u00e4umen und gleichm\u00e4\u00dfig auf der Haut verteilen (Augen aussparen). Wertvolles Bio-Kokosnuss\u00f6l sorgt f\u00fcr einen nat\u00fcrlichen, seidigen Schaum und biologisches Jojoba\u00f6l verhindert durch seine pflegenden Eigenschaften das Austrocknen der Haut. Biologisches Palm\u00f6l gibt der Seife eine angenehme, feste Textur. Reinigt sanft und hinterl\u00e4sst einen nat\u00fcrlichen, subtilen Duft \u00e4therischer \u00d6le. Diese Seife k\u00f6nnen Sie mit auf die Wanderung nehmen und im See baden. Sie ist geeignet f\u00fcr Hand, Gesicht, K\u00f6rper und ist 100% biologisch abbaubar. Auf Ihre Haut kommt nichts, was nicht auch in die Natur darf.<\/p>\n","protected":false},"excerpt":{"rendered":"<p><strong>All-One Pfefferminze reine naturseife<\/strong><br \/>\nNat\u00fcrliche St\u00fcckseife auf Pflanzen\u00f6lbasis mit dem energetischen Duft biologisch erzeugter, \u00e4therischer Pfefferminz\u00f6le. Dr. Bronner\u2018s Klassiker. \u00c4therische Pfefferminze macht den Kopf frei, steigert Vitalit\u00e4t und Klarheit. Der Frischekick f\u00fcr einen schwungvollen Start in den neuen Tag! Die Seifen enthalten keine synthetische Schaumbildner, Verdickungsmittel oder Konservierungsstoffe und sch\u00e4umen nur durch die spezielle Mischung nat\u00fcrlicher Zutaten, der eine 150 Jahre lange Erfahrung zugrunde liegt. Gut zu K\u00f6rper und Umwelt. Mit Dr. Bronner\u2019s k\u00f6nnen Sie jeden Tag einen kleinen Beitrag f\u00fcr die Welt leisten.<\/p>\n<p><img loading=\"lazy\" class=\"alignnone size-medium wp-image-556\" src=\"https:\/\/shopforlife.ch\/wp-content\/uploads\/2016\/10\/Dr.-Bronners-All-One-Esoterik-Schweiz-Shopforlife-300x47.png\" alt=\"dr-bronners-all-one-esoterik-schweiz-shopforlife\" width=\"300\" height=\"47\" srcset=\"https:\/\/shopforlife.ch\/wp-content\/uploads\/2016\/10\/Dr.-Bronners-All-One-Esoterik-Schweiz-Shopforlife-300x47.png 300w, https:\/\/shopforlife.ch\/wp-content\/uploads\/2016\/10\/Dr.-Bronners-All-One-Esoterik-Schweiz-Shopforlife-510x81.png 510w, https:\/\/shopforlife.ch\/wp-content\/uploads\/2016\/10\/Dr.-Bronners-All-One-Esoterik-Schweiz-Shopforlife-768x122.png 768w, https:\/\/shopforlife.ch\/wp-content\/uploads\/2016\/10\/Dr.-Bronners-All-One-Esoterik-Schweiz-Shopforlife.png 878w\" sizes=\"(max-width: 300px) 100vw, 300px\" \/><\/p>\n","protected":false},"featured_media":490,"comment_status":"open","ping_status":"closed","template":"","meta":[],"product_cat":[22,42],"product_tag":[],"_links":{"self":[{"href":"https:\/\/shopforlife.ch\/index.php?rest_route=\/wp\/v2\/product\/502"}],"collection":[{"href":"https:\/\/shopforlife.ch\/index.php?rest_route=\/wp\/v2\/product"}],"about":[{"href":"https:\/\/shopforlife.ch\/index.php?rest_route=\/wp\/v2\/types\/product"}],"replies":[{"embeddable":true,"href":"https:\/\/shopforlife.ch\/index.php?rest_route=%2Fwp%2Fv2%2Fcomments&post=502"}],"wp:featuredmedia":[{"embeddable":true,"href":"https:\/\/shopforlife.ch\/index.php?rest_route=\/wp\/v2\/media\/490"}],"wp:attachment":[{"href":"https:\/\/shopforlife.ch\/index.php?rest_route=%2Fwp%2Fv2%2Fmedia&parent=502"}],"wp:term":[{"taxonomy":"product_cat","embeddable":true,"href":"https:\/\/shopforlife.ch\/index.php?rest_route=%2Fwp%2Fv2%2Fproduct_cat&post=502"},{"taxonomy":"product_tag","embeddable":true,"href":"https:\/\/shopforlife.ch\/index.php?rest_route=%2Fwp%2Fv2%2Fproduct_tag&post=502"}],"curies":[{"name":"wp","href":"https:\/\/api.w.org\/{rel}","templated":true}]}}