{"id":494,"date":"2016-10-01T13:58:24","date_gmt":"2016-10-01T13:58:24","guid":{"rendered":"https:\/\/shopforlife.ch\/?post_type=product&#038;p=494"},"modified":"2016-10-02T17:09:24","modified_gmt":"2016-10-02T17:09:24","slug":"all-one-teebaum-reine-naturseife-140g","status":"publish","type":"product","link":"https:\/\/shopforlife.ch\/?product=all-one-teebaum-reine-naturseife-140g","title":{"rendered":"All-One Teebaum reine Naturseife 140g"},"content":{"rendered":"<p><strong>All-One Teebaum reine Naturseife<\/strong><br \/>\nNat\u00fcrliche St\u00fcckseife auf Pflanzen\u00f6lbasis mit dem Duft biologisch erzeugten \u00e4therischen \u00d6ls.<br \/>\nTeebaum\u00f6l ist ein nat\u00fcrliches Antiseptikum, das bei der Heilung von Schnittwunden und Prellungen sowie Hauterkrankungen wie Akne Dermatitis und Psoriasis hilft. F\u00fcr eine schonende, porentiefe Reinigung ohne Chemie. Die Seifen enthalten keine synthetische Schaumbildner, Verdickungsmittel oder Konservierungsstoffe und sch\u00e4umen nur durch die spezielle Mischung nat\u00fcrlicher Zutaten, der eine 150 Jahre lange Erfahrung zugrunde liegt.<br \/>\nGut zu K\u00f6rper und Umwelt. Mit Dr. Bronner\u2019s k\u00f6nnen Sie jeden Tag einen kleinen Beitrag f\u00fcr die Welt leisten.<\/p>\n<p>&nbsp;<\/p>\n<p><strong>Inhaltsstoffe:<\/strong><\/p>\n<p>Sodium Cocoate (Verseiftes Kokos\u00f6l*\u2021), Sodium Palmate (Verseiftes Palm\u00f6l*\u2021), Aqua, Glycerin*, Melaleuca Alternifolia Leaf Oil (Teebaum\u00f6l*), Sodium Olivate (Verseiftes Oliven\u00f6l*\u2021), Cannabis Sativa Seed Oil (Hanf\u00f6l*), Simmondsia Chinensis Seed Oil (Jojoba\u00f6l*), Sodium Chloride (Meersalz), Citric Acid (Zitronens\u00e4ure), Tocopherol (Vitamin E), Limonene\u25ca<\/p>\n<p>* Aus kontrolliert biologischem Anbau<\/p>\n<p>\u2021 Fair Trade zertifiziert<\/p>\n<p>\u25ca Aus nat\u00fcrlichen \u00e4therischen \u00d6len<\/p>\n<p>&nbsp;<\/p>\n<p><strong>Anwendung:<br \/>\n<\/strong>Mit wenig Wasser sanft aufsch\u00e4umen und gleichm\u00e4\u00dfig auf der Haut verteilen (Augen aussparen). Wertvolles Bio-Kokosnuss\u00f6l sorgt f\u00fcr einen nat\u00fcrlichen, seidigen Schaum und biologisches Jojoba\u00f6l verhindert durch seine pflegenden Eigenschaften das Austrocknen der Haut. Biologisches Palm\u00f6l gibt der Seife eine angenehme, feste Textur. Reinigt sanft und hinterl\u00e4sst einen nat\u00fcrlichen, subtilen Duft \u00e4therischer \u00d6le. Diese Seife k\u00f6nnen Sie mit auf die Wanderung nehmen und im See baden. Sie ist geeignet f\u00fcr Hand, Gesicht, K\u00f6rper und ist 100% biologisch abbaubar. Auf Ihre Haut kommt nichts, was nicht auch in die Natur darf.<\/p>\n","protected":false},"excerpt":{"rendered":"<p><strong>All-One Teebaum reine Naturseife<\/strong><br \/>\nNat\u00fcrliche St\u00fcckseife auf Pflanzen\u00f6lbasis mit dem Duft biologisch erzeugten \u00e4therischen \u00d6ls.<br \/>\nTeebaum\u00f6l ist ein nat\u00fcrliches Antiseptikum, das bei der Heilung von Schnittwunden und Prellungen sowie Hauterkrankungen wie Akne Dermatitis und Psoriasis hilft. F\u00fcr eine schonende, porentiefe Reinigung ohne Chemie. Die Seifen enthalten keine synthetische Schaumbildner, Verdickungsmittel oder Konservierungsstoffe und sch\u00e4umen nur durch die spezielle Mischung nat\u00fcrlicher Zutaten, der eine 150 Jahre lange Erfahrung zugrunde liegt.<br \/>\nGut zu K\u00f6rper und Umwelt. Mit Dr. Bronner\u2019s k\u00f6nnen Sie jeden Tag einen kleinen Beitrag f\u00fcr die Welt leisten.<\/p>\n<p><img loading=\"lazy\" class=\"alignnone size-medium wp-image-556\" src=\"https:\/\/shopforlife.ch\/wp-content\/uploads\/2016\/10\/Dr.-Bronners-All-One-Esoterik-Schweiz-Shopforlife-300x47.png\" alt=\"dr-bronners-all-one-esoterik-schweiz-shopforlife\" width=\"300\" height=\"47\" srcset=\"https:\/\/shopforlife.ch\/wp-content\/uploads\/2016\/10\/Dr.-Bronners-All-One-Esoterik-Schweiz-Shopforlife-300x47.png 300w, https:\/\/shopforlife.ch\/wp-content\/uploads\/2016\/10\/Dr.-Bronners-All-One-Esoterik-Schweiz-Shopforlife-510x81.png 510w, https:\/\/shopforlife.ch\/wp-content\/uploads\/2016\/10\/Dr.-Bronners-All-One-Esoterik-Schweiz-Shopforlife-768x122.png 768w, https:\/\/shopforlife.ch\/wp-content\/uploads\/2016\/10\/Dr.-Bronners-All-One-Esoterik-Schweiz-Shopforlife.png 878w\" sizes=\"(max-width: 300px) 100vw, 300px\" \/><\/p>\n","protected":false},"featured_media":492,"comment_status":"open","ping_status":"closed","template":"","meta":[],"product_cat":[22,42],"product_tag":[],"_links":{"self":[{"href":"https:\/\/shopforlife.ch\/index.php?rest_route=\/wp\/v2\/product\/494"}],"collection":[{"href":"https:\/\/shopforlife.ch\/index.php?rest_route=\/wp\/v2\/product"}],"about":[{"href":"https:\/\/shopforlife.ch\/index.php?rest_route=\/wp\/v2\/types\/product"}],"replies":[{"embeddable":true,"href":"https:\/\/shopforlife.ch\/index.php?rest_route=%2Fwp%2Fv2%2Fcomments&post=494"}],"wp:featuredmedia":[{"embeddable":true,"href":"https:\/\/shopforlife.ch\/index.php?rest_route=\/wp\/v2\/media\/492"}],"wp:attachment":[{"href":"https:\/\/shopforlife.ch\/index.php?rest_route=%2Fwp%2Fv2%2Fmedia&parent=494"}],"wp:term":[{"taxonomy":"product_cat","embeddable":true,"href":"https:\/\/shopforlife.ch\/index.php?rest_route=%2Fwp%2Fv2%2Fproduct_cat&post=494"},{"taxonomy":"product_tag","embeddable":true,"href":"https:\/\/shopforlife.ch\/index.php?rest_route=%2Fwp%2Fv2%2Fproduct_tag&post=494"}],"curies":[{"name":"wp","href":"https:\/\/api.w.org\/{rel}","templated":true}]}}