{"id":3476,"date":"2020-04-19T12:13:35","date_gmt":"2020-04-19T12:13:35","guid":{"rendered":"https:\/\/shopforlife.ch\/?post_type=product&#038;p=3476"},"modified":"2020-04-19T12:13:35","modified_gmt":"2020-04-19T12:13:35","slug":"diolin-kalk-ex","status":"publish","type":"product","link":"https:\/\/shopforlife.ch\/?product=diolin-kalk-ex","title":{"rendered":"Diolin Kalk-Ex"},"content":{"rendered":"<p>Befreit dank seines haftenden Aktiv-Schaums Armaturen und Oberfl\u00e4chen in der K\u00fcche und im Bad schnell und einfach von Kalk. Zur gelegentlichen Anwendung geeignet.<\/p>\n<p>&nbsp;<\/p>\n<h2>Anwendungsempfehlungen<\/h2>\n<ul>\n<li>Vor Gebrauch sch\u00fctteln.<\/li>\n<li>Direkt auf die zu reinigenden Oberfl\u00e4chen spr\u00fchen, einige Minuten einwirken lassen, danach mit Wasser absp\u00fchlen oder feucht nachwischen.<\/li>\n<li>Bei Zimmertemperatur (12\u201318 \u00b0C) dunkel lagern.<\/li>\n<\/ul>\n<p>&nbsp;<\/p>\n<h3>Besondere Hinweise<\/h3>\n<ul>\n<li><strong>Anwendungsbereiche:<\/strong> Sp\u00fclbecken, Wasserhahn, Dusche, Kacheln, Badewanne, Waschbecken, Lavabos und Armaturen. Nicht anwenden auf: Marmor, kalkhaltigem Material, Naturstein und besch\u00e4digten oder heissen Oberfl\u00e4chen.<\/li>\n<li><strong>Inhaltsstoffe:<\/strong> Zitronens\u00e4ure, Sulfonamids\u00e4ure, EM Keramik und EM-1.<\/li>\n<li>pH-Wert: 0.4<\/li>\n<\/ul>\n","protected":false},"excerpt":{"rendered":"<p>Befreit dank seines haftenden Aktiv-Schaums Armaturen und Oberfl\u00e4chen in der K\u00fcche und im Bad schnell und einfach von Kalk. Zur gelegentlichen Anwendung geeignet.<\/p>\n","protected":false},"featured_media":3477,"comment_status":"open","ping_status":"closed","template":"","meta":[],"product_cat":[179,143],"product_tag":[],"_links":{"self":[{"href":"https:\/\/shopforlife.ch\/index.php?rest_route=\/wp\/v2\/product\/3476"}],"collection":[{"href":"https:\/\/shopforlife.ch\/index.php?rest_route=\/wp\/v2\/product"}],"about":[{"href":"https:\/\/shopforlife.ch\/index.php?rest_route=\/wp\/v2\/types\/product"}],"replies":[{"embeddable":true,"href":"https:\/\/shopforlife.ch\/index.php?rest_route=%2Fwp%2Fv2%2Fcomments&post=3476"}],"wp:featuredmedia":[{"embeddable":true,"href":"https:\/\/shopforlife.ch\/index.php?rest_route=\/wp\/v2\/media\/3477"}],"wp:attachment":[{"href":"https:\/\/shopforlife.ch\/index.php?rest_route=%2Fwp%2Fv2%2Fmedia&parent=3476"}],"wp:term":[{"taxonomy":"product_cat","embeddable":true,"href":"https:\/\/shopforlife.ch\/index.php?rest_route=%2Fwp%2Fv2%2Fproduct_cat&post=3476"},{"taxonomy":"product_tag","embeddable":true,"href":"https:\/\/shopforlife.ch\/index.php?rest_route=%2Fwp%2Fv2%2Fproduct_tag&post=3476"}],"curies":[{"name":"wp","href":"https:\/\/api.w.org\/{rel}","templated":true}]}}