{"id":3470,"date":"2020-04-19T12:10:24","date_gmt":"2020-04-19T12:10:24","guid":{"rendered":"https:\/\/shopforlife.ch\/?post_type=product&#038;p=3470"},"modified":"2020-04-19T12:10:24","modified_gmt":"2020-04-19T12:10:24","slug":"em-glasreiniger","status":"publish","type":"product","link":"https:\/\/shopforlife.ch\/?product=em-glasreiniger","title":{"rendered":"EM Glasreiniger"},"content":{"rendered":"<p>S\u00e4ubert transparente Oberfl\u00e4chen glasklar und l\u00e4sst selbst Edelstahl streifenfrei gl\u00e4nzen. Der leistungsstarke Reiniger haftet am Schmutz problemlos und l\u00f6st und beseitigt selbst hartn\u00e4ckige Flecken. Er wirkt hygienisch rein auf allen glatten Fl\u00e4chen, ohne biozide R\u00fcckst\u00e4nde. Zur h\u00e4ufigen Anwendung geeignet.<\/p>\n<p>&nbsp;<\/p>\n<h2>Anwendungsempfehlungen<\/h2>\n<ul>\n<li>Vor Gebrauch sch\u00fctteln.<\/li>\n<li>Direkt auf die zu reinigenden Oberfl\u00e4chen spr\u00fchen und einfach mit einem trockenen Tuch abwischen. Nachwischen ist nicht notwendig!<\/li>\n<li>Bei lackierten Fl\u00e4chen und elektronischen Ger\u00e4ten den Reiniger auf ein feuchtes Tuch aufspr\u00fchen und die zu reinigende Fl\u00e4che damit abwischen.<\/li>\n<li>Bei Zimmertemperatur (12\u201318 \u00b0C) dunkel lagern.<\/li>\n<\/ul>\n<p>&nbsp;<\/p>\n<h3>Besondere Hinweise<\/h3>\n<ul>\n<li>Anwendungsbereiche: Glas, Spiegel, Windschutzscheiben, Edelstahloberfl\u00e4chen (Kochfeld, Sp\u00fclbecken, K\u00fchlschrank), Keramik, Fenster, K\u00fcchenger\u00e4te, Herde, TV- und PC-Bildschir-me (Ausnahme: Flachbildschirme). Auch f\u00fcr die Scheibenwa-schanlage beim Auto geeignet (in den Tank einf\u00fcllen). Frost- sicher. Nicht anwenden auf: eloxiertem Aluminium.<\/li>\n<li>Inhaltsstoffe: Anionische Tenside, weniger als 0.5% Ammoniak, Isopropylalkohol und EM-1<\/li>\n<li>pH-Wert: 10.0<\/li>\n<\/ul>\n","protected":false},"excerpt":{"rendered":"<p>Reiniger, speziell f\u00fcr Glas und glatte Oberl\u00e4chen.<\/p>\n","protected":false},"featured_media":3471,"comment_status":"open","ping_status":"closed","template":"","meta":[],"product_cat":[179,147,143],"product_tag":[],"_links":{"self":[{"href":"https:\/\/shopforlife.ch\/index.php?rest_route=\/wp\/v2\/product\/3470"}],"collection":[{"href":"https:\/\/shopforlife.ch\/index.php?rest_route=\/wp\/v2\/product"}],"about":[{"href":"https:\/\/shopforlife.ch\/index.php?rest_route=\/wp\/v2\/types\/product"}],"replies":[{"embeddable":true,"href":"https:\/\/shopforlife.ch\/index.php?rest_route=%2Fwp%2Fv2%2Fcomments&post=3470"}],"wp:featuredmedia":[{"embeddable":true,"href":"https:\/\/shopforlife.ch\/index.php?rest_route=\/wp\/v2\/media\/3471"}],"wp:attachment":[{"href":"https:\/\/shopforlife.ch\/index.php?rest_route=%2Fwp%2Fv2%2Fmedia&parent=3470"}],"wp:term":[{"taxonomy":"product_cat","embeddable":true,"href":"https:\/\/shopforlife.ch\/index.php?rest_route=%2Fwp%2Fv2%2Fproduct_cat&post=3470"},{"taxonomy":"product_tag","embeddable":true,"href":"https:\/\/shopforlife.ch\/index.php?rest_route=%2Fwp%2Fv2%2Fproduct_tag&post=3470"}],"curies":[{"name":"wp","href":"https:\/\/api.w.org\/{rel}","templated":true}]}}