{"id":3468,"date":"2020-04-19T12:02:50","date_gmt":"2020-04-19T12:02:50","guid":{"rendered":"https:\/\/shopforlife.ch\/?post_type=product&#038;p=3468"},"modified":"2020-04-19T12:02:50","modified_gmt":"2020-04-19T12:02:50","slug":"diolin-allzweckreiniger","status":"publish","type":"product","link":"https:\/\/shopforlife.ch\/?product=diolin-allzweckreiniger","title":{"rendered":"Diolin Allzweckreiniger"},"content":{"rendered":"<p>Entfettet und wirkt hygienisch rein auf allen abwaschbaren Oberfl\u00e4chen. Mit erfrischendem Ozeanduft. Zur h\u00e4ufigen Anwendung geeignet.<\/p>\n<p>&nbsp;<\/p>\n<h2>Anwendungsempfehlungen<\/h2>\n<ul>\n<li>Konzentrat. Je nach Verschmutzungsgrad 1\u20132 Verschlusskappen auf 5 l Wasser geben.<\/li>\n<li>Bei starker Verschmutzung unverd\u00fcnnt anwenden und danach mit Wasser absp\u00fclen oder feucht nachwischen.<\/li>\n<li>Bei Zimmertemperatur (12\u201318 \u00b0C) dunkel lagern.<\/li>\n<\/ul>\n<p>&nbsp;<\/p>\n<h3>Besondere Hinweise<\/h3>\n<ul>\n<li>Anwendungsbereiche: Alle abwaschbaren Oberfl\u00e4chen und B\u00f6den.<\/li>\n<li>Inhaltsstoffe: Ionische und anionische Tenside, Zitonens\u00e4ure, Natrium-Hydroxid, Aromastoff, EM Keramik und EM-1.<\/li>\n<li>pH-Wert: 7.5 (neutral)<\/li>\n<\/ul>\n","protected":false},"excerpt":{"rendered":"<p>Reiniger f\u00fcr alle abwaschbaren Oberfl\u00e4chen und B\u00f6den.<\/p>\n","protected":false},"featured_media":3469,"comment_status":"open","ping_status":"closed","template":"","meta":[],"product_cat":[179,147,143],"product_tag":[],"_links":{"self":[{"href":"https:\/\/shopforlife.ch\/index.php?rest_route=\/wp\/v2\/product\/3468"}],"collection":[{"href":"https:\/\/shopforlife.ch\/index.php?rest_route=\/wp\/v2\/product"}],"about":[{"href":"https:\/\/shopforlife.ch\/index.php?rest_route=\/wp\/v2\/types\/product"}],"replies":[{"embeddable":true,"href":"https:\/\/shopforlife.ch\/index.php?rest_route=%2Fwp%2Fv2%2Fcomments&post=3468"}],"wp:featuredmedia":[{"embeddable":true,"href":"https:\/\/shopforlife.ch\/index.php?rest_route=\/wp\/v2\/media\/3469"}],"wp:attachment":[{"href":"https:\/\/shopforlife.ch\/index.php?rest_route=%2Fwp%2Fv2%2Fmedia&parent=3468"}],"wp:term":[{"taxonomy":"product_cat","embeddable":true,"href":"https:\/\/shopforlife.ch\/index.php?rest_route=%2Fwp%2Fv2%2Fproduct_cat&post=3468"},{"taxonomy":"product_tag","embeddable":true,"href":"https:\/\/shopforlife.ch\/index.php?rest_route=%2Fwp%2Fv2%2Fproduct_tag&post=3468"}],"curies":[{"name":"wp","href":"https:\/\/api.w.org\/{rel}","templated":true}]}}