{"id":3462,"date":"2020-04-19T12:00:39","date_gmt":"2020-04-19T12:00:39","guid":{"rendered":"https:\/\/shopforlife.ch\/?post_type=product&#038;p=3462"},"modified":"2020-04-19T12:00:39","modified_gmt":"2020-04-19T12:00:39","slug":"diolin-floorsoap","status":"publish","type":"product","link":"https:\/\/shopforlife.ch\/?product=diolin-floorsoap","title":{"rendered":"Diolin Floorsoap"},"content":{"rendered":"<p>Reinigt schonend und pflegt nachhaltig alle ge\u00f6lten Holz-oberfl\u00e4chen durch Nachfetten. Dank ausgew\u00e4hlten Naturprodukten erhalten die Oberfl\u00e4chen ihre nat\u00fcrliche Frische zur\u00fcck. Zur h\u00e4ufigen Anwendung geeignet.<\/p>\n<p>&nbsp;<\/p>\n<h2>Anwendungsempfehlungen<\/h2>\n<ul>\n<li>Konzentrat. Je nach Verschmutzungsgrad 1-2 Verschlusskappen auf 5 l Wasser geben und die Holzoberfl\u00e4che wie gewohnt mit der B\u00fcrste oder dem Lappen reinigen.<\/li>\n<li>Bei Zimmertemperatur (12\u201318 \u00b0C) dunkel lagern.<\/li>\n<\/ul>\n<p>&nbsp;<\/p>\n<h3>Besondere Hinweise<\/h3>\n<ul>\n<li>Anwendungsbereiche: Alle ge\u00f6lten Holzb\u00f6den und -objekte, Parkettb\u00f6den und Natur-Steinb\u00f6den.<\/li>\n<li>Inhaltsstoffe: Seifen aus Kokos- und Lein\u00f6l, EM Keramik und EM-1<\/li>\n<li>pH-Wert: 9.0<\/li>\n<\/ul>\n","protected":false},"excerpt":{"rendered":"<p>Reiniger f\u00fcr Holz- und Natur-Steinb\u00f6den und ge\u00f6lte Holzoberfl\u00e4chen.<\/p>\n","protected":false},"featured_media":3464,"comment_status":"open","ping_status":"closed","template":"","meta":[],"product_cat":[179,143],"product_tag":[],"_links":{"self":[{"href":"https:\/\/shopforlife.ch\/index.php?rest_route=\/wp\/v2\/product\/3462"}],"collection":[{"href":"https:\/\/shopforlife.ch\/index.php?rest_route=\/wp\/v2\/product"}],"about":[{"href":"https:\/\/shopforlife.ch\/index.php?rest_route=\/wp\/v2\/types\/product"}],"replies":[{"embeddable":true,"href":"https:\/\/shopforlife.ch\/index.php?rest_route=%2Fwp%2Fv2%2Fcomments&post=3462"}],"wp:featuredmedia":[{"embeddable":true,"href":"https:\/\/shopforlife.ch\/index.php?rest_route=\/wp\/v2\/media\/3464"}],"wp:attachment":[{"href":"https:\/\/shopforlife.ch\/index.php?rest_route=%2Fwp%2Fv2%2Fmedia&parent=3462"}],"wp:term":[{"taxonomy":"product_cat","embeddable":true,"href":"https:\/\/shopforlife.ch\/index.php?rest_route=%2Fwp%2Fv2%2Fproduct_cat&post=3462"},{"taxonomy":"product_tag","embeddable":true,"href":"https:\/\/shopforlife.ch\/index.php?rest_route=%2Fwp%2Fv2%2Fproduct_tag&post=3462"}],"curies":[{"name":"wp","href":"https:\/\/api.w.org\/{rel}","templated":true}]}}