{"id":3454,"date":"2020-04-19T10:03:05","date_gmt":"2020-04-19T10:03:05","guid":{"rendered":"https:\/\/shopforlife.ch\/?post_type=product&#038;p=3454"},"modified":"2020-04-19T10:06:16","modified_gmt":"2020-04-19T10:06:16","slug":"diolin-multiclean","status":"publish","type":"product","link":"https:\/\/shopforlife.ch\/?product=diolin-multiclean","title":{"rendered":"Diolin Multiclean"},"content":{"rendered":"<p>Dieser Reiniger entfernt hochwirksam und nachhaltig u. a. Schimmel, Algen, Fette, Russ, Nikotin usw. Ausserdem auch speziell f\u00fcr die Reinigung von Holz-Fassaden im Aussenbereich oder zur Benutzung mit dem Hochdruck- und Bodenreiniger geeignet.<\/p>\n<p>&nbsp;<\/p>\n<h2>Anwendungsempfehlungen<\/h2>\n<ul>\n<li>Vor Gebrauch sch\u00fctteln.<\/li>\n<li>Direkt auf die zu reinigenden Oberfl\u00e4chen aufspr\u00fchen oder mit einem Schwamm auftragen und verteilen, max. 5 Minuten einwirken lassen.<\/li>\n<li>Bei starker Verschmutzung mit einer B\u00fcrste oder einem Schwamm kr\u00e4ftig reinigen, danach gr\u00fcndlich mit Wasser nachsp\u00fclen, ev. mit einem trockenen Tuch nachpolieren.<\/li>\n<li>Bei Zimmertemperatur (12\u201318 \u00b0C) dunkel lagern.<\/li>\n<\/ul>\n<p>&nbsp;<\/p>\n<h3>Besondere Hinweise<\/h3>\n<ul>\n<li>Hinweise zum Hochkonzentrat: 1:10\u20131:400 verd\u00fcnnen, je nach Verschmutzung. Wichtig! Zuerst Wasser einf\u00fcllen, dann erst das Konzentrat einfliessen lassen.<\/li>\n<li>Anwendungsbereiche: Fassaden, Aussenm\u00f6bel, Maschinen und Motoren, Sp\u00fclbecken, Wasserhahn, Herdplatten, Abzugshauben, Fensterl\u00e4den, Jalousien, L\u00fcftungsgitter und K\u00fcchenvorrichtungen. Nicht anwenden auf: Marmor, kalkhaltigem Material, Naturstein, verzinktem Metall, Aluminium, Email, dekoriertem Steingut, besch\u00e4digten, lackierten oder heissen Oberfl\u00e4chen.<\/li>\n<li>Inhaltsstoffe: Natriumhydroxid, ethoxylierte Fettalkohole, Tenside, Wasser, EM Keramik und EM-1<\/li>\n<li>pH-Wert: 12.0-13.0<\/li>\n<\/ul>\n","protected":false},"excerpt":{"rendered":"<p>Reiniger, speziell f\u00fcr starke Verschmutzungen, auch im Aussenbereich.<\/p>\n","protected":false},"featured_media":3455,"comment_status":"open","ping_status":"closed","template":"","meta":[],"product_cat":[179,143],"product_tag":[],"_links":{"self":[{"href":"https:\/\/shopforlife.ch\/index.php?rest_route=\/wp\/v2\/product\/3454"}],"collection":[{"href":"https:\/\/shopforlife.ch\/index.php?rest_route=\/wp\/v2\/product"}],"about":[{"href":"https:\/\/shopforlife.ch\/index.php?rest_route=\/wp\/v2\/types\/product"}],"replies":[{"embeddable":true,"href":"https:\/\/shopforlife.ch\/index.php?rest_route=%2Fwp%2Fv2%2Fcomments&post=3454"}],"wp:featuredmedia":[{"embeddable":true,"href":"https:\/\/shopforlife.ch\/index.php?rest_route=\/wp\/v2\/media\/3455"}],"wp:attachment":[{"href":"https:\/\/shopforlife.ch\/index.php?rest_route=%2Fwp%2Fv2%2Fmedia&parent=3454"}],"wp:term":[{"taxonomy":"product_cat","embeddable":true,"href":"https:\/\/shopforlife.ch\/index.php?rest_route=%2Fwp%2Fv2%2Fproduct_cat&post=3454"},{"taxonomy":"product_tag","embeddable":true,"href":"https:\/\/shopforlife.ch\/index.php?rest_route=%2Fwp%2Fv2%2Fproduct_tag&post=3454"}],"curies":[{"name":"wp","href":"https:\/\/api.w.org\/{rel}","templated":true}]}}