{"id":3452,"date":"2020-04-19T09:57:49","date_gmt":"2020-04-19T09:57:49","guid":{"rendered":"https:\/\/shopforlife.ch\/?post_type=product&#038;p=3452"},"modified":"2020-04-19T09:57:50","modified_gmt":"2020-04-19T09:57:50","slug":"diolin-putzstein","status":"publish","type":"product","link":"https:\/\/shopforlife.ch\/?product=diolin-putzstein","title":{"rendered":"Diolin Putzstein"},"content":{"rendered":"<p>Der Putzstein reinigt verschmutzte, glatte Oberfl\u00e4chen. Die Kalk- und Fettl\u00f6sekraft wird durch EM aktiviert. Der Putzstein reinigt, pflegt, poliert und konserviert in einem Arbeitsgang.<\/p>\n<p>&nbsp;<\/p>\n<h2>Anwendungsempfehlungen<\/h2>\n<ul>\n<li>Angefeuchteter Schwamm auf Putzstein reiben. Danach die verschmutzte Fl\u00e4che reinigen und mit sauberem Wasser absp\u00fclen. Schwamm in der Dose aufbewahren und diese nach Gebrauch gut verschliessen.<\/li>\n<li>Bei Zimmertemperatur (12\u201318 \u00b0C) dunkel lagern.<\/li>\n<\/ul>\n<p>&nbsp;<\/p>\n<h3>Besondere Hinweise<\/h3>\n<ul>\n<li>Anwendungsbereiche: F\u00fcr alle glatten Oberfl\u00e4chen. Nicht anwenden auf: lackierten und empfindlichen Oberfl\u00e4chen.<\/li>\n<li>Inhaltsstoffe: EM-1, weniger als 5% anionische Tenside, nicht-ionische Tenside, amphotere Tenside und Duftstoffe.<\/li>\n<\/ul>\n<p>&nbsp;<\/p>\n","protected":false},"excerpt":{"rendered":"<p>Der Putzstein reinigt verschmutzte, glatte Oberfl\u00e4chen. Putzstein mit Schwamm.<\/p>\n","protected":false},"featured_media":3453,"comment_status":"open","ping_status":"closed","template":"","meta":[],"product_cat":[179,143],"product_tag":[],"_links":{"self":[{"href":"https:\/\/shopforlife.ch\/index.php?rest_route=\/wp\/v2\/product\/3452"}],"collection":[{"href":"https:\/\/shopforlife.ch\/index.php?rest_route=\/wp\/v2\/product"}],"about":[{"href":"https:\/\/shopforlife.ch\/index.php?rest_route=\/wp\/v2\/types\/product"}],"replies":[{"embeddable":true,"href":"https:\/\/shopforlife.ch\/index.php?rest_route=%2Fwp%2Fv2%2Fcomments&post=3452"}],"wp:featuredmedia":[{"embeddable":true,"href":"https:\/\/shopforlife.ch\/index.php?rest_route=\/wp\/v2\/media\/3453"}],"wp:attachment":[{"href":"https:\/\/shopforlife.ch\/index.php?rest_route=%2Fwp%2Fv2%2Fmedia&parent=3452"}],"wp:term":[{"taxonomy":"product_cat","embeddable":true,"href":"https:\/\/shopforlife.ch\/index.php?rest_route=%2Fwp%2Fv2%2Fproduct_cat&post=3452"},{"taxonomy":"product_tag","embeddable":true,"href":"https:\/\/shopforlife.ch\/index.php?rest_route=%2Fwp%2Fv2%2Fproduct_tag&post=3452"}],"curies":[{"name":"wp","href":"https:\/\/api.w.org\/{rel}","templated":true}]}}