{"id":3414,"date":"2020-04-19T09:34:15","date_gmt":"2020-04-19T09:34:15","guid":{"rendered":"https:\/\/shopforlife.ch\/?post_type=product&#038;p=3414"},"modified":"2020-04-19T09:39:05","modified_gmt":"2020-04-19T09:39:05","slug":"diolin-luftikus-emotion","status":"publish","type":"product","link":"https:\/\/shopforlife.ch\/?product=diolin-luftikus-emotion","title":{"rendered":"Diolin Luftikus Emotion"},"content":{"rendered":"<p>Der Luftreiniger Emotion absorbiert unangenehme Ger\u00fcche und ist aus quellfrischem Jurawasser, aktiviert mit EM Keramik Pipes, hergestellt.<\/p>\n","protected":false},"excerpt":{"rendered":"<p>Der Luftreiniger aktiviert die m\u00fcden Lebensgeister. Fr\u00fchlingsgef\u00fchle.<\/p>\n","protected":false},"featured_media":3415,"comment_status":"open","ping_status":"closed","template":"","meta":[],"product_cat":[179,147,143],"product_tag":[],"_links":{"self":[{"href":"https:\/\/shopforlife.ch\/index.php?rest_route=\/wp\/v2\/product\/3414"}],"collection":[{"href":"https:\/\/shopforlife.ch\/index.php?rest_route=\/wp\/v2\/product"}],"about":[{"href":"https:\/\/shopforlife.ch\/index.php?rest_route=\/wp\/v2\/types\/product"}],"replies":[{"embeddable":true,"href":"https:\/\/shopforlife.ch\/index.php?rest_route=%2Fwp%2Fv2%2Fcomments&post=3414"}],"wp:featuredmedia":[{"embeddable":true,"href":"https:\/\/shopforlife.ch\/index.php?rest_route=\/wp\/v2\/media\/3415"}],"wp:attachment":[{"href":"https:\/\/shopforlife.ch\/index.php?rest_route=%2Fwp%2Fv2%2Fmedia&parent=3414"}],"wp:term":[{"taxonomy":"product_cat","embeddable":true,"href":"https:\/\/shopforlife.ch\/index.php?rest_route=%2Fwp%2Fv2%2Fproduct_cat&post=3414"},{"taxonomy":"product_tag","embeddable":true,"href":"https:\/\/shopforlife.ch\/index.php?rest_route=%2Fwp%2Fv2%2Fproduct_tag&post=3414"}],"curies":[{"name":"wp","href":"https:\/\/api.w.org\/{rel}","templated":true}]}}