{"id":3401,"date":"2020-04-19T09:21:33","date_gmt":"2020-04-19T09:21:33","guid":{"rendered":"https:\/\/shopforlife.ch\/?post_type=product&#038;p=3401"},"modified":"2020-04-19T09:24:20","modified_gmt":"2020-04-19T09:24:20","slug":"emsana-kosmetischer-duftspray-wohnraum","status":"publish","type":"product","link":"https:\/\/shopforlife.ch\/?product=emsana-kosmetischer-duftspray-wohnraum","title":{"rendered":"EMSana Kosmetischer Duftspray Wohnraum"},"content":{"rendered":"<p>Der EMsana Kosmetischer Duftspray Wohnraum ist hervorragend geeignet, ein gesundes mikroorganisches Umfeld zu schaffen. Reine \u00e4therische \u00d6le verleihen dem Spray einen angenehmen und erfrischenden Duft. Die ebenfalls beigegebenen Bl\u00fcten- und Edelsteinessenzen kl\u00e4ren die Atmosph\u00e4re in Haus und Wohnung und tragen dazu bei, dass Sie sich behaglich, besch\u00fctzt und wohlf\u00fchlen.\u00a0Reguliert das bakterielle Milieu, reinigt und harmonisiert die Atemluft, einfach und schnell anzuwenden. Sehr geeignet f\u00fcr alle R\u00e4ume in denen Menschen sich l\u00e4ngere Zeit aufhalten, warten oder arbeiten.<\/p>\n<p>&nbsp;<\/p>\n<h2>Anwendungsempfehlungen<\/h2>\n<ul>\n<li>Anwendung: Mehrmals t\u00e4glich mehrere nach oben gerichtete Spr\u00fchst\u00f6sse abgeben.<\/li>\n<\/ul>\n<p>&nbsp;<\/p>\n<h3>Besondere Hinweise<\/h3>\n<ul>\n<li>Inhalt: Aqua (aktiviert mit EM Keramik), EM\u00b71, EM\u00b7X Gold, EM Keramikpulver, EM Meersalzsole, reine, nat\u00fcrliche \u00e4therische \u00d6le, Bl\u00fcten- und Edelsteinessenzen.<\/li>\n<\/ul>\n","protected":false},"excerpt":{"rendered":"<p>Der EMsana Kosmetischer Duftspray Wohnraum ist hervorragend geeignet, ein gesundes mikroorganisches Umfeld zu schaffen. Reine \u00e4therische \u00d6le verleihen dem Spray einen angenehmen und erfrischenden Duft. Die ebenfalls beigegebenen Bl\u00fcten- und Edelsteinessenzen kl\u00e4ren die Atmosph\u00e4re in Haus und Wohnung und tragen dazu bei, dass Sie sich behaglich, besch\u00fctzt und wohlf\u00fchlen.<\/p>\n","protected":false},"featured_media":3403,"comment_status":"open","ping_status":"closed","template":"","meta":[],"product_cat":[179,143],"product_tag":[],"_links":{"self":[{"href":"https:\/\/shopforlife.ch\/index.php?rest_route=\/wp\/v2\/product\/3401"}],"collection":[{"href":"https:\/\/shopforlife.ch\/index.php?rest_route=\/wp\/v2\/product"}],"about":[{"href":"https:\/\/shopforlife.ch\/index.php?rest_route=\/wp\/v2\/types\/product"}],"replies":[{"embeddable":true,"href":"https:\/\/shopforlife.ch\/index.php?rest_route=%2Fwp%2Fv2%2Fcomments&post=3401"}],"wp:featuredmedia":[{"embeddable":true,"href":"https:\/\/shopforlife.ch\/index.php?rest_route=\/wp\/v2\/media\/3403"}],"wp:attachment":[{"href":"https:\/\/shopforlife.ch\/index.php?rest_route=%2Fwp%2Fv2%2Fmedia&parent=3401"}],"wp:term":[{"taxonomy":"product_cat","embeddable":true,"href":"https:\/\/shopforlife.ch\/index.php?rest_route=%2Fwp%2Fv2%2Fproduct_cat&post=3401"},{"taxonomy":"product_tag","embeddable":true,"href":"https:\/\/shopforlife.ch\/index.php?rest_route=%2Fwp%2Fv2%2Fproduct_tag&post=3401"}],"curies":[{"name":"wp","href":"https:\/\/api.w.org\/{rel}","templated":true}]}}