{"id":3391,"date":"2020-04-19T08:30:31","date_gmt":"2020-04-19T08:30:31","guid":{"rendered":"https:\/\/shopforlife.ch\/?post_type=product&#038;p=3391"},"modified":"2020-04-19T08:30:31","modified_gmt":"2020-04-19T08:30:31","slug":"bienen-fit","status":"publish","type":"product","link":"https:\/\/shopforlife.ch\/?product=bienen-fit","title":{"rendered":"Bienen-FIT"},"content":{"rendered":"<div id=\"quickTabs\" class=\"productTabs  ui-tabs ui-widget ui-widget-content ui-corner-all\" data-ajaxenabled=\"false\" data-productreviewsaddnewurl=\"\/ProductTab\/ProductReviewsTabAddNew\/76\" data-productcontactusurl=\"\/ProductTab\/ProductContactUsTabAddNew\/76\" data-couldnotloadtaberrormessage=\"Couldn't load this tab.\">\n<div class=\"productTabs-body\">\n<div id=\"quickTab-description\" class=\"ui-tabs-panel ui-widget-content ui-corner-bottom\" role=\"tabpanel\" aria-labelledby=\"ui-id-1\" aria-hidden=\"false\">\n<div class=\"full-description\">\n<p>Bienen-FIT ist ein Fl\u00fcssigprodukt, das in der Bienenhaltung verwendet werden kann. Es reguliert die Verdauung auf nat\u00fcrliche Weise, unterst\u00fctzt die Vitalit\u00e4t und f\u00f6rdert den Putztrieb der Bienen.<\/p>\n<p>&nbsp;<\/p>\n<h2>Anwendung und Dosierung<\/h2>\n<ul>\n<li>Bei jedem \u00d6ffnen der K\u00e4sten die Bienen und Waben mit Bienen-FIT unverd\u00fcnnt fein bespr\u00fchen.<\/li>\n<li>Bei der V\u00f6lkerkontrolle die Waben pro Seite mit 3 Pumpst\u00f6ssen Bienen-FIT unverd\u00fcnnt einspr\u00fchen.<\/li>\n<li>Schw\u00e4rme mit Bienen-FIT 1:10 mit Wasser verd\u00fcnnt vor dem Einfangen einspr\u00fchen.<\/li>\n<li>Waben und Ger\u00e4tschaften vor dem Gebrauch mit Bienen-FIT 1:10 mit Wasser verd\u00fcnnt einspr\u00fchen.<\/li>\n<li>Auf 5 l Bio-Zuckerwasser zus\u00e4tzlich 30 ml Bienen-FIT beigeben.<\/li>\n<li>Geben Sie zus\u00e4tzlich zum Einsatz von Bienen-FIT ca. 10 EM Keramik Pipes ins Futtergeschirr und in die Tr\u00e4nke rein.<\/li>\n<li>Mit Wasser verd\u00fcnntes Bienen-FIT innerhalb von 2-3 Tagen verwenden!<\/li>\n<li>Die Energie-Platte harmonisiert und beruhigt die Bienen. Zur Befestigung auf oder in den Bienenst\u00f6cken geeignet. Pro Bienenstock 1 Platte.<\/li>\n<\/ul>\n<p>&nbsp;<\/p>\n<p>Imker berichten uns:<\/p>\n<ul>\n<li>Die V\u00f6lker sind aktiver und st\u00e4rker.<\/li>\n<li>Die St\u00f6cke werden von den Bienen sauberer gehalten. Der Putzreflex ist erh\u00f6ht.<\/li>\n<li>Parasiten und andere St\u00f6rprozesse werden von den V\u00f6lkern besser vertragen.<\/li>\n<li>Beim Bespr\u00fchen der Waben werden die Bienen sofort ruhiger und die Fl\u00fcssigkeit wird sofort abgeleckt.<\/li>\n<li>Die V\u00f6lker kommen besser durch den Winter.<\/li>\n<\/ul>\n<p>&nbsp;<\/p>\n<ul>\n<li>Zusammensetzung: Wasser, Orangensaftkonzentrat (1.5%), Zucker, Orangensaft (0.25%), Reiskleieextrakt, Zuckerrohrmelasse, Milchs\u00e4urebakterien, Hefe, Spurenelemente.<\/li>\n<li>Lagerung: K\u00fchl (12\u201318 \u00b0C) und dunkel lagern. Nicht im K\u00fchlschrank aufbewahren. Angebrochene Flasche z\u00fcgig aufbrauchen.<\/li>\n<\/ul>\n<p>&nbsp;<\/p>\n<\/div>\n<\/div>\n<\/div>\n<\/div>\n<div id=\"jcarousel-2-397\" class=\"jCarouselMainWrapper \">\n<div class=\"nop-jcarousel product-grid  \">\n<div class=\"title carousel-title has-navigation\"><\/div>\n<\/div>\n<\/div>\n","protected":false},"excerpt":{"rendered":"<p>Fermentprodukt zur Milieu-Lenkung im Bienenstock.<\/p>\n","protected":false},"featured_media":3392,"comment_status":"open","ping_status":"closed","template":"","meta":[],"product_cat":[178],"product_tag":[],"_links":{"self":[{"href":"https:\/\/shopforlife.ch\/index.php?rest_route=\/wp\/v2\/product\/3391"}],"collection":[{"href":"https:\/\/shopforlife.ch\/index.php?rest_route=\/wp\/v2\/product"}],"about":[{"href":"https:\/\/shopforlife.ch\/index.php?rest_route=\/wp\/v2\/types\/product"}],"replies":[{"embeddable":true,"href":"https:\/\/shopforlife.ch\/index.php?rest_route=%2Fwp%2Fv2%2Fcomments&post=3391"}],"wp:featuredmedia":[{"embeddable":true,"href":"https:\/\/shopforlife.ch\/index.php?rest_route=\/wp\/v2\/media\/3392"}],"wp:attachment":[{"href":"https:\/\/shopforlife.ch\/index.php?rest_route=%2Fwp%2Fv2%2Fmedia&parent=3391"}],"wp:term":[{"taxonomy":"product_cat","embeddable":true,"href":"https:\/\/shopforlife.ch\/index.php?rest_route=%2Fwp%2Fv2%2Fproduct_cat&post=3391"},{"taxonomy":"product_tag","embeddable":true,"href":"https:\/\/shopforlife.ch\/index.php?rest_route=%2Fwp%2Fv2%2Fproduct_tag&post=3391"}],"curies":[{"name":"wp","href":"https:\/\/api.w.org\/{rel}","templated":true}]}}