{"id":3332,"date":"2020-04-10T20:51:26","date_gmt":"2020-04-10T20:51:26","guid":{"rendered":"https:\/\/shopforlife.ch\/?post_type=product&#038;p=3332"},"modified":"2020-04-10T21:03:43","modified_gmt":"2020-04-10T21:03:43","slug":"toothpaste-black-100ml","status":"publish","type":"product","link":"https:\/\/shopforlife.ch\/?product=toothpaste-black-100ml","title":{"rendered":"Toothpaste Black 100ml"},"content":{"rendered":"","protected":false},"excerpt":{"rendered":"<p>Schwarz und stark \u2013 das Powerpaket f\u00fcr strahlend wei\u00dfe Z\u00e4hne. Aktivkohle l\u00f6st Verf\u00e4rbungen im Handumdrehen, und das ganz nat\u00fcrlich. Sanddorn und Kamille sch\u00fctzen deine Z\u00e4hne zuverl\u00e4ssig und nat\u00fcrliche Minze sorgt f\u00fcr den besonderen Frische-Kick: Der Tag geh\u00f6rt dir!<\/p>\n<ul>\n<li>Zertifizierte Naturkosmetik<\/li>\n<li>Zuverl\u00e4ssiger Schutz gegen Karies<\/li>\n<li>100% vegan &amp; tierversuchsfrei<\/li>\n<li>frei von Parabenen, Phthalaten, Mikroplastik und Triclosan<\/li>\n<li>unterst\u00fctzt die Umweltorganisation One Earth One Ocean<\/li>\n<\/ul>\n<p>&nbsp;<\/p>\n<p><img loading=\"lazy\" class=\"alignnone size-full wp-image-3191\" src=\"https:\/\/shopforlife.ch\/wp-content\/uploads\/2020\/04\/shop-for-life-shopforlife-benundanna-benanna-wellness-esoterik-naturkosmetik-demeter-biodynamisch-biologisch-decanali-natur-deo-stick-deostick-vegan-cruelty-free-nat\u00fcrlich-icada-natural.jpg\" alt=\"\" width=\"64\" height=\"70\" \/> \u00a0 \u00a0 <img loading=\"lazy\" class=\"alignnone size-medium wp-image-3192\" src=\"https:\/\/shopforlife.ch\/wp-content\/uploads\/2020\/04\/shop-for-life-shopforlife-benundanna-benanna-wellness-esoterik-naturkosmetik-demeter-biodynamisch-biologisch-decanali-natur-deo-stick-deostick-vegan-cruelty-free-nat\u00fcrlich-natre-org.jpg\" alt=\"\" width=\"69\" height=\"69\" \/> \u00a0 \u00a0 <img loading=\"lazy\" class=\"alignnone size-medium wp-image-3193\" src=\"https:\/\/shopforlife.ch\/wp-content\/uploads\/2020\/04\/shop-for-life-shopforlife-benundanna-benanna-wellness-esoterik-naturkosmetik-demeter-biodynamisch-biologisch-decanali-natur-deo-stick-deostick-vegan-cruelty-free-nat\u00fcrlich-recyclebar.jpg\" alt=\"\" width=\"68\" height=\"68\" \/> \u00a0 \u00a0 <img loading=\"lazy\" class=\"alignnone size-medium wp-image-3194\" src=\"https:\/\/shopforlife.ch\/wp-content\/uploads\/2020\/04\/shop-for-life-shopforlife-benundanna-benanna-wellness-esoterik-naturkosmetik-demeter-biodynamisch-biologisch-decanali-natur-deo-stick-deostick-vegan-cruelty-free-nat\u00fcrlich-vegan.jpg\" alt=\"\" width=\"99\" height=\"80\" \/><\/p>\n","protected":false},"featured_media":3241,"comment_status":"open","ping_status":"closed","template":"","meta":[],"product_cat":[160,22],"product_tag":[164,163,92,79,169,166,88,162,89,176,177],"_links":{"self":[{"href":"https:\/\/shopforlife.ch\/index.php?rest_route=\/wp\/v2\/product\/3332"}],"collection":[{"href":"https:\/\/shopforlife.ch\/index.php?rest_route=\/wp\/v2\/product"}],"about":[{"href":"https:\/\/shopforlife.ch\/index.php?rest_route=\/wp\/v2\/types\/product"}],"replies":[{"embeddable":true,"href":"https:\/\/shopforlife.ch\/index.php?rest_route=%2Fwp%2Fv2%2Fcomments&post=3332"}],"wp:featuredmedia":[{"embeddable":true,"href":"https:\/\/shopforlife.ch\/index.php?rest_route=\/wp\/v2\/media\/3241"}],"wp:attachment":[{"href":"https:\/\/shopforlife.ch\/index.php?rest_route=%2Fwp%2Fv2%2Fmedia&parent=3332"}],"wp:term":[{"taxonomy":"product_cat","embeddable":true,"href":"https:\/\/shopforlife.ch\/index.php?rest_route=%2Fwp%2Fv2%2Fproduct_cat&post=3332"},{"taxonomy":"product_tag","embeddable":true,"href":"https:\/\/shopforlife.ch\/index.php?rest_route=%2Fwp%2Fv2%2Fproduct_tag&post=3332"}],"curies":[{"name":"wp","href":"https:\/\/api.w.org\/{rel}","templated":true}]}}