{"id":3330,"date":"2020-04-10T20:43:48","date_gmt":"2020-04-10T20:43:48","guid":{"rendered":"https:\/\/shopforlife.ch\/?post_type=product&#038;p=3330"},"modified":"2020-04-10T21:04:08","modified_gmt":"2020-04-10T21:04:08","slug":"toothpowder-black-15ml","status":"publish","type":"product","link":"https:\/\/shopforlife.ch\/?product=toothpowder-black-15ml","title":{"rendered":"Toothpowder Black 15ml"},"content":{"rendered":"","protected":false},"excerpt":{"rendered":"<p>Das Power-Paket gegen Verf\u00e4rbungen: schwarz und stark l\u00f6sen Aktivkohle-Partikel in unserem innovativen Zahnpuder Verf\u00e4rbungen sanft von den Z\u00e4hnen. K\u00fchle Minze sorgt f\u00fcr extra-frischen Atem. Ein ganz besonderes Putzerlebnis, nat\u00fcrlich und ehrlich. So wie du.<\/p>\n<ul>\n<li>stark gegen Verf\u00e4rbungen<\/li>\n<li>mit Aktivkohle Partikeln<\/li>\n<li>k\u00fchle Minze sorgt f\u00fcr extra frischen Atem<\/li>\n<li>inkl. Holzspatel zum Auftragen des Zahnpuders<\/li>\n<\/ul>\n<p>&nbsp;<\/p>\n<p><img loading=\"lazy\" class=\"alignnone size-full wp-image-3191\" src=\"https:\/\/shopforlife.ch\/wp-content\/uploads\/2020\/04\/shop-for-life-shopforlife-benundanna-benanna-wellness-esoterik-naturkosmetik-demeter-biodynamisch-biologisch-decanali-natur-deo-stick-deostick-vegan-cruelty-free-nat\u00fcrlich-icada-natural.jpg\" alt=\"\" width=\"64\" height=\"70\" \/> \u00a0 \u00a0 <img loading=\"lazy\" class=\"alignnone size-medium wp-image-3192\" src=\"https:\/\/shopforlife.ch\/wp-content\/uploads\/2020\/04\/shop-for-life-shopforlife-benundanna-benanna-wellness-esoterik-naturkosmetik-demeter-biodynamisch-biologisch-decanali-natur-deo-stick-deostick-vegan-cruelty-free-nat\u00fcrlich-natre-org.jpg\" alt=\"\" width=\"69\" height=\"69\" \/> \u00a0 \u00a0 <img loading=\"lazy\" class=\"alignnone size-medium wp-image-3193\" src=\"https:\/\/shopforlife.ch\/wp-content\/uploads\/2020\/04\/shop-for-life-shopforlife-benundanna-benanna-wellness-esoterik-naturkosmetik-demeter-biodynamisch-biologisch-decanali-natur-deo-stick-deostick-vegan-cruelty-free-nat\u00fcrlich-recyclebar.jpg\" alt=\"\" width=\"68\" height=\"68\" \/> \u00a0 \u00a0 <img loading=\"lazy\" class=\"alignnone size-medium wp-image-3194\" src=\"https:\/\/shopforlife.ch\/wp-content\/uploads\/2020\/04\/shop-for-life-shopforlife-benundanna-benanna-wellness-esoterik-naturkosmetik-demeter-biodynamisch-biologisch-decanali-natur-deo-stick-deostick-vegan-cruelty-free-nat\u00fcrlich-vegan.jpg\" alt=\"\" width=\"99\" height=\"80\" \/><\/p>\n","protected":false},"featured_media":3331,"comment_status":"open","ping_status":"closed","template":"","meta":[],"product_cat":[160,22],"product_tag":[164,163,92,79,169,166,88,162,89,176,177],"_links":{"self":[{"href":"https:\/\/shopforlife.ch\/index.php?rest_route=\/wp\/v2\/product\/3330"}],"collection":[{"href":"https:\/\/shopforlife.ch\/index.php?rest_route=\/wp\/v2\/product"}],"about":[{"href":"https:\/\/shopforlife.ch\/index.php?rest_route=\/wp\/v2\/types\/product"}],"replies":[{"embeddable":true,"href":"https:\/\/shopforlife.ch\/index.php?rest_route=%2Fwp%2Fv2%2Fcomments&post=3330"}],"wp:featuredmedia":[{"embeddable":true,"href":"https:\/\/shopforlife.ch\/index.php?rest_route=\/wp\/v2\/media\/3331"}],"wp:attachment":[{"href":"https:\/\/shopforlife.ch\/index.php?rest_route=%2Fwp%2Fv2%2Fmedia&parent=3330"}],"wp:term":[{"taxonomy":"product_cat","embeddable":true,"href":"https:\/\/shopforlife.ch\/index.php?rest_route=%2Fwp%2Fv2%2Fproduct_cat&post=3330"},{"taxonomy":"product_tag","embeddable":true,"href":"https:\/\/shopforlife.ch\/index.php?rest_route=%2Fwp%2Fv2%2Fproduct_tag&post=3330"}],"curies":[{"name":"wp","href":"https:\/\/api.w.org\/{rel}","templated":true}]}}