{"id":3323,"date":"2020-04-09T16:11:23","date_gmt":"2020-04-09T16:11:23","guid":{"rendered":"https:\/\/shopforlife.ch\/?post_type=product&#038;p=3323"},"modified":"2020-04-09T16:13:03","modified_gmt":"2020-04-09T16:13:03","slug":"deodorant-sensitive-lemon-lime","status":"publish","type":"product","link":"https:\/\/shopforlife.ch\/?product=deodorant-sensitive-lemon-lime","title":{"rendered":"Deodorant &#8222;Sensitive&#8220; Lemon &amp; Lime"},"content":{"rendered":"","protected":false},"excerpt":{"rendered":"<p>Frisch-zitronig und unvergleichlich spritzig ist dieses neue Sensitive-Deo. Mit ausgew\u00e4hlten Inhaltsstoffen nat\u00fcrlichen Ursprungs wirkt es zuverl\u00e4ssig und schonend gegen Schwei\u00df, die belebende Frische der Zitrone l\u00e4sst dich perfekt in den Tag starten! Geeignet f\u00fcr M\u00e4nner und Frauen ist dieser Duft einer unserer Bestseller.<\/p>\n<p>&nbsp;<\/p>\n<p><img loading=\"lazy\" class=\"alignnone size-full wp-image-3191\" src=\"https:\/\/shopforlife.ch\/wp-content\/uploads\/2020\/04\/shop-for-life-shopforlife-benundanna-benanna-wellness-esoterik-naturkosmetik-demeter-biodynamisch-biologisch-decanali-natur-deo-stick-deostick-vegan-cruelty-free-nat\u00fcrlich-icada-natural.jpg\" alt=\"\" width=\"64\" height=\"70\" \/> \u00a0 \u00a0 <img loading=\"lazy\" class=\"alignnone size-medium wp-image-3192\" src=\"https:\/\/shopforlife.ch\/wp-content\/uploads\/2020\/04\/shop-for-life-shopforlife-benundanna-benanna-wellness-esoterik-naturkosmetik-demeter-biodynamisch-biologisch-decanali-natur-deo-stick-deostick-vegan-cruelty-free-nat\u00fcrlich-natre-org.jpg\" alt=\"\" width=\"69\" height=\"69\" \/> \u00a0 \u00a0 <img loading=\"lazy\" class=\"alignnone size-medium wp-image-3193\" src=\"https:\/\/shopforlife.ch\/wp-content\/uploads\/2020\/04\/shop-for-life-shopforlife-benundanna-benanna-wellness-esoterik-naturkosmetik-demeter-biodynamisch-biologisch-decanali-natur-deo-stick-deostick-vegan-cruelty-free-nat\u00fcrlich-recyclebar.jpg\" alt=\"\" width=\"68\" height=\"68\" \/> \u00a0 \u00a0 <img loading=\"lazy\" class=\"alignnone size-medium wp-image-3194\" src=\"https:\/\/shopforlife.ch\/wp-content\/uploads\/2020\/04\/shop-for-life-shopforlife-benundanna-benanna-wellness-esoterik-naturkosmetik-demeter-biodynamisch-biologisch-decanali-natur-deo-stick-deostick-vegan-cruelty-free-nat\u00fcrlich-vegan.jpg\" alt=\"\" width=\"99\" height=\"80\" \/><\/p>\n","protected":false},"featured_media":3248,"comment_status":"open","ping_status":"closed","template":"","meta":[],"product_cat":[160,22],"product_tag":[164,163,92,79,169,166,88,162,89],"_links":{"self":[{"href":"https:\/\/shopforlife.ch\/index.php?rest_route=\/wp\/v2\/product\/3323"}],"collection":[{"href":"https:\/\/shopforlife.ch\/index.php?rest_route=\/wp\/v2\/product"}],"about":[{"href":"https:\/\/shopforlife.ch\/index.php?rest_route=\/wp\/v2\/types\/product"}],"replies":[{"embeddable":true,"href":"https:\/\/shopforlife.ch\/index.php?rest_route=%2Fwp%2Fv2%2Fcomments&post=3323"}],"wp:featuredmedia":[{"embeddable":true,"href":"https:\/\/shopforlife.ch\/index.php?rest_route=\/wp\/v2\/media\/3248"}],"wp:attachment":[{"href":"https:\/\/shopforlife.ch\/index.php?rest_route=%2Fwp%2Fv2%2Fmedia&parent=3323"}],"wp:term":[{"taxonomy":"product_cat","embeddable":true,"href":"https:\/\/shopforlife.ch\/index.php?rest_route=%2Fwp%2Fv2%2Fproduct_cat&post=3323"},{"taxonomy":"product_tag","embeddable":true,"href":"https:\/\/shopforlife.ch\/index.php?rest_route=%2Fwp%2Fv2%2Fproduct_tag&post=3323"}],"curies":[{"name":"wp","href":"https:\/\/api.w.org\/{rel}","templated":true}]}}