{"id":3319,"date":"2020-04-09T16:03:28","date_gmt":"2020-04-09T16:03:28","guid":{"rendered":"https:\/\/shopforlife.ch\/?post_type=product&#038;p=3319"},"modified":"2020-04-09T16:07:11","modified_gmt":"2020-04-09T16:07:11","slug":"deodorant-sensitive-cherry-blossom","status":"publish","type":"product","link":"https:\/\/shopforlife.ch\/?product=deodorant-sensitive-cherry-blossom","title":{"rendered":"Deodorant &#8222;Sensitive&#8220; Cherry Blossom"},"content":{"rendered":"","protected":false},"excerpt":{"rendered":"<p>Sanft duftend kommt dieses Sensitive-Deo daher, fruchtig-kirschig und blumig-zart h\u00fcllt es dich in den feinen Duft japanischer Kirschbl\u00fcten. Anna hat sich sofort in diesen Duft verliebt, der so jung und blumig ist, dass er perfekt zu ihr passt. Sanft zu Annas empfindlicher Haut und trotzdem zuverl\u00e4ssig sch\u00fctzend vor Schwei\u00df ist dieses Deo ihr neuer Liebling.<\/p>\n<p>&nbsp;<\/p>\n<p><img loading=\"lazy\" class=\"alignnone size-full wp-image-3191\" src=\"https:\/\/shopforlife.ch\/wp-content\/uploads\/2020\/04\/shop-for-life-shopforlife-benundanna-benanna-wellness-esoterik-naturkosmetik-demeter-biodynamisch-biologisch-decanali-natur-deo-stick-deostick-vegan-cruelty-free-nat\u00fcrlich-icada-natural.jpg\" alt=\"\" width=\"64\" height=\"70\" \/> \u00a0 \u00a0 <img loading=\"lazy\" class=\"alignnone size-medium wp-image-3192\" src=\"https:\/\/shopforlife.ch\/wp-content\/uploads\/2020\/04\/shop-for-life-shopforlife-benundanna-benanna-wellness-esoterik-naturkosmetik-demeter-biodynamisch-biologisch-decanali-natur-deo-stick-deostick-vegan-cruelty-free-nat\u00fcrlich-natre-org.jpg\" alt=\"\" width=\"69\" height=\"69\" \/> \u00a0 \u00a0 <img loading=\"lazy\" class=\"alignnone size-medium wp-image-3193\" src=\"https:\/\/shopforlife.ch\/wp-content\/uploads\/2020\/04\/shop-for-life-shopforlife-benundanna-benanna-wellness-esoterik-naturkosmetik-demeter-biodynamisch-biologisch-decanali-natur-deo-stick-deostick-vegan-cruelty-free-nat\u00fcrlich-recyclebar.jpg\" alt=\"\" width=\"68\" height=\"68\" \/> \u00a0 \u00a0 <img loading=\"lazy\" class=\"alignnone size-medium wp-image-3194\" src=\"https:\/\/shopforlife.ch\/wp-content\/uploads\/2020\/04\/shop-for-life-shopforlife-benundanna-benanna-wellness-esoterik-naturkosmetik-demeter-biodynamisch-biologisch-decanali-natur-deo-stick-deostick-vegan-cruelty-free-nat\u00fcrlich-vegan.jpg\" alt=\"\" width=\"99\" height=\"80\" \/><\/p>\n","protected":false},"featured_media":3247,"comment_status":"open","ping_status":"closed","template":"","meta":[],"product_cat":[160,22],"product_tag":[164,163,92,79,169,166,88,162,89],"_links":{"self":[{"href":"https:\/\/shopforlife.ch\/index.php?rest_route=\/wp\/v2\/product\/3319"}],"collection":[{"href":"https:\/\/shopforlife.ch\/index.php?rest_route=\/wp\/v2\/product"}],"about":[{"href":"https:\/\/shopforlife.ch\/index.php?rest_route=\/wp\/v2\/types\/product"}],"replies":[{"embeddable":true,"href":"https:\/\/shopforlife.ch\/index.php?rest_route=%2Fwp%2Fv2%2Fcomments&post=3319"}],"wp:featuredmedia":[{"embeddable":true,"href":"https:\/\/shopforlife.ch\/index.php?rest_route=\/wp\/v2\/media\/3247"}],"wp:attachment":[{"href":"https:\/\/shopforlife.ch\/index.php?rest_route=%2Fwp%2Fv2%2Fmedia&parent=3319"}],"wp:term":[{"taxonomy":"product_cat","embeddable":true,"href":"https:\/\/shopforlife.ch\/index.php?rest_route=%2Fwp%2Fv2%2Fproduct_cat&post=3319"},{"taxonomy":"product_tag","embeddable":true,"href":"https:\/\/shopforlife.ch\/index.php?rest_route=%2Fwp%2Fv2%2Fproduct_tag&post=3319"}],"curies":[{"name":"wp","href":"https:\/\/api.w.org\/{rel}","templated":true}]}}