{"id":3306,"date":"2020-04-07T14:16:19","date_gmt":"2020-04-07T14:16:19","guid":{"rendered":"https:\/\/shopforlife.ch\/?post_type=product&#038;p=3306"},"modified":"2020-04-09T15:46:20","modified_gmt":"2020-04-09T15:46:20","slug":"all-one-zahnpasta-140g","status":"publish","type":"product","link":"https:\/\/shopforlife.ch\/?product=all-one-zahnpasta-140g","title":{"rendered":"ALL-ONE Zahnpasta (140g)"},"content":{"rendered":"","protected":false},"excerpt":{"rendered":"<p>Chemie in meinen Mund? Nein, danke. Dr. Bronner\u2019s ALL-ONE Zahnpasta verzichtet vollst\u00e4ndig auf chemische Stoffe. Mit 70% hat sie einen besonders hohen Anteil an biologischen Rohstoffen, ist fluorfrei und vegan. Reines Kokosnuss\u00f6l sorgt f\u00fcr einen milden, cremigen Schaum, Baking Soda und nat\u00fcrliche Kiesels\u00e4ure reinigen die Z\u00e4hne und entfernen Plaque. F\u00fcr ein sch\u00f6nes, strahlendes L\u00e4cheln sorgt nat\u00fcrliches Kalziumkarbonat.<\/p>\n<p>&nbsp;<\/p>\n<p><img loading=\"lazy\" class=\"alignnone size-medium wp-image-556\" src=\"https:\/\/shopforlife.ch\/wp-content\/uploads\/2016\/10\/Dr.-Bronners-All-One-Esoterik-Schweiz-Shopforlife-300x47.png\" alt=\"\" width=\"300\" height=\"47\" srcset=\"https:\/\/shopforlife.ch\/wp-content\/uploads\/2016\/10\/Dr.-Bronners-All-One-Esoterik-Schweiz-Shopforlife-300x47.png 300w, https:\/\/shopforlife.ch\/wp-content\/uploads\/2016\/10\/Dr.-Bronners-All-One-Esoterik-Schweiz-Shopforlife-510x81.png 510w, https:\/\/shopforlife.ch\/wp-content\/uploads\/2016\/10\/Dr.-Bronners-All-One-Esoterik-Schweiz-Shopforlife-768x122.png 768w, https:\/\/shopforlife.ch\/wp-content\/uploads\/2016\/10\/Dr.-Bronners-All-One-Esoterik-Schweiz-Shopforlife.png 878w\" sizes=\"(max-width: 300px) 100vw, 300px\" \/><\/p>\n","protected":false},"featured_media":3269,"comment_status":"open","ping_status":"closed","template":"","meta":[],"product_cat":[175,22,148],"product_tag":[171,161,167,168,169,78,88,162,89,176],"_links":{"self":[{"href":"https:\/\/shopforlife.ch\/index.php?rest_route=\/wp\/v2\/product\/3306"}],"collection":[{"href":"https:\/\/shopforlife.ch\/index.php?rest_route=\/wp\/v2\/product"}],"about":[{"href":"https:\/\/shopforlife.ch\/index.php?rest_route=\/wp\/v2\/types\/product"}],"replies":[{"embeddable":true,"href":"https:\/\/shopforlife.ch\/index.php?rest_route=%2Fwp%2Fv2%2Fcomments&post=3306"}],"wp:featuredmedia":[{"embeddable":true,"href":"https:\/\/shopforlife.ch\/index.php?rest_route=\/wp\/v2\/media\/3269"}],"wp:attachment":[{"href":"https:\/\/shopforlife.ch\/index.php?rest_route=%2Fwp%2Fv2%2Fmedia&parent=3306"}],"wp:term":[{"taxonomy":"product_cat","embeddable":true,"href":"https:\/\/shopforlife.ch\/index.php?rest_route=%2Fwp%2Fv2%2Fproduct_cat&post=3306"},{"taxonomy":"product_tag","embeddable":true,"href":"https:\/\/shopforlife.ch\/index.php?rest_route=%2Fwp%2Fv2%2Fproduct_tag&post=3306"}],"curies":[{"name":"wp","href":"https:\/\/api.w.org\/{rel}","templated":true}]}}