{"id":3165,"date":"2020-03-29T11:41:54","date_gmt":"2020-03-29T11:41:54","guid":{"rendered":"https:\/\/shopforlife.ch\/?post_type=product&#038;p=3165"},"modified":"2020-03-29T16:07:53","modified_gmt":"2020-03-29T16:07:53","slug":"em-keramik-pipes","status":"publish","type":"product","link":"https:\/\/shopforlife.ch\/?product=em-keramik-pipes","title":{"rendered":"EM Keramik Pipes"},"content":{"rendered":"<p>EM Keramik wird aus hochwertigem Ton aus Japan hergestellt, der zusammen mit Effektive Mikroorganismen und EM\u00b7X Gold in einem aufw\u00e4ndigen Verfahren reift. Durch das anschliessende Brennen entsteht eine einzigartige Keramik, in der alle feinenergetischen Resonanzen und EM-Informationen gespeichert sind und wieder an andere Materien abgegeben werden.<\/p>\n<p>&nbsp;<\/p>\n<h2>Verwendungszweck und Dosierung<\/h2>\n<ul>\n<li><strong>Als Richtwert gilt 1-5 Pipes pro Liter Wasser.<\/strong> Die EM Keramik Pipes k\u00f6nnen an den diversesten Orten eingesetzt werden. Auch kann der gesamte Beutel direkt ins Wasser gelegt werden. Will man die Pipes auf eine Kette aufziehen, sollte darauf geachtet werden, dass zwischen den R\u00f6hrchen ein Abstand (Knoten, K\u00fcgelchen) eingehalten wird, damit die magnetische Resonanzschwingung sich nicht gegenseitig aufl\u00f6st. Die R\u00f6hrli haben durch ihre Zylinderform einen magnetischen Nord- und S\u00fcdpol.<\/li>\n<\/ul>\n<p>&nbsp;<\/p>\n<p>&nbsp;<\/p>\n<h3>Besondere Hinweise<\/h3>\n<ul>\n<li>Reinigung und Energetisierung: Einmal j\u00e4hrlich sollten die EM Keramik Produkte gr\u00fcndlich gereinigt und an der Sonne oder unter Infrarotlicht getrocknet und dadurch wieder aufgeladen werden. Es ist auch m\u00f6glich, die Keramik \u00fcber Nacht in EM\u00b71 oder EM\u00b7A einzulegen. So sind die Produkte zeitlich unbegrenzt einsetzbar.<\/li>\n<\/ul>\n<p>&nbsp;<\/p>\n<h3>Empfohlene Mengen der EM Keramik f\u00fcr den Einsatz im Wasser:<\/h3>\n<p>Bei l\u00e4ngerer Verweildauer im Wasser verst\u00e4rkt sich die Wirkung. So ist eine Einwirkzeit von 2-5 Stunden und l\u00e4nger n\u00f6tig, je nach Wassermenge. Ist das Wasser nur im Durchfluss, braucht es zwischen 1.5 und 2 mal mehr EM Keramik Produkte als unten in der Tabelle angegeben.<\/p>\n<table style=\"height: 354px\" border=\"1\" width=\"529\" cellspacing=\"1\" cellpadding=\"1\" align=\"\">\n<tbody>\n<tr>\n<td width=\"30%\"><strong>Produkt<\/strong><\/td>\n<td width=\"15%\"><strong>Gr\u00f6sse<\/strong><\/td>\n<td width=\"55%\"><strong>Wassermenge<\/strong><\/td>\n<\/tr>\n<tr>\n<td>EM Keramik Kagen Getr\u00e4nke<\/td>\n<td>\u00f8 5 cm<\/td>\n<td>bis 50 l<\/td>\n<\/tr>\n<tr>\n<td>EM Keramik Kagen Kochen<\/td>\n<td>\u00f8 4 cm<\/td>\n<td>bis 50 l<\/td>\n<\/tr>\n<tr>\n<td>EM Keramik Kagen Bad<\/td>\n<td>\u00f8 8 cm<\/td>\n<td>bis 200-300 l<\/td>\n<\/tr>\n<tr>\n<td>EM Keramik Ring klein<\/td>\n<td>\u00f8 3.5 cm<\/td>\n<td>bis 300 l<\/td>\n<\/tr>\n<tr>\n<td>EM Keramik Ring gross<\/td>\n<td>\u00f8 6 cm<\/td>\n<td>bis 500 l<\/td>\n<\/tr>\n<tr>\n<td>EM Keramik Pipe 35<\/td>\n<td>\u00f8 3.5 cm<\/td>\n<td>bis 750 l<\/td>\n<\/tr>\n<tr>\n<td>EM Keramik Pipes<\/td>\n<td>\u00f8 0.9 cm<\/td>\n<td>ca. 1-5 Pipes pro Liter Wasser<br \/>\n500 g Pipes f\u00fcr 1000 Liter Teichwasser<br \/>\n500 g Pipes f\u00fcr 10000 Liter stehende(!) Gew\u00e4sser<\/td>\n<\/tr>\n<\/tbody>\n<\/table>\n","protected":false},"excerpt":{"rendered":"<p>EM Keramik Pipes dienen zur Wasserbelebung.<\/p>\n<p><a href=\"https:\/\/shopforlife.ch\/wp-content\/uploads\/2020\/03\/Flyer_EMKeramik_compressed.pdf\">Flyer_EMKeramik<\/a><\/p>\n<p>&nbsp;<\/p>\n","protected":false},"featured_media":3166,"comment_status":"open","ping_status":"closed","template":"","meta":[],"product_cat":[156,147],"product_tag":[],"_links":{"self":[{"href":"https:\/\/shopforlife.ch\/index.php?rest_route=\/wp\/v2\/product\/3165"}],"collection":[{"href":"https:\/\/shopforlife.ch\/index.php?rest_route=\/wp\/v2\/product"}],"about":[{"href":"https:\/\/shopforlife.ch\/index.php?rest_route=\/wp\/v2\/types\/product"}],"replies":[{"embeddable":true,"href":"https:\/\/shopforlife.ch\/index.php?rest_route=%2Fwp%2Fv2%2Fcomments&post=3165"}],"wp:featuredmedia":[{"embeddable":true,"href":"https:\/\/shopforlife.ch\/index.php?rest_route=\/wp\/v2\/media\/3166"}],"wp:attachment":[{"href":"https:\/\/shopforlife.ch\/index.php?rest_route=%2Fwp%2Fv2%2Fmedia&parent=3165"}],"wp:term":[{"taxonomy":"product_cat","embeddable":true,"href":"https:\/\/shopforlife.ch\/index.php?rest_route=%2Fwp%2Fv2%2Fproduct_cat&post=3165"},{"taxonomy":"product_tag","embeddable":true,"href":"https:\/\/shopforlife.ch\/index.php?rest_route=%2Fwp%2Fv2%2Fproduct_tag&post=3165"}],"curies":[{"name":"wp","href":"https:\/\/api.w.org\/{rel}","templated":true}]}}