{"id":3156,"date":"2020-03-29T11:33:45","date_gmt":"2020-03-29T11:33:45","guid":{"rendered":"https:\/\/shopforlife.ch\/?post_type=product&#038;p=3156"},"modified":"2020-03-29T16:08:41","modified_gmt":"2020-03-29T16:08:41","slug":"em-keramik-granulat-super-cera-c","status":"publish","type":"product","link":"https:\/\/shopforlife.ch\/?product=em-keramik-granulat-super-cera-c","title":{"rendered":"EM Keramik Granulat Super Cera-C"},"content":{"rendered":"<p>Das EM Keramik Granulat Super Cera-C verbessert die Lebensbedingungen f\u00fcr alle Mikroorganismen im Boden. Die-se k\u00f6nnen sich gut an der Oberfl\u00e4che der einzelnen K\u00f6rnchen ansiedeln und profitieren, wie auch das gesamte Umfeld, von den positiven Resonanzen der Effektiven Mikroorganismen. EM Keramik Granulat Super Cera-C kann sehr gut mit Bokashi oder Kompost gemischt und zusammen verwendet werden.<\/p>\n<p>&nbsp;<\/p>\n<h2>Verwendungszweck und Dosierung<\/h2>\n<ul>\n<li><strong>Bodenverbesserungsmittel, um die Eigenschaften des Bodens zu verbessern:<\/strong> 2\u20135 g pro m<sup>2<\/sup> im Fr\u00fchling oder Herbst ausbringen.<\/li>\n<li><strong>Kompostierungsmittel, um das Verrotten organischer Abf\u00e4lle zu f\u00f6rdern:<\/strong> 10\u201320 g pro m<sup>3<\/sup> Kompost beim Ansetzen der Miete einmischen.<\/li>\n<li><strong>Hofd\u00fcngerzusatz:<\/strong> 10\u201350 g pro m<sup>3<\/sup> G\u00fclle und Jahr, mind. 3 Wochen vor dem Ausbringen der G\u00fclle beimischen.<\/li>\n<li>Lagerung: Trocken und in verschlossenem Gebinde aufbewahren.<\/li>\n<\/ul>\n<p>&nbsp;<\/p>\n<p>&nbsp;<\/p>\n<h3>Besondere Hinweise<\/h3>\n<ul>\n<li>Zusammensetzung: 80% SiO2 und 20% Al2O3, enth\u00e4lt keine lebenden Mikroorganismen.<\/li>\n<\/ul>\n","protected":false},"excerpt":{"rendered":"<p>EM Keramik Granulat Super Cera-C verbessert im Boden die Lebensbedingungen f\u00fcr alle Mikroorganismen.<\/p>\n<p><a href=\"https:\/\/shopforlife.ch\/wp-content\/uploads\/2020\/03\/Flyer_EMKeramik_compressed.pdf\">Flyer_EMKeramik<\/a><\/p>\n","protected":false},"featured_media":3158,"comment_status":"open","ping_status":"closed","template":"","meta":[],"product_cat":[156,147],"product_tag":[],"_links":{"self":[{"href":"https:\/\/shopforlife.ch\/index.php?rest_route=\/wp\/v2\/product\/3156"}],"collection":[{"href":"https:\/\/shopforlife.ch\/index.php?rest_route=\/wp\/v2\/product"}],"about":[{"href":"https:\/\/shopforlife.ch\/index.php?rest_route=\/wp\/v2\/types\/product"}],"replies":[{"embeddable":true,"href":"https:\/\/shopforlife.ch\/index.php?rest_route=%2Fwp%2Fv2%2Fcomments&post=3156"}],"wp:featuredmedia":[{"embeddable":true,"href":"https:\/\/shopforlife.ch\/index.php?rest_route=\/wp\/v2\/media\/3158"}],"wp:attachment":[{"href":"https:\/\/shopforlife.ch\/index.php?rest_route=%2Fwp%2Fv2%2Fmedia&parent=3156"}],"wp:term":[{"taxonomy":"product_cat","embeddable":true,"href":"https:\/\/shopforlife.ch\/index.php?rest_route=%2Fwp%2Fv2%2Fproduct_cat&post=3156"},{"taxonomy":"product_tag","embeddable":true,"href":"https:\/\/shopforlife.ch\/index.php?rest_route=%2Fwp%2Fv2%2Fproduct_tag&post=3156"}],"curies":[{"name":"wp","href":"https:\/\/api.w.org\/{rel}","templated":true}]}}