{"id":3126,"date":"2020-03-29T09:51:31","date_gmt":"2020-03-29T09:51:31","guid":{"rendered":"https:\/\/shopforlife.ch\/?post_type=product&#038;p=3126"},"modified":"2020-03-29T09:52:01","modified_gmt":"2020-03-29T09:52:01","slug":"3126","status":"publish","type":"product","link":"https:\/\/shopforlife.ch\/?product=3126","title":{"rendered":"Bokashi-Eimer (16 l) &#8211; 2er Set mit 1,5 kg Terra Preta Bokashi"},"content":{"rendered":"<h2>Anwendung und Dosierung<\/h2>\n<ul>\n<li>K\u00fcchenabf\u00e4lle (unverdorbenes Gem\u00fcse, Obst) darin sammeln, ca. 500 g pro Schicht.<\/li>\n<li>EM-1 oder Boden-FIT-Verd\u00fcnnung (ca. 1:100) und\/oder Terra Preta Bokashi (ca. 1 Hand voll) \u00fcber jede neue Lage K\u00fcchenabf\u00e4lle geben.<\/li>\n<li>Eine Plastikfolie auf die oberste Schicht legen und alles mit einem Sandsack oder Backstein beschweren. Danach den Deckel gut verschliessen.<\/li>\n<li>Den Sickersaft t\u00e4glich mittels Auslaufhahn abzapfen.<\/li>\n<li>Wenn der Eimer voll ist, den Inhalt gut mit Erde vermischt in einem Beet oder Blumentopf eingraben oder den Eimer 3\u20134 Wochen an einem warmen Ort stehen lassen, bis das Bokashi fertig fermentiert ist.<\/li>\n<li>Nach ca. 2\u20133 Wochen k\u00f6nnen Pflanzen neben bzw. \u00fcber dem mit Erde bedeckten fermentierten K\u00fcchenabfall aus-ges\u00e4t bzw. angepflanzt werden.<\/li>\n<li>Ersatzteile sind an Lager und erh\u00e4ltlich.<\/li>\n<\/ul>\n<p>&nbsp;<\/p>\n<p>&#8222;Bokashi&#8220; wird von dem japanischen Verb &#8222;bokasu&#8220; abgeleitet, das &#8222;schattieren&#8220; oder &#8222;abstufen&#8220; bedeutet. Im Zusammenhang mit der Fermentation wird das Verb im Sinne von &#8222;gradueller Umwandlung&#8220; f\u00fcr das fertige Endprodukt verwendet. Ein Abfallprodukt wird also in ein n\u00fctzliches Produkt umgewandelt.<\/p>\n<p>&nbsp;<\/p>\n<p>Wollen Sie die Anleitung zur Anwendung des EM Bokashi Haushaltseimer gerne als PDF-Datei herunterladen und speichern? Dann klicken Sie hier: <strong><a href=\"https:\/\/www.em-schweiz.ch\/downloads\/ratgeber\/Bokashi-Kuechenabfaelle.pdf\" target=\"_blank\" rel=\"noopener noreferrer\">Bokashi mit EM &#8211; Die neue Art K\u00fcchenabf\u00e4lle selber zu hochwertigem D\u00fcnger zu machen.<\/a><\/strong><\/p>\n","protected":false},"excerpt":{"rendered":"<p>Mit dem Bokashi-Eimer werden K\u00fcchenabf\u00e4lle fermentiert. Daraus entstehen K\u00fcchenbokashi sowie hochwertiger Kompostsaft.<br \/>\n<b>Das Set enth\u00e4lt:<\/b><br \/>\n2x Bokashi-Eimer (16 l) und 1x Terra Preta Bokashi (1,5 kg)<\/p>\n","protected":false},"featured_media":3124,"comment_status":"open","ping_status":"closed","template":"","meta":[],"product_cat":[156,147],"product_tag":[],"_links":{"self":[{"href":"https:\/\/shopforlife.ch\/index.php?rest_route=\/wp\/v2\/product\/3126"}],"collection":[{"href":"https:\/\/shopforlife.ch\/index.php?rest_route=\/wp\/v2\/product"}],"about":[{"href":"https:\/\/shopforlife.ch\/index.php?rest_route=\/wp\/v2\/types\/product"}],"replies":[{"embeddable":true,"href":"https:\/\/shopforlife.ch\/index.php?rest_route=%2Fwp%2Fv2%2Fcomments&post=3126"}],"wp:featuredmedia":[{"embeddable":true,"href":"https:\/\/shopforlife.ch\/index.php?rest_route=\/wp\/v2\/media\/3124"}],"wp:attachment":[{"href":"https:\/\/shopforlife.ch\/index.php?rest_route=%2Fwp%2Fv2%2Fmedia&parent=3126"}],"wp:term":[{"taxonomy":"product_cat","embeddable":true,"href":"https:\/\/shopforlife.ch\/index.php?rest_route=%2Fwp%2Fv2%2Fproduct_cat&post=3126"},{"taxonomy":"product_tag","embeddable":true,"href":"https:\/\/shopforlife.ch\/index.php?rest_route=%2Fwp%2Fv2%2Fproduct_tag&post=3126"}],"curies":[{"name":"wp","href":"https:\/\/api.w.org\/{rel}","templated":true}]}}