{"id":3110,"date":"2020-03-29T09:24:51","date_gmt":"2020-03-29T09:24:51","guid":{"rendered":"https:\/\/shopforlife.ch\/?post_type=product&#038;p=3110"},"modified":"2020-03-29T09:39:36","modified_gmt":"2020-03-29T09:39:36","slug":"3110","status":"publish","type":"product","link":"https:\/\/shopforlife.ch\/?product=3110","title":{"rendered":"Bio-Lit"},"content":{"rendered":"<p>Bio-Lit Urgesteinsmehl ist ein reines Naturprodukt vulkanischen Ursprungs. Es verbessert die Pflanzen- und Bodenvertr\u00e4glichkeit der G\u00fclle und steigert die Bodenfruchtbarkeit und die Gesundheit der Tiere. Das gemahlene Diabasgestein wird mit n\u00fctzlichen Milchs\u00e4urebakterien (EM) spr\u00fchgetrocknet und wird in der Landwirtschaft, im Getreide-, Obst-, Wein- und Gartenbau, sowie im Gr\u00fcnland eingesetzt. Bio-Lit enth\u00e4lt f\u00fcr Boden und Pflanzen unentbehrliche Mineralstoffe und Spurenelemente. Bio-Lit besitzt eine aktive Oberfl\u00e4che von 2500 m<sup>2<\/sup>\/kg und bindet durch nachhaltige langsame Pufferung, organische S\u00e4uren und f\u00f6rdert die n\u00fctzliche Bakterienflora in allen Lebensbereichen (Boden, Hofd\u00fcnger, Pflanzenoberfl\u00e4che).<\/p>\n<p>&nbsp;<\/p>\n<h2>Anwendung und Dosierung<\/h2>\n<ul>\n<li>Stall: 0.5 Kilogramm (0.5 Liter) pro Tag und GVE* auf Festmist oder G\u00fclle streuen. *GVE = Grossvieheinheit<\/li>\n<li>G\u00fcllegrube: 25 &#8211; 40 Kilogramm pro m\u00b3 G\u00fclle bei eingeschaltetem R\u00fchrwerk einblasen: Sommerg\u00fclle ca. 3 Tonnen pro 100 m\u00b3, Winterg\u00fclle ca. 4 Tonnen pro 100m\u00b3. Die G\u00fclle muss danach w\u00e4hrend ca. 1 Woche regelm\u00e4ssig 1 Stunde pro Tag ger\u00fchrt werden. Bio-Lit erg\u00e4nzend mit Boden\u00b7FIT (EM\u00b7A) 1:1000 kombinieren.<\/li>\n<li>Schweineg\u00fclle: 20 &#8211; 25 Kilogramm pro m\u00b3 G\u00fclle bei eingeschaltetem R\u00fchrwerk einblasen. Die G\u00fclle muss danach w\u00e4hrend ca. 1 Woche regelm\u00e4ssig 1 Stunde pro Tag ger\u00fchrt werden. Bio-Lit erg\u00e4nzend mit Boden\u00b7FIT (EM\u00b7A) 1:1000 kombinieren.<\/li>\n<li>Gr\u00fcnland: 1 Tonne pro ha. Bio-Lit erg\u00e4nzend mit Boden\u00b7FIT (EM\u00b7A) 1:200 kombinieren.<\/li>\n<li>Futter- \/ Ackerbau: 1 &#8211; 2 Tonnen pro ha und Jahr streuen. Bio-Lit erg\u00e4nzend mit Boden\u00b7FIT (EM\u00b7A) 1:200 kombinieren.<\/li>\n<li>Kompost: 30 Kilogramm pro m\u00b3 Abfallmasse. Bio-Lit erg\u00e4nzend mit Boden\u00b7FIT (EM\u00b7A) 1:200 kombinieren.<\/li>\n<li>Blumenerde: 1 Kilogramm pro 20 l.<\/li>\n<\/ul>\n<p>&nbsp;<\/p>\n<h3>Nutzen von Bio-Lit in der Landwirtschaft:<\/h3>\n<ul>\n<li>Vermindert Geruch und Schwimmdeckenbildung bei Fl\u00fcssigd\u00fcngern.<\/li>\n<li>Schnellerer Abbau von Bodenverdichtungen.<\/li>\n<li>F\u00f6rderung der Regenw\u00fcrmer und Bodenkr\u00fcmelung.<\/li>\n<li>Hofd\u00fcngerhygienisierung. St\u00e4rkung der nat\u00fcrlichen Darmflora von Nutztieren.<\/li>\n<li>St\u00e4rkung der Bakterienschutzflora an der Pflanzenoberfl\u00e4che.<\/li>\n<li>F\u00f6rderung der Mulchrotte.<\/li>\n<li>Regenerierung der Gr\u00fcnlandpflanzenbest\u00e4nde, F\u00f6rderung von Leguminosen (H\u00fclsenfr\u00fcchtler).<\/li>\n<\/ul>\n<p>&nbsp;<\/p>\n<h3>Nutzen von Bio-Lit im Garten:<\/h3>\n<ul>\n<li>F\u00f6rdert die Bodenfruchtbarkeit, die Erw\u00e4rmung und Durchl\u00fcftung des Bodens.<\/li>\n<li>Neutralisiert \u00fcbers\u00e4uerte B\u00f6den dank des hohen Gehaltes an basischen Silikaten.<\/li>\n<li>Kr\u00e4ftigt die Pflanzen und erh\u00f6ht die Abwehrleistung gegen Sch\u00e4dlinge.<\/li>\n<li>Verbessert Geschmack, Haltbarkeit und Lagerf\u00e4higkeit von Obst und Gem\u00fcse.<\/li>\n<li>Beschleunigt Verrottung zu mineralstoffreicher Komposterde. Zur Herstellung von EM Bokashi Kompost.<\/li>\n<\/ul>\n<p>&nbsp;<\/p>\n","protected":false},"excerpt":{"rendered":"<p>Bio-Lit Urgesteinsmehl ist ein reines Naturprodukt vulkanischen Ursprungs.<br \/>\nGem\u00e4ss FiBL f\u00fcr den biologischen Landbau zugelassen.<\/p>\n<p>&nbsp;<\/p>\n<p><a href=\"https:\/\/shopforlife.ch\/wp-content\/uploads\/2020\/03\/Flyer_BioLit.pdf\">Flyer_BioLit<\/a><\/p>\n","protected":false},"featured_media":3117,"comment_status":"open","ping_status":"closed","template":"","meta":[],"product_cat":[156,147],"product_tag":[],"_links":{"self":[{"href":"https:\/\/shopforlife.ch\/index.php?rest_route=\/wp\/v2\/product\/3110"}],"collection":[{"href":"https:\/\/shopforlife.ch\/index.php?rest_route=\/wp\/v2\/product"}],"about":[{"href":"https:\/\/shopforlife.ch\/index.php?rest_route=\/wp\/v2\/types\/product"}],"replies":[{"embeddable":true,"href":"https:\/\/shopforlife.ch\/index.php?rest_route=%2Fwp%2Fv2%2Fcomments&post=3110"}],"wp:featuredmedia":[{"embeddable":true,"href":"https:\/\/shopforlife.ch\/index.php?rest_route=\/wp\/v2\/media\/3117"}],"wp:attachment":[{"href":"https:\/\/shopforlife.ch\/index.php?rest_route=%2Fwp%2Fv2%2Fmedia&parent=3110"}],"wp:term":[{"taxonomy":"product_cat","embeddable":true,"href":"https:\/\/shopforlife.ch\/index.php?rest_route=%2Fwp%2Fv2%2Fproduct_cat&post=3110"},{"taxonomy":"product_tag","embeddable":true,"href":"https:\/\/shopforlife.ch\/index.php?rest_route=%2Fwp%2Fv2%2Fproduct_tag&post=3110"}],"curies":[{"name":"wp","href":"https:\/\/api.w.org\/{rel}","templated":true}]}}