{"id":3077,"date":"2020-03-28T20:28:22","date_gmt":"2020-03-28T20:28:22","guid":{"rendered":"https:\/\/shopforlife.ch\/?post_type=product&#038;p=3077"},"modified":"2020-03-28T21:12:29","modified_gmt":"2020-03-28T21:12:29","slug":"birchmeier-foxy-plus-spruehflasche","status":"publish","type":"product","link":"https:\/\/shopforlife.ch\/?product=birchmeier-foxy-plus-spruehflasche","title":{"rendered":"Birchmeier Foxy Plus Spr\u00fchflasche"},"content":{"rendered":"<p>Transparenter Kunststoffbeh\u00e4lter mit 0.5 l F\u00fcllinhalt und einer Literskala zum einfachen Bef\u00fcllen. Der Birchmeier Foxy Plus ist schlagfest, besteht aus resistenten Materialien und hat eine lange Lebensdauer.7.90<\/p>\n","protected":false},"excerpt":{"rendered":"<p>Die spezielle Spr\u00fchflasche, die ein Spr\u00fchen aus jeder Lage erm\u00f6glicht.<\/p>\n","protected":false},"featured_media":3074,"comment_status":"open","ping_status":"closed","template":"","meta":[],"product_cat":[156,147],"product_tag":[],"_links":{"self":[{"href":"https:\/\/shopforlife.ch\/index.php?rest_route=\/wp\/v2\/product\/3077"}],"collection":[{"href":"https:\/\/shopforlife.ch\/index.php?rest_route=\/wp\/v2\/product"}],"about":[{"href":"https:\/\/shopforlife.ch\/index.php?rest_route=\/wp\/v2\/types\/product"}],"replies":[{"embeddable":true,"href":"https:\/\/shopforlife.ch\/index.php?rest_route=%2Fwp%2Fv2%2Fcomments&post=3077"}],"wp:featuredmedia":[{"embeddable":true,"href":"https:\/\/shopforlife.ch\/index.php?rest_route=\/wp\/v2\/media\/3074"}],"wp:attachment":[{"href":"https:\/\/shopforlife.ch\/index.php?rest_route=%2Fwp%2Fv2%2Fmedia&parent=3077"}],"wp:term":[{"taxonomy":"product_cat","embeddable":true,"href":"https:\/\/shopforlife.ch\/index.php?rest_route=%2Fwp%2Fv2%2Fproduct_cat&post=3077"},{"taxonomy":"product_tag","embeddable":true,"href":"https:\/\/shopforlife.ch\/index.php?rest_route=%2Fwp%2Fv2%2Fproduct_tag&post=3077"}],"curies":[{"name":"wp","href":"https:\/\/api.w.org\/{rel}","templated":true}]}}