{"id":3072,"date":"2020-03-28T20:25:12","date_gmt":"2020-03-28T20:25:12","guid":{"rendered":"https:\/\/shopforlife.ch\/?post_type=product&#038;p=3072"},"modified":"2020-03-28T20:25:13","modified_gmt":"2020-03-28T20:25:13","slug":"birchmeier-super-star-druckspruehflasche","status":"publish","type":"product","link":"https:\/\/shopforlife.ch\/?product=birchmeier-super-star-druckspruehflasche","title":{"rendered":"Birchmeier Super Star Druckspr\u00fchflasche"},"content":{"rendered":"<p>Das handliche Druckspeicherger\u00e4t f\u00fcr Haus und Garten. Mit regulierbarer Messingd\u00fcse und verstellbarem Kopf; ideal geeignet auch zur Behandlung der Blattunterseite. Transparenter Kunststoffbeh\u00e4lter mit 1.25 l F\u00fcllinhalt und einer effizienten Druckspeicherpumpe bis 2 bar Betriebsdruck, mit rotem Sicherheitsventil und Entl\u00fcftungshilfe. Bei Druckabfall einfach wieder nachpumpen.<\/p>\n","protected":false},"excerpt":{"rendered":"<p>Ein handliches Druckspeicherger\u00e4t f\u00fcr Haus und Garten.<\/p>\n","protected":false},"featured_media":3075,"comment_status":"open","ping_status":"closed","template":"","meta":[],"product_cat":[156,147],"product_tag":[],"_links":{"self":[{"href":"https:\/\/shopforlife.ch\/index.php?rest_route=\/wp\/v2\/product\/3072"}],"collection":[{"href":"https:\/\/shopforlife.ch\/index.php?rest_route=\/wp\/v2\/product"}],"about":[{"href":"https:\/\/shopforlife.ch\/index.php?rest_route=\/wp\/v2\/types\/product"}],"replies":[{"embeddable":true,"href":"https:\/\/shopforlife.ch\/index.php?rest_route=%2Fwp%2Fv2%2Fcomments&post=3072"}],"wp:featuredmedia":[{"embeddable":true,"href":"https:\/\/shopforlife.ch\/index.php?rest_route=\/wp\/v2\/media\/3075"}],"wp:attachment":[{"href":"https:\/\/shopforlife.ch\/index.php?rest_route=%2Fwp%2Fv2%2Fmedia&parent=3072"}],"wp:term":[{"taxonomy":"product_cat","embeddable":true,"href":"https:\/\/shopforlife.ch\/index.php?rest_route=%2Fwp%2Fv2%2Fproduct_cat&post=3072"},{"taxonomy":"product_tag","embeddable":true,"href":"https:\/\/shopforlife.ch\/index.php?rest_route=%2Fwp%2Fv2%2Fproduct_tag&post=3072"}],"curies":[{"name":"wp","href":"https:\/\/api.w.org\/{rel}","templated":true}]}}