{"id":3060,"date":"2020-03-28T20:21:08","date_gmt":"2020-03-28T20:21:08","guid":{"rendered":"https:\/\/shopforlife.ch\/?post_type=product&#038;p=3060"},"modified":"2020-03-28T20:21:08","modified_gmt":"2020-03-28T20:21:08","slug":"em-5","status":"publish","type":"product","link":"https:\/\/shopforlife.ch\/?product=em-5","title":{"rendered":"EM-5"},"content":{"rendered":"<p>EM-5 sch\u00fctzt und st\u00e4rkt die stabilisierende Wachshaut der Pflanzen. Der enthaltene Alkohol \u00e4tzt &#8222;kleine L\u00f6cher&#8220; in die Wachshaut, in denen sich EM einnistet und Sch\u00e4dliches &#8222;wegfrisst&#8220;.<\/p>\n<p>&nbsp;<\/p>\n<h2>Anwendung und Dosierung<\/h2>\n<p>EM-5 im Verh\u00e4ltnis 1:500 bis 1:1000 verd\u00fcnnt auf die Bl\u00e4tter spr\u00fchen.<br \/>\nAuch die Blattunterseiten und Stiele mit EM-5 einspr\u00fchen.<br \/>\nNach der Keimung und vor Krankheits- oder Sch\u00e4dlingsbefall EM-5 spr\u00fchen.<br \/>\nEM-5 am Morgen oder nach Regen spr\u00fchen.<br \/>\nAnwendung 1 &#8211; 2 mal w\u00f6chentlich wiederholen.<br \/>\nBei Krankheits- oder Sch\u00e4dlingsbefall t\u00e4glich EM-5 spr\u00fchen, bis sich der Zustand gebessert hat. Danach das EM-5 normal 1 &#8211; 2 mal w\u00f6chentlich spr\u00fchen.<br \/>\nUm die Haftwirkung zu erh\u00f6hen, kann 1000fach verd\u00fcnnte Seifenl\u00f6sung der EM-5-Verd\u00fcnnung beigegeben werden.<\/p>\n<p>&nbsp;<\/p>\n<h2>Hinweise<\/h2>\n<ul>\n<li>\n<h4>Lagerung:<\/h4>\n<p>K\u00fchl (12\u201318 \u00b0C) und dunkel lagern. Nicht im K\u00fchlschrank aufbewahren. Trocken und in verschlossenem Gebinde aufbewahren.<\/li>\n<li>Nicht in Glasflaschen aufbewahren.<\/li>\n<\/ul>\n","protected":false},"excerpt":{"rendered":"<p>Pflanzenhilfsmittel, auf der Basis von EM\u00b71, Zuckerrohrmelasse, Alkohol, Essig, div. Kr\u00e4uter und Wasser.<\/p>\n","protected":false},"featured_media":3065,"comment_status":"open","ping_status":"closed","template":"","meta":[],"product_cat":[156,147],"product_tag":[],"_links":{"self":[{"href":"https:\/\/shopforlife.ch\/index.php?rest_route=\/wp\/v2\/product\/3060"}],"collection":[{"href":"https:\/\/shopforlife.ch\/index.php?rest_route=\/wp\/v2\/product"}],"about":[{"href":"https:\/\/shopforlife.ch\/index.php?rest_route=\/wp\/v2\/types\/product"}],"replies":[{"embeddable":true,"href":"https:\/\/shopforlife.ch\/index.php?rest_route=%2Fwp%2Fv2%2Fcomments&post=3060"}],"wp:featuredmedia":[{"embeddable":true,"href":"https:\/\/shopforlife.ch\/index.php?rest_route=\/wp\/v2\/media\/3065"}],"wp:attachment":[{"href":"https:\/\/shopforlife.ch\/index.php?rest_route=%2Fwp%2Fv2%2Fmedia&parent=3060"}],"wp:term":[{"taxonomy":"product_cat","embeddable":true,"href":"https:\/\/shopforlife.ch\/index.php?rest_route=%2Fwp%2Fv2%2Fproduct_cat&post=3060"},{"taxonomy":"product_tag","embeddable":true,"href":"https:\/\/shopforlife.ch\/index.php?rest_route=%2Fwp%2Fv2%2Fproduct_tag&post=3060"}],"curies":[{"name":"wp","href":"https:\/\/api.w.org\/{rel}","templated":true}]}}