{"id":3040,"date":"2020-03-28T20:03:14","date_gmt":"2020-03-28T20:03:14","guid":{"rendered":"https:\/\/shopforlife.ch\/?post_type=product&#038;p=3040"},"modified":"2020-03-28T20:03:14","modified_gmt":"2020-03-28T20:03:14","slug":"pflanzen-fit","status":"publish","type":"product","link":"https:\/\/shopforlife.ch\/?product=pflanzen-fit","title":{"rendered":"Pflanzen-FIT"},"content":{"rendered":"<p>Das mikrobielle Leben auf der sichtbaren Pflanzenoberfl\u00e4che: Mikroorganismen leben meist in Gemeinschaften mit anderen Mikroorganismen \u2013 auch auf der sichtbaren Oberfl\u00e4che von Pflanzen.<br \/>\nAus dem Pflanzeninneren gelangen in geringen Mengen N\u00e4hrstoffe \u00fcber die Spalt\u00f6ffnungen und sog. Dr\u00fcsenhaare auf die Blattoberfl\u00e4che und dienen dort Mikroorganismen (den sog. Epiphyten) als Nahrung. Diese Epiphyten sind besonders robust und anpassungsf\u00e4hig, wenn man die schnellen und teils extremen Ver\u00e4nderungen bedenkt, denen sie trotzen: Trockenheit, Feuchtigkeit, UV-Strahlung, Tag-Nacht-Temperaturunterschiede, Temperaturen und Witterungen der Jahreszeiten.<\/p>\n<p>Auf der Pflanzenoberfl\u00e4che sind mit Pflanzen-FIT direkte Erfolge sichtbar, die bei regelm\u00e4ssiger Anwendung aufrechterhalten werden k\u00f6nnen. Kommen die immer besser werdenden Bodenbedingungen in den Folgejahren hinzu (durch Anwendung von Boden-FIT, MikroD\u00fcnger und Terra Preta Bokashi), wirken auch die Spritzungen der Pflanzen immer besser, denn sie wird von innen (\u00fcber den Boden) und von aussen (\u00fcber das Blatt) durch die Wirkung der EM gest\u00e4rkt.<\/p>\n<p>&nbsp;<\/p>\n<h2>Anwendungshinweise und Dosierung<\/h2>\n<h4>\nGem\u00fcse, Blumen, Beeren und Zierpflanzen:<\/h4>\n<p>3\u20135 ml pro Liter Spritzwasser<\/p>\n<h4>\n<p>Obst- und Beerenanlagen, Reben:<\/h4>\n<ul>\n<li>1\u20132 Liter pro ha\n<p>Mit Wasser verd\u00fcnnt die Pflanzen je nach Befall und Infektionsdruck w\u00f6chentlich 1\u20132 x einspr\u00fchen. Auch die Blattunterseiten und Stiele mit Pflanzen-FIT einspr\u00fchen.<\/p>\n<p>Pflanzen-FIT am Morgen oder nach Regen spr\u00fchen.<\/p>\n<p>Bei Krankheits- oder Sch\u00e4dlingsbefall w\u00f6chentlich 2 x mit der doppelten Dosierung spr\u00fchen.<\/p>\n<p>Danach Pflanzen-FIT normal 1 x w\u00f6chentlich spr\u00fchen.<\/li>\n<\/ul>\n<h2>\n<p>Hinweise<\/h2>\n<ul>\n<li>\n<h4>Lagerung:<\/h4>\n<p>K\u00fchl (12\u201318 \u00b0C) und dunkel lagern. Nicht im K\u00fchlschrank aufbewahren. Trocken und in verschlossenem Gebinde aufbewahren.<\/li>\n<li>Nicht in Glasflaschen aufbewahren.<\/li>\n<li>Keine Absetzfrist.<\/li>\n<\/ul>\n","protected":false},"excerpt":{"rendered":"<p>Kulturen von Mikroorganismen zur Behandlung von Pflanzen.<br \/>\nGem\u00e4ss FiBL f\u00fcr den biologischen Landbau zugelassen.<\/p>\n<p>&nbsp;<\/p>\n<p><a href=\"https:\/\/shopforlife.ch\/wp-content\/uploads\/2020\/03\/Flyer_PflanzenFIT.pdf\">Flyer_PflanzenFIT<\/a><\/p>\n","protected":false},"featured_media":3053,"comment_status":"open","ping_status":"closed","template":"","meta":[],"product_cat":[156,147],"product_tag":[],"_links":{"self":[{"href":"https:\/\/shopforlife.ch\/index.php?rest_route=\/wp\/v2\/product\/3040"}],"collection":[{"href":"https:\/\/shopforlife.ch\/index.php?rest_route=\/wp\/v2\/product"}],"about":[{"href":"https:\/\/shopforlife.ch\/index.php?rest_route=\/wp\/v2\/types\/product"}],"replies":[{"embeddable":true,"href":"https:\/\/shopforlife.ch\/index.php?rest_route=%2Fwp%2Fv2%2Fcomments&post=3040"}],"wp:featuredmedia":[{"embeddable":true,"href":"https:\/\/shopforlife.ch\/index.php?rest_route=\/wp\/v2\/media\/3053"}],"wp:attachment":[{"href":"https:\/\/shopforlife.ch\/index.php?rest_route=%2Fwp%2Fv2%2Fmedia&parent=3040"}],"wp:term":[{"taxonomy":"product_cat","embeddable":true,"href":"https:\/\/shopforlife.ch\/index.php?rest_route=%2Fwp%2Fv2%2Fproduct_cat&post=3040"},{"taxonomy":"product_tag","embeddable":true,"href":"https:\/\/shopforlife.ch\/index.php?rest_route=%2Fwp%2Fv2%2Fproduct_tag&post=3040"}],"curies":[{"name":"wp","href":"https:\/\/api.w.org\/{rel}","templated":true}]}}