{"id":3032,"date":"2020-03-28T19:49:37","date_gmt":"2020-03-28T19:49:37","guid":{"rendered":"https:\/\/shopforlife.ch\/?post_type=product&#038;p=3032"},"modified":"2020-03-28T19:52:57","modified_gmt":"2020-03-28T19:52:57","slug":"mikroduenger","status":"publish","type":"product","link":"https:\/\/shopforlife.ch\/?product=mikroduenger","title":{"rendered":"MikroD\u00fcnger"},"content":{"rendered":"<p>MikroD\u00fcnger liefert schnell verf\u00fcgbare N\u00e4hrstoffe und Bodenbakterien f\u00fcr eine direkte D\u00fcngewirkung und Bodenaktivierung. Weitere N\u00e4hrstoffe werden langsam mineralisiert, im Boden gespeichert und sichern den sp\u00e4teren Bedarf der Pflanze. Das Bodenleben wird gef\u00f6rdert und die enthaltenen EM sorgen f\u00fcr eine optimale Zusammensetzung der Bodenflora.<\/p>\n<ul>\n<li>Fl\u00fcssiger NK-D\u00fcnger 4.4 &#8211; 4.3<\/li>\n<li>Der Stickstoff im MikroD\u00fcnger ist bis zu 95% in der hochwertigen Form als Aminos\u00e4uren gebunden und kann dadurch schnell von der Pflanze aufgenommen werden.<\/li>\n<li>Zur N\u00e4hrstoffversorgung aller Pflanzen auf humusarmen B\u00f6den, in T\u00f6pfen und in K\u00fcbeln. Neben der direkten hat er auch eine anhaltende Langzeit-D\u00fcngewirkung.<\/li>\n<\/ul>\n<p>&nbsp;<\/p>\n<h2>Anwendung und Dosierung<\/h2>\n<ul>\n<li>Behandlung von B\u00f6den \/ Blattd\u00fcngung: 20\u201340 ml MikroD\u00fcnger in 10 l Giesswasser.<\/li>\n<li>Starkzehrende Pflanzen: 1 x w\u00f6chentlich giessen.<\/li>\n<li>Schwachzehrende Pflanzen: 1 x monatlich giessen.<\/li>\n<li>F\u00fcr gr\u00f6ssere Fl\u00e4chen: 2 dl pro m<sup>2<\/sup> und Jahr verteilt<\/li>\n<li>MikroD\u00fcnger kann zum Giessen, aber auch als Blattd\u00fcnger \u00fcber die gesamte Vegetationszeit verwendet werden.<\/li>\n<li>Vor Gebrauch gut sch\u00fctteln.<\/li>\n<li>Nicht f\u00fcr Hydrokulturen geeignet.<\/li>\n<li>Die angesetzte D\u00fcngerl\u00f6sung innerhalb von 24 Stunden verbrauchen.<\/li>\n<\/ul>\n<h2>Hinweise<\/h2>\n<ul>\n<li>\n<h4>Lagerung:<\/h4>\n<p>K\u00fchl (12\u201318 \u00b0C) und dunkel lagern. Nicht im K\u00fchlschrank aufbewahren. Trocken und in verschlossenem Gebinde aufbewahren.<\/li>\n<\/ul>\n<p>&nbsp;<\/p>\n<h3>Was ist der Unterschied zwischen Boden\u00b7FIT und\u00a0 MikroD\u00fcnger?<\/h3>\n<table border=\"1\" width=\"632\" cellspacing=\"1\" cellpadding=\"1\" align=\"\">\n<tbody>\n<tr>\n<td width=\"30%\">Produkt<\/td>\n<td width=\"15%\">Anwendungszweck<\/td>\n<td width=\"80%\">Einsatzgebiet \/ Wirkung<\/td>\n<\/tr>\n<tr>\n<td>Boden-FIT<\/td>\n<td>Verbesserung<br \/>\ndes<br \/>\nBodenlebens<\/td>\n<td>F\u00fcr B\u00f6den mit guter Humusversorgung oder<br \/>\nmit zus\u00e4tzlicher Ausbringung von organischem Material, z. B. Grasschnitt.<\/td>\n<\/tr>\n<tr>\n<td>MikroD\u00fcnger<\/td>\n<td>Fl\u00fcssigd\u00fcngung, Verbesserung der<br \/>\nN\u00e4hrstoff-<br \/>\nversorgung aller Pflanzen<\/td>\n<td>Direkte D\u00fcngung f\u00fcr alle Pflanzen mit Langzeitwirkung, kann als Blattd\u00fcnger gespr\u00fcht werden, Verwendung auch f\u00fcr Topf- und K\u00fcbelpflanzen.<br \/>\nNicht f\u00fcr Hydro kulturen geeignet.<\/td>\n<\/tr>\n<\/tbody>\n<\/table>\n","protected":false},"excerpt":{"rendered":"<p>Fl\u00fcssigd\u00fcnger zur Verbesserung der N\u00e4hrstoffversorgung aller Pflanzen.<br \/>\nGem\u00e4ss FiBL f\u00fcr den biologischen Landbau zugelassen.<\/p>\n<p><a href=\"https:\/\/shopforlife.ch\/wp-content\/uploads\/2020\/03\/Flyer_BodenFIT-MikroDuenger.pdf\">Flyer_BodenFIT-MikroDuenger<\/a><\/p>\n","protected":false},"featured_media":3033,"comment_status":"open","ping_status":"closed","template":"","meta":[],"product_cat":[156,147],"product_tag":[],"_links":{"self":[{"href":"https:\/\/shopforlife.ch\/index.php?rest_route=\/wp\/v2\/product\/3032"}],"collection":[{"href":"https:\/\/shopforlife.ch\/index.php?rest_route=\/wp\/v2\/product"}],"about":[{"href":"https:\/\/shopforlife.ch\/index.php?rest_route=\/wp\/v2\/types\/product"}],"replies":[{"embeddable":true,"href":"https:\/\/shopforlife.ch\/index.php?rest_route=%2Fwp%2Fv2%2Fcomments&post=3032"}],"wp:featuredmedia":[{"embeddable":true,"href":"https:\/\/shopforlife.ch\/index.php?rest_route=\/wp\/v2\/media\/3033"}],"wp:attachment":[{"href":"https:\/\/shopforlife.ch\/index.php?rest_route=%2Fwp%2Fv2%2Fmedia&parent=3032"}],"wp:term":[{"taxonomy":"product_cat","embeddable":true,"href":"https:\/\/shopforlife.ch\/index.php?rest_route=%2Fwp%2Fv2%2Fproduct_cat&post=3032"},{"taxonomy":"product_tag","embeddable":true,"href":"https:\/\/shopforlife.ch\/index.php?rest_route=%2Fwp%2Fv2%2Fproduct_tag&post=3032"}],"curies":[{"name":"wp","href":"https:\/\/api.w.org\/{rel}","templated":true}]}}