{"id":3026,"date":"2020-03-28T19:29:25","date_gmt":"2020-03-28T19:29:25","guid":{"rendered":"https:\/\/shopforlife.ch\/?post_type=product&#038;p=3026"},"modified":"2020-03-28T19:30:37","modified_gmt":"2020-03-28T19:30:37","slug":"boden-fit","status":"publish","type":"product","link":"https:\/\/shopforlife.ch\/?product=boden-fit","title":{"rendered":"Boden-FIT"},"content":{"rendered":"<h3>Anwendung und Dosierung<\/h3>\n<p>&nbsp;<\/p>\n<h4>Hofd\u00fcngerzusatz:<\/h4>\n<p>0.5\u20131 l Boden-FIT pro m<sup>3<\/sup> G\u00fclle und Jahr. Mind. 3 Wochen vor dem Ausbringen der G\u00fclle beimischen.<\/p>\n<p>&nbsp;<\/p>\n<h4>Kompostierungsmittel:<\/h4>\n<p>1\u20132 l Boden-FIT pro m<sup>3<\/sup> Kompost auf mehrere Gaben verteilt beim Ansetzen und Wenden der Miete einmischen.<\/p>\n<p>&nbsp;<\/p>\n<h4>Bodenverbesserungsmittel:<\/h4>\n<p>150 Liter Boden-FIT pro ha und Jahr, verteilt auf 2\u20134 Gaben,<\/p>\n<p>1:20 &#8211; 1:50 verd\u00fcnnt ausbringen.<\/p>\n<p>&nbsp;<\/p>\n<h4>Garten:<\/h4>\n<p>0.1\u20131% Boden-FIT dem Giesswasser 1 x w\u00f6chentlich beimischen.<\/p>\n<p>&nbsp;<\/p>\n<h3>Weitere Hinweise<\/h3>\n<ul>\n<li>Sobald der pH-Wert \u00fcber 4 ansteigt, Boden-FIT nur noch als<\/li>\n<li>Hofd\u00fcngerzusatz verwenden.<\/li>\n<li>\n<h4>Lagerung:<\/h4>\n<p>K\u00fchl (12\u201318 \u00b0C) und dunkel lagern. Nicht im K\u00fchlschrank aufbewahren.<\/li>\n<li>Trocken und in verschlossenem Gebinde aufbewahren.<\/li>\n<li>Restmengen der bestimmungsgem\u00e4ssen Verwendung zuf\u00fchren.<\/li>\n<li>Leere Packungen k\u00f6nnen mit dem Hauskehricht<\/li>\n<li>(Kartonsammlung und Kehrrichtabfuhr) entsorgt werden.<\/li>\n<li>\n<h4>Haltbarkeit:<\/h4>\n<p>Boden-FIT in der Bag-in-Box ist ab Herstellung 6 Monate haltbar.<\/li>\n<li>\n<h4>Verpackung:<\/h4>\n<p>Bitte beachten Sie bei den 1-Liter-Flaschen den roten<\/li>\n<li>Sicherheitsverschluss, der gew\u00e4hrleistet, dass das Produkt<\/li>\n<li>Original durch die EM Schweiz AG hergestellt und abgef\u00fcllt wurde.<\/li>\n<\/ul>\n<p>&nbsp;<\/p>\n<table style=\"height: 276px\" border=\"1\" width=\"487\" cellspacing=\"1\" cellpadding=\"1\" align=\"\">\n<tbody>\n<tr>\n<td width=\"30%\">Produkt<\/td>\n<td width=\"15%\">Anwendungszweck<\/td>\n<td width=\"80%\">Einsatzgebiet \/ Wirkung<\/td>\n<\/tr>\n<tr>\n<td>Boden-FIT<\/td>\n<td>Verbesserung<br \/>\ndes<br \/>\nBodenlebens<\/td>\n<td>F\u00fcr B\u00f6den mit guter Humusversorgung oder<br \/>\nmit zus\u00e4tzlicher Ausbringung von organischem Material, z. B. Grasschnitt.<\/td>\n<\/tr>\n<tr>\n<td>MikroD\u00fcnger<\/td>\n<td>Fl\u00fcssigd\u00fcngung, Verbesserung der<br \/>\nN\u00e4hrstoff-<br \/>\nversorgung aller Pflanzen<\/td>\n<td>Direkte D\u00fcngung f\u00fcr alle Pflanzen mit Langzeitwirkung, kann als Blattd\u00fcnger gespr\u00fcht werden, Verwendung auch f\u00fcr Topf- und K\u00fcbelpflanzen.<br \/>\nNicht f\u00fcr Hydro kulturen geeignet.<\/td>\n<\/tr>\n<\/tbody>\n<\/table>\n<p>&nbsp;<\/p>\n<p>Da die Anwendungsvielfalt von Boden-FIT (EM-A) so gross ist,<\/p>\n<p>empfehlen wir, sich mittels der entsprechenden Fachliteratur zu<\/p>\n<p>informieren. Diese k\u00f6nnen Sie auch \u00fcber den Onlineshop unter der<\/p>\n<p>Rubrik Literatur bestellen.<\/p>\n","protected":false},"excerpt":{"rendered":"<h3>Boden-FIT ist eine fermentierte Mikrobenkultur (EM-A), die zus\u00e4tzlich mit Mineralien stabilisiert ist.<br \/>\nGem\u00e4ss FiBL f\u00fcr den biologischen Landbau zugelassen.<\/h3>\n<h3><\/h3>\n<p>&nbsp;<\/p>\n","protected":false},"featured_media":3015,"comment_status":"open","ping_status":"closed","template":"","meta":[],"product_cat":[156,147],"product_tag":[],"_links":{"self":[{"href":"https:\/\/shopforlife.ch\/index.php?rest_route=\/wp\/v2\/product\/3026"}],"collection":[{"href":"https:\/\/shopforlife.ch\/index.php?rest_route=\/wp\/v2\/product"}],"about":[{"href":"https:\/\/shopforlife.ch\/index.php?rest_route=\/wp\/v2\/types\/product"}],"replies":[{"embeddable":true,"href":"https:\/\/shopforlife.ch\/index.php?rest_route=%2Fwp%2Fv2%2Fcomments&post=3026"}],"wp:featuredmedia":[{"embeddable":true,"href":"https:\/\/shopforlife.ch\/index.php?rest_route=\/wp\/v2\/media\/3015"}],"wp:attachment":[{"href":"https:\/\/shopforlife.ch\/index.php?rest_route=%2Fwp%2Fv2%2Fmedia&parent=3026"}],"wp:term":[{"taxonomy":"product_cat","embeddable":true,"href":"https:\/\/shopforlife.ch\/index.php?rest_route=%2Fwp%2Fv2%2Fproduct_cat&post=3026"},{"taxonomy":"product_tag","embeddable":true,"href":"https:\/\/shopforlife.ch\/index.php?rest_route=%2Fwp%2Fv2%2Fproduct_tag&post=3026"}],"curies":[{"name":"wp","href":"https:\/\/api.w.org\/{rel}","templated":true}]}}