{"id":3010,"date":"2020-03-28T18:14:42","date_gmt":"2020-03-28T18:14:42","guid":{"rendered":"https:\/\/shopforlife.ch\/?post_type=product&#038;p=3010"},"modified":"2020-03-28T18:14:42","modified_gmt":"2020-03-28T18:14:42","slug":"zuckerrohrmelasse","status":"publish","type":"product","link":"https:\/\/shopforlife.ch\/?product=zuckerrohrmelasse","title":{"rendered":"Zuckerrohrmelasse"},"content":{"rendered":"<p>Schwarze Zuckerrohrmelasse &#8211; dient w\u00e4hrend der Fermentation als N\u00e4hrstofflieferant f\u00fcr die Effektiven Mikroorganismen.<\/p>\n","protected":false},"excerpt":{"rendered":"<p>Schwarze Zuckerrohrmelasse ist ein Restprodukt der Zuckerproduktion aus Zuckerrohr und dient w\u00e4hrend der Fermentation (z.B. zu EM-A oder EM-5) als N\u00e4hrstofflieferant f\u00fcr die Effektiven Mikroorganismen.<\/p>\n<p>&nbsp;<\/p>\n<table border=\"1\" width=\"30%\">\n<tbody>\n<tr>\n<td align=\"left\" width=\"90px\">Inhaltsstoffe<\/td>\n<td align=\"left\" width=\"90px\">Werte<\/td>\n<\/tr>\n<tr>\n<td align=\"left\" width=\"90px\">Gesamtzucker<\/td>\n<td align=\"left\" width=\"90px\">mind. 48%<\/td>\n<\/tr>\n<tr>\n<td align=\"left\" width=\"90px\">TS<\/td>\n<td align=\"left\" width=\"90px\">mind. 74%<\/td>\n<\/tr>\n<tr>\n<td align=\"left\" width=\"90px\">Brix-Wert<\/td>\n<td align=\"left\" width=\"90px\">mind. 78.5%<\/td>\n<\/tr>\n<tr>\n<td align=\"left\" width=\"90px\">Zink nativ<\/td>\n<td align=\"left\" width=\"90px\">10 mg\/kg<\/td>\n<\/tr>\n<tr>\n<td align=\"left\" width=\"90px\">Mangan nativ<\/td>\n<td align=\"left\" width=\"90px\">20 mg\/kg<\/td>\n<\/tr>\n<tr>\n<td align=\"left\" width=\"90px\">Eisen nativ<\/td>\n<td align=\"left\" width=\"90px\">200 mg\/kg<\/td>\n<\/tr>\n<tr>\n<td align=\"left\" width=\"90px\">Selen nativ<\/td>\n<td align=\"left\" width=\"90px\">0.02 mg\/kg<\/td>\n<\/tr>\n<\/tbody>\n<\/table>\n<p>&nbsp;<\/p>\n<p>Haltbarkeit: Grunds\u00e4tzlich ist eine hoch zuckerhaltige L\u00f6sung (wie die Melasse) praktisch unbeschr\u00e4nkt haltbar. Der Aufkleber mit dem Datum enth\u00e4lt das Abf\u00fclldatum.<\/p>\n<p>&nbsp;<\/p>\n","protected":false},"featured_media":2956,"comment_status":"open","ping_status":"closed","template":"","meta":[],"product_cat":[156,147],"product_tag":[],"_links":{"self":[{"href":"https:\/\/shopforlife.ch\/index.php?rest_route=\/wp\/v2\/product\/3010"}],"collection":[{"href":"https:\/\/shopforlife.ch\/index.php?rest_route=\/wp\/v2\/product"}],"about":[{"href":"https:\/\/shopforlife.ch\/index.php?rest_route=\/wp\/v2\/types\/product"}],"replies":[{"embeddable":true,"href":"https:\/\/shopforlife.ch\/index.php?rest_route=%2Fwp%2Fv2%2Fcomments&post=3010"}],"wp:featuredmedia":[{"embeddable":true,"href":"https:\/\/shopforlife.ch\/index.php?rest_route=\/wp\/v2\/media\/2956"}],"wp:attachment":[{"href":"https:\/\/shopforlife.ch\/index.php?rest_route=%2Fwp%2Fv2%2Fmedia&parent=3010"}],"wp:term":[{"taxonomy":"product_cat","embeddable":true,"href":"https:\/\/shopforlife.ch\/index.php?rest_route=%2Fwp%2Fv2%2Fproduct_cat&post=3010"},{"taxonomy":"product_tag","embeddable":true,"href":"https:\/\/shopforlife.ch\/index.php?rest_route=%2Fwp%2Fv2%2Fproduct_tag&post=3010"}],"curies":[{"name":"wp","href":"https:\/\/api.w.org\/{rel}","templated":true}]}}