{"id":3003,"date":"2020-03-28T17:45:03","date_gmt":"2020-03-28T17:45:03","guid":{"rendered":"https:\/\/shopforlife.ch\/?post_type=product&#038;p=3003"},"modified":"2020-03-28T17:59:35","modified_gmt":"2020-03-28T17:59:35","slug":"em","status":"publish","type":"product","link":"https:\/\/shopforlife.ch\/?product=em","title":{"rendered":"EM-1"},"content":{"rendered":"<p>Basiskonzentrat f\u00fcr Kleinanwendungen und vor allem zur Herstellung von EM\u00b7A.<\/p>\n<p>EM-1 ist die ideale Kombination ausgew\u00e4hlter, regenerativer Mikroorganismen f\u00fcr eine chemiefreie Landwirtschaft. \u00dcberwiegend sind Milchs\u00e4urebakterien, Hefen und Photosynthesebakterien enthalten. Es ist eine br\u00e4unliche Fl\u00fcssigkeit mit s\u00fcss-saurem Geruch und einem pH-Wert von 3.5. Alle anderen EM-Produkte und Anwendungen lassen sich auf EM-1 zur\u00fcckf\u00fchren. EM-1 kann mit Zuckerrohrmelasse, Wasser und W\u00e4rme zu EM-A (siehe Boden-FIT) vermehrt werden.<\/p>\n<p>In EM leben verschiedene Arten von aeroben und anaeroben Mikroorganismen in einem Gleichgewicht zusammen, bei dem die einen von den Stoffwechselprodukten der anderen profitieren. Diese perfekte Symbiose der EM erzeugt starke regenerative, aufbauende und antioxidative Kr\u00e4fte. Mit Hilfe von EM stellt sich ein nat\u00fcrliches Gleichgewicht der n\u00fctzlichen Mikroorganismen wieder ein.<\/p>\n<p>Mit Hilfe der EM-Technologie wird nichts bek\u00e4mpft oder unterbunden. Stattdessen wird das vorhandene Milieu so beeinflusst, dass aufbauende, regenerative Prozesse m\u00f6glich werden.<\/p>\n<p>&nbsp;<\/p>\n<h2>Anwendung und Dosierung<\/h2>\n<p>EM-1 kann gleich verwendet werden wie Boden-FIT. Allerdings wird es vorwiegend zur Herstellung von EM-A oder EM-5 verwendet. Die Anleitung dazu finden Sie unter Spezifikationen\/Downloads.<\/p>\n<p>&nbsp;<\/p>\n<h3>Weitere Hinweise<\/h3>\n<ul>\n<li>\n<h4>Lagerung:<\/h4>\n<p>K\u00fchl (12\u201318 \u00b0C) und dunkel lagern. Nicht im K\u00fchlschrank aufbewahren.<\/li>\n<li>\n<h4>Haltbarkeit:<\/h4>\n<p>siehe Aufkleber auf der Flasche<\/li>\n<li>Bei Gebrauch muss darauf geachtet werden, dass nicht zuviel Sauerstoff an die Fl\u00fcssigkeit ger\u00e4t. Deswegen sollten die Flaschen nach dem \u00d6ffnen schnell wieder luftdicht verschlossen werden. Es ist m\u00f6glich, dass sich in der EM-1-Fl\u00fcssigkeit weissliche Flocken bilden. Das beeintr\u00e4chtigt jedoch nicht die Qualit\u00e4t, denn es sind nur die sichtbaren Ablagerungen der Hefebakterien bei Kontakt mit Sauerstoff.<\/li>\n<li>\n<h4>Verpackung:<\/h4>\n<p>PET-Flasche bzw. PET-Kanister, leere Packungen k\u00f6nnen mit dem Hauskehricht entsorgt werden.<\/li>\n<\/ul>\n","protected":false},"excerpt":{"rendered":"<p>Url\u00f6sung der Effektiven Mikroorganismen.<br \/>\nGem\u00e4ss FiBL f\u00fcr den biologischen Landbau zugelassen.<\/p>\n<p><a href=\"https:\/\/shopforlife.ch\/wp-content\/uploads\/2020\/03\/Flyer_Herstellung-EMA-1.pdf\">Flyer_Herstellung-EMA<\/a><\/p>\n<p><a href=\"https:\/\/shopforlife.ch\/wp-content\/uploads\/2020\/03\/Flyer_Herstellung-EM5-1.pdf\">Flyer_Herstellung-EM5<\/a><\/p>\n<p>&nbsp;<\/p>\n","protected":false},"featured_media":2952,"comment_status":"open","ping_status":"closed","template":"","meta":[],"product_cat":[156,147],"product_tag":[],"_links":{"self":[{"href":"https:\/\/shopforlife.ch\/index.php?rest_route=\/wp\/v2\/product\/3003"}],"collection":[{"href":"https:\/\/shopforlife.ch\/index.php?rest_route=\/wp\/v2\/product"}],"about":[{"href":"https:\/\/shopforlife.ch\/index.php?rest_route=\/wp\/v2\/types\/product"}],"replies":[{"embeddable":true,"href":"https:\/\/shopforlife.ch\/index.php?rest_route=%2Fwp%2Fv2%2Fcomments&post=3003"}],"wp:featuredmedia":[{"embeddable":true,"href":"https:\/\/shopforlife.ch\/index.php?rest_route=\/wp\/v2\/media\/2952"}],"wp:attachment":[{"href":"https:\/\/shopforlife.ch\/index.php?rest_route=%2Fwp%2Fv2%2Fmedia&parent=3003"}],"wp:term":[{"taxonomy":"product_cat","embeddable":true,"href":"https:\/\/shopforlife.ch\/index.php?rest_route=%2Fwp%2Fv2%2Fproduct_cat&post=3003"},{"taxonomy":"product_tag","embeddable":true,"href":"https:\/\/shopforlife.ch\/index.php?rest_route=%2Fwp%2Fv2%2Fproduct_tag&post=3003"}],"curies":[{"name":"wp","href":"https:\/\/api.w.org\/{rel}","templated":true}]}}