{"id":1507,"date":"2017-11-04T16:53:36","date_gmt":"2017-11-04T16:53:36","guid":{"rendered":"https:\/\/shopforlife.ch\/?post_type=product&#038;p=1507"},"modified":"2017-11-04T18:27:26","modified_gmt":"2017-11-04T18:27:26","slug":"aromatisiertes-meersalz-white-sage","status":"publish","type":"product","link":"https:\/\/shopforlife.ch\/?product=aromatisiertes-meersalz-white-sage","title":{"rendered":"Aromatisiertes Meersalz &#8222;White Sage&#8220; von Green Tree"},"content":{"rendered":"","protected":false},"excerpt":{"rendered":"<p>Nat\u00fcrliches Meersalz aromatisiert mit \u00e4therischen \u00d6len<\/p>\n<p>Inhalt : ca. 180g<\/p>\n","protected":false},"featured_media":1506,"comment_status":"open","ping_status":"closed","template":"","meta":[],"product_cat":[22,112],"product_tag":[114,133,121,79,88,89],"_links":{"self":[{"href":"https:\/\/shopforlife.ch\/index.php?rest_route=\/wp\/v2\/product\/1507"}],"collection":[{"href":"https:\/\/shopforlife.ch\/index.php?rest_route=\/wp\/v2\/product"}],"about":[{"href":"https:\/\/shopforlife.ch\/index.php?rest_route=\/wp\/v2\/types\/product"}],"replies":[{"embeddable":true,"href":"https:\/\/shopforlife.ch\/index.php?rest_route=%2Fwp%2Fv2%2Fcomments&post=1507"}],"wp:featuredmedia":[{"embeddable":true,"href":"https:\/\/shopforlife.ch\/index.php?rest_route=\/wp\/v2\/media\/1506"}],"wp:attachment":[{"href":"https:\/\/shopforlife.ch\/index.php?rest_route=%2Fwp%2Fv2%2Fmedia&parent=1507"}],"wp:term":[{"taxonomy":"product_cat","embeddable":true,"href":"https:\/\/shopforlife.ch\/index.php?rest_route=%2Fwp%2Fv2%2Fproduct_cat&post=1507"},{"taxonomy":"product_tag","embeddable":true,"href":"https:\/\/shopforlife.ch\/index.php?rest_route=%2Fwp%2Fv2%2Fproduct_tag&post=1507"}],"curies":[{"name":"wp","href":"https:\/\/api.w.org\/{rel}","templated":true}]}}