{"id":1500,"date":"2017-11-04T16:44:35","date_gmt":"2017-11-04T16:44:35","guid":{"rendered":"https:\/\/shopforlife.ch\/?post_type=product&#038;p=1500"},"modified":"2017-11-04T17:28:20","modified_gmt":"2017-11-04T17:28:20","slug":"aromatisiertes-meersalz-buddhas-blessing","status":"publish","type":"product","link":"https:\/\/shopforlife.ch\/?product=aromatisiertes-meersalz-buddhas-blessing","title":{"rendered":"Aromatisiertes Meersalz &#8222;Buddha\u00b4s Blessing&#8220; von Green Tree"},"content":{"rendered":"","protected":false},"excerpt":{"rendered":"<p>Nat\u00fcrliches Meersalz aromatisiert mit \u00e4therischen \u00d6len<\/p>\n<p>Inhalt : ca. 180g<\/p>\n","protected":false},"featured_media":1502,"comment_status":"open","ping_status":"closed","template":"","meta":[],"product_cat":[22,112],"product_tag":[87,113,114,88,89],"_links":{"self":[{"href":"https:\/\/shopforlife.ch\/index.php?rest_route=\/wp\/v2\/product\/1500"}],"collection":[{"href":"https:\/\/shopforlife.ch\/index.php?rest_route=\/wp\/v2\/product"}],"about":[{"href":"https:\/\/shopforlife.ch\/index.php?rest_route=\/wp\/v2\/types\/product"}],"replies":[{"embeddable":true,"href":"https:\/\/shopforlife.ch\/index.php?rest_route=%2Fwp%2Fv2%2Fcomments&post=1500"}],"wp:featuredmedia":[{"embeddable":true,"href":"https:\/\/shopforlife.ch\/index.php?rest_route=\/wp\/v2\/media\/1502"}],"wp:attachment":[{"href":"https:\/\/shopforlife.ch\/index.php?rest_route=%2Fwp%2Fv2%2Fmedia&parent=1500"}],"wp:term":[{"taxonomy":"product_cat","embeddable":true,"href":"https:\/\/shopforlife.ch\/index.php?rest_route=%2Fwp%2Fv2%2Fproduct_cat&post=1500"},{"taxonomy":"product_tag","embeddable":true,"href":"https:\/\/shopforlife.ch\/index.php?rest_route=%2Fwp%2Fv2%2Fproduct_tag&post=1500"}],"curies":[{"name":"wp","href":"https:\/\/api.w.org\/{rel}","templated":true}]}}