{"id":1498,"date":"2017-11-04T16:32:29","date_gmt":"2017-11-04T16:32:29","guid":{"rendered":"https:\/\/shopforlife.ch\/?post_type=product&#038;p=1498"},"modified":"2020-11-26T13:33:02","modified_gmt":"2020-11-26T13:33:02","slug":"aromatisiertes-meersalz-7-chakra","status":"publish","type":"product","link":"https:\/\/shopforlife.ch\/?product=aromatisiertes-meersalz-7-chakra","title":{"rendered":"Aromatisiertes Meersalz &#8222;7 Chakra&#8220; von Green Tree"},"content":{"rendered":"","protected":false},"excerpt":{"rendered":"<p>Nat\u00fcrliches Meersalz aromatisiert mit \u00e4therischen \u00d6len<\/p>\n<p>Inhalt : ca. 180g<\/p>\n","protected":false},"featured_media":1499,"comment_status":"open","ping_status":"closed","template":"","meta":[],"product_cat":[22,112],"product_tag":[132,110,79,111,88,89],"_links":{"self":[{"href":"https:\/\/shopforlife.ch\/index.php?rest_route=\/wp\/v2\/product\/1498"}],"collection":[{"href":"https:\/\/shopforlife.ch\/index.php?rest_route=\/wp\/v2\/product"}],"about":[{"href":"https:\/\/shopforlife.ch\/index.php?rest_route=\/wp\/v2\/types\/product"}],"replies":[{"embeddable":true,"href":"https:\/\/shopforlife.ch\/index.php?rest_route=%2Fwp%2Fv2%2Fcomments&post=1498"}],"wp:featuredmedia":[{"embeddable":true,"href":"https:\/\/shopforlife.ch\/index.php?rest_route=\/wp\/v2\/media\/1499"}],"wp:attachment":[{"href":"https:\/\/shopforlife.ch\/index.php?rest_route=%2Fwp%2Fv2%2Fmedia&parent=1498"}],"wp:term":[{"taxonomy":"product_cat","embeddable":true,"href":"https:\/\/shopforlife.ch\/index.php?rest_route=%2Fwp%2Fv2%2Fproduct_cat&post=1498"},{"taxonomy":"product_tag","embeddable":true,"href":"https:\/\/shopforlife.ch\/index.php?rest_route=%2Fwp%2Fv2%2Fproduct_tag&post=1498"}],"curies":[{"name":"wp","href":"https:\/\/api.w.org\/{rel}","templated":true}]}}