{"id":1070,"date":"2016-11-24T17:19:00","date_gmt":"2016-11-24T17:19:00","guid":{"rendered":"https:\/\/shopforlife.ch\/?post_type=product&#038;p=1070"},"modified":"2020-03-28T17:28:34","modified_gmt":"2020-03-28T17:28:34","slug":"klangschalen-set-svadhishthana-chakra","status":"publish","type":"product","link":"https:\/\/shopforlife.ch\/?product=klangschalen-set-svadhishthana-chakra","title":{"rendered":"Klangschalen-Set \u201eSvadhishthana Chakra\u201c"},"content":{"rendered":"<p><strong>Svadhishthana<\/strong><\/p>\n<p><em>sva<\/em> = Selbst<\/p>\n<p><em>adhishthana<\/em> = Ort<\/p>\n<p>&nbsp;<\/p>\n<p>Das Svadhishthana-Chakra liegt am unteren Ende des Kreuzbeines. Sein Mantra ist VAM, seine Farbe Orange und die beiden Gottheiten dieses Chakras sind Brahma und seine Tochter Sarasvati. Das\u00a0Svadhishthana-Chakra kennzeichnet die zweite Stufe unserer Entwicklung. Die Evolution unseres\u00a0Bewusstseins zu einem rein irdischen\u00a0nimmt ihren Anfang im Svadhishthana-Chakra. Es ist zudem der Sitz des Unterbewusstseins, in dem s\u00e4mtliche\u00a0Erfahrunge, Erlebnisse und Eindr\u00fccke unseres Lebens bis zum Beginn unseres Daseins im Mutterleib gespeichert sind.<\/p>\n<p>Das Muladhara-Chakra (Wurzelzentrum) ist jener\u00a0Speicher, in dem sich unsere Karmas befinden, ihre Aktivierung jedoch\u00a0kommt vom Svadhishthana aus. Ob wir unsere Anlagen zum Guten oder B\u00f6sen\u00a0nutzen, h\u00e4ngt lediglich\u00a0von uns selbst ab. Die Erweckung des Svadhishthana-Chakras bringt Klarheit und auch Entfaltung der Pers\u00f6nlichkeit. Dazu m\u00fcssen wir unser Bewusstsein zuvor von negativen Qualit\u00e4ten reinigen. Der Lotus des Svadhishthana-Chakras hat sechs Bl\u00e4tter. Sie stehen stellvertretend f\u00fcr unsere negativen\u00a0Eigenschaften, die es aufzul\u00f6sen\u00a0gilt: Zorn, Ha\u00df, Eifersucht, Grausamkeit, Begierde und Hochmut. Weitere Eigenschaften dieses Chakras, die hemmend f\u00fcr unsere Entwicklung wirken, sind Tr\u00e4gheit, Angst, Zweifel, Rachsucht, Neid und Gier.<\/p>\n<p>Das Tiersymbol des Svadhishthana-Chakras ist ein\u00a0Krokodil. Es steht f\u00fcr Faulheit, Gef\u00fchllosigkeit und nicht zuletzt Gefahr, die in diesem Chakra schlummert. Ebenfalls ein Sinnbild verborgener Gefahren ist das Element des Svadhishthana, n\u00e4mlich das Wasser. Es ist weich und nachgiebig, besitzt jedoch eine ungeheure Kraft, falls\u00a0es ausser Kontrolle geraten sollte. Genau so\u00a0ist es auch mit der Energie des Svadhishthana Chakras. Wenn negative Emotionen und Gef\u00fchle aus dem Unterbewusstsein ins Bewusstsein aufsteigen, k\u00f6nnen sie uns\u00a0v\u00f6llig aus dem Gleichgewicht bringen.<\/p>\n","protected":false},"excerpt":{"rendered":"<p><strong>Klangschalen-Set \u201eSvadhishthana Chakra\u201c<\/strong> \u00a0&#8211; \u00a0(Unterleibszentrum)<\/p>\n<p>&nbsp;<\/p>\n<p>Material : Messing<\/p>\n<p>Farbe : orange<\/p>\n<p>Inhalt : Schale mit Kl\u00f6ppel &amp; Kissen und Geschenkbox<\/p>\n<p>Gr\u00f6sse : 10 cm<\/p>\n<p>Gewicht : ca. 330 g<\/p>\n","protected":false},"featured_media":1064,"comment_status":"open","ping_status":"closed","template":"","meta":[],"product_cat":[146,24,26,63],"product_tag":[],"_links":{"self":[{"href":"https:\/\/shopforlife.ch\/index.php?rest_route=\/wp\/v2\/product\/1070"}],"collection":[{"href":"https:\/\/shopforlife.ch\/index.php?rest_route=\/wp\/v2\/product"}],"about":[{"href":"https:\/\/shopforlife.ch\/index.php?rest_route=\/wp\/v2\/types\/product"}],"replies":[{"embeddable":true,"href":"https:\/\/shopforlife.ch\/index.php?rest_route=%2Fwp%2Fv2%2Fcomments&post=1070"}],"wp:featuredmedia":[{"embeddable":true,"href":"https:\/\/shopforlife.ch\/index.php?rest_route=\/wp\/v2\/media\/1064"}],"wp:attachment":[{"href":"https:\/\/shopforlife.ch\/index.php?rest_route=%2Fwp%2Fv2%2Fmedia&parent=1070"}],"wp:term":[{"taxonomy":"product_cat","embeddable":true,"href":"https:\/\/shopforlife.ch\/index.php?rest_route=%2Fwp%2Fv2%2Fproduct_cat&post=1070"},{"taxonomy":"product_tag","embeddable":true,"href":"https:\/\/shopforlife.ch\/index.php?rest_route=%2Fwp%2Fv2%2Fproduct_tag&post=1070"}],"curies":[{"name":"wp","href":"https:\/\/api.w.org\/{rel}","templated":true}]}}