{"id":1069,"date":"2016-11-24T17:17:46","date_gmt":"2016-11-24T17:17:46","guid":{"rendered":"https:\/\/shopforlife.ch\/?post_type=product&#038;p=1069"},"modified":"2020-03-28T17:28:34","modified_gmt":"2020-03-28T17:28:34","slug":"klangschalen-set-sahasrara-chakra","status":"publish","type":"product","link":"https:\/\/shopforlife.ch\/?product=klangschalen-set-sahasrara-chakra","title":{"rendered":"Klangschalen-Set \u201eSahasrara Chakra\u201c"},"content":{"rendered":"<p><strong>Sahasrara<\/strong><\/p>\n<p><em>sahasrara<\/em> = tausend, unendlich<\/p>\n<p>&nbsp;<\/p>\n<p>Das Sahasrara-Chakra befindet sich <em>auf<\/em> dem Kopf. Es wird auch \u00bbTausendbl\u00e4ttriger Lotus\u00ab, \u00bbBrahmarandhra\u00ab (Tor zu Gott) oder \u00bbZentrum der Millionen Strahlen \u00ab genannt, denn es strahlt ein Licht wie unsere\u00a0Sonne aus. Kein anderes Licht hat\u00a0auch nur einen Bruchteil dieser Leuchtkraft. Zudem\u00a0verblassen auch die Energien und Ausstrahlungen der\u00a0anderen Chakras vor dem Glanz dieses einen Chakras.<\/p>\n<p>Im Sahasrara-Chakra existiert eine bedeutsame Funktion\u00a0\u2013 die\u00a0Medha Shakti. Diese\u00a0ist ein Hormon, welches\u00a0die Funktionen des Gehirns wie das Ged\u00e4chtnis, die Konzentration und die Auffassungsgabe beeinflusst. Durch Yoga kann die Medha Shakti aktiviert und auch gest\u00e4rkt werden. Das Sahasrara hat keine zugeh\u00f6rige\u00a0Farbe oder Eigenschaft. Es ist ein reines Licht, welches\u00a0alle Farben enth\u00e4lt. Die Energie aller sogenannten Nadis str\u00f6mt in diesem Zentrum zusammen, wie tausende Fl\u00fcsse, deren Wasser sich ins Meer ergiessen. Hier ist der Sitz Shivas, des <em>h\u00f6chsten Selbst<\/em>. Die Erweckung des Sahasrara-Chakras bedeutet Offenbarung des g\u00f6ttlichen Glanzes und Erreichen\u00a0des h\u00f6chsten Bewusstseins. So wie beim Sonnenaufgang\u00a0die Nacht weicht, so schwindet die Unwissenheit beim Erwachen des Sahasrara-Chakras.<\/p>\n<p>Dieses Chakra\u00a0symbolisiert ausserdem\u00a0das Ziel von Yoga, die Selbst- und\u00a0Gottverwirklichung. Wer das\u00a0erreicht, ist von allem Karma befreit und auch aus dem Rad der Wiedergeburt. In der Meditation gelangt der Yogi in diesem Chakra ins\u00a0h\u00f6chste Bewu\u00dftsein.<\/p>\n<p>Im Sahasrara-Chakra bl\u00fcht der &#8222;tausendbl\u00e4ttrige Lotus&#8220; als Symbol der vollkommenen Entfaltung des Bewusstseins auf. Die Gottheit dieses Chakras ist Shiva in der Form von reinem Bewusstsein. Sein Element ist Adi Tattva, das h\u00f6chste spirituelle Tattva. Sein Mantra, ebenso wie jenes\u00a0des Agya Chakras, ist der Urklang OM.<\/p>\n","protected":false},"excerpt":{"rendered":"<p><strong>Klangschalen-Set \u201eSahasrara Chakra\u201c<\/strong> \u00a0&#8211; (Scheitelzentrum)<\/p>\n<p>&nbsp;<\/p>\n<p>Material : Messing<\/p>\n<p>Farbe : lila<\/p>\n<p>Inhalt : Schale mit Kl\u00f6ppel &amp; Kissen und Geschenkbox<\/p>\n<p>Gr\u00f6sse : 10 cm<\/p>\n<p>Gewicht : ca. 330 g<\/p>\n","protected":false},"featured_media":1063,"comment_status":"open","ping_status":"closed","template":"","meta":[],"product_cat":[146,24,26,63],"product_tag":[],"_links":{"self":[{"href":"https:\/\/shopforlife.ch\/index.php?rest_route=\/wp\/v2\/product\/1069"}],"collection":[{"href":"https:\/\/shopforlife.ch\/index.php?rest_route=\/wp\/v2\/product"}],"about":[{"href":"https:\/\/shopforlife.ch\/index.php?rest_route=\/wp\/v2\/types\/product"}],"replies":[{"embeddable":true,"href":"https:\/\/shopforlife.ch\/index.php?rest_route=%2Fwp%2Fv2%2Fcomments&post=1069"}],"wp:featuredmedia":[{"embeddable":true,"href":"https:\/\/shopforlife.ch\/index.php?rest_route=\/wp\/v2\/media\/1063"}],"wp:attachment":[{"href":"https:\/\/shopforlife.ch\/index.php?rest_route=%2Fwp%2Fv2%2Fmedia&parent=1069"}],"wp:term":[{"taxonomy":"product_cat","embeddable":true,"href":"https:\/\/shopforlife.ch\/index.php?rest_route=%2Fwp%2Fv2%2Fproduct_cat&post=1069"},{"taxonomy":"product_tag","embeddable":true,"href":"https:\/\/shopforlife.ch\/index.php?rest_route=%2Fwp%2Fv2%2Fproduct_tag&post=1069"}],"curies":[{"name":"wp","href":"https:\/\/api.w.org\/{rel}","templated":true}]}}