{"id":1068,"date":"2016-11-24T17:16:44","date_gmt":"2016-11-24T17:16:44","guid":{"rendered":"https:\/\/shopforlife.ch\/?post_type=product&#038;p=1068"},"modified":"2020-03-28T17:28:34","modified_gmt":"2020-03-28T17:28:34","slug":"klangschalen-set-agya-chakra","status":"publish","type":"product","link":"https:\/\/shopforlife.ch\/?product=klangschalen-set-agya-chakra","title":{"rendered":"Klangschalen-Set \u201eAgya Chakra\u201c"},"content":{"rendered":"<p><strong>Agya<\/strong><\/p>\n<p>&nbsp;<\/p>\n<p><em>agya<\/em> =\u00a0Wissen<\/p>\n<p>&nbsp;<\/p>\n<p>Das Agya-Chakra liegt in der Mitte der Stirn zwischen den Augenbrauen und ist\u00a0auch als das \u00bbDrittes Auge\u00ab bekannt. Das Agya-Chakra ist das Zentrum der Klarheit und Weisheit. Es bildet die Grenze zwischen dem irdischen\u00a0und g\u00f6ttlichen Bewusstsein. In ihm treffen die drei Haupt-Energiebahnen (Nadis) zusammen: Ida (Mond-Nadi), Pingala (Sonnen-Nadi) und Sushumna (Zentraler Nadi). Wenn sich ihre Energie im Agya Chakra vereinigt und weiter aufsteigt, \u00a0k\u00f6nnen wir das h\u00f6chste Bewusstsein erreichen.<\/p>\n<p>Das Mantra des Agya-Chakras ist OM, der Urklang der Sch\u00f6pfung. Sein Element ist das Element des Geistes. Ein zentrales Symbol im Bild des Agya-Chakras ist der Shiva Lingam, das Sinnbild f\u00fcr sch\u00f6pferisches Bewusstsein.<\/p>\n<p>Dieses Chakra hat eine milchig-wei\u00dfe \/\u00a0rauchige Farbe, die anzeigt, da\u00df das Bewu\u00dftsein zwar zu einem grossen Teil, aber doch noch nicht vollst\u00e4ndig\u00a0gereinigt ist. Die Lotusbl\u00fcte des Agya Chakras hat zwei Bl\u00fctenbl\u00e4tter und bedeutet, dass es in dieser Bewusstseinsstufe \u00bbnur mehr zwei\u00ab gibt: Atma (Selbst) und Paramatma (Gott).<\/p>\n<p>Die Eigenschaften dieses Chakras sind <em>Einheit<\/em> (Ekata), <em>Leere<\/em> (Shunya), <em>Wahrheit<\/em> (Sat), <em>Bewusstsein<\/em> (Chit) sowie\u00a0<em>Gl\u00fcckseligkeit<\/em> (Ananda). In ihm \u00f6ffnet sich das \u00bbAuge des Wissens\u00ab, und wir erblicken\u00a0die Wirklichkeit des Selbst. Das Agya-Chakra wird deshalb auch als \u00bbDrittes Auge\u00ab bezeichnet.<\/p>\n<p>Blockaden in diesem Chakra f\u00fchren jedoch zum gegenteiligen Effekt, durch sie kann die \u00dcberlegungs- und Entscheidungskraft gemindert und in die Irre gelenkt werden.<\/p>\n","protected":false},"excerpt":{"rendered":"<p><strong>Klangschalen Set \u201eAgya\u00a0Chakra\u201c<\/strong> \u00a0&#8211; \u00a0(Augenbrauenzentrum)<\/p>\n<p>&nbsp;<\/p>\n<p>Material : Messing<\/p>\n<p>Farbe : blau<\/p>\n<p>Inhalt : Schale mit Kl\u00f6ppel &amp; Kissen und Geschenkbox<\/p>\n<p>Gr\u00f6sse : 10 cm<\/p>\n<p>Gewicht : ca. 330 g<\/p>\n","protected":false},"featured_media":1059,"comment_status":"open","ping_status":"closed","template":"","meta":[],"product_cat":[146,24,26,63],"product_tag":[],"_links":{"self":[{"href":"https:\/\/shopforlife.ch\/index.php?rest_route=\/wp\/v2\/product\/1068"}],"collection":[{"href":"https:\/\/shopforlife.ch\/index.php?rest_route=\/wp\/v2\/product"}],"about":[{"href":"https:\/\/shopforlife.ch\/index.php?rest_route=\/wp\/v2\/types\/product"}],"replies":[{"embeddable":true,"href":"https:\/\/shopforlife.ch\/index.php?rest_route=%2Fwp%2Fv2%2Fcomments&post=1068"}],"wp:featuredmedia":[{"embeddable":true,"href":"https:\/\/shopforlife.ch\/index.php?rest_route=\/wp\/v2\/media\/1059"}],"wp:attachment":[{"href":"https:\/\/shopforlife.ch\/index.php?rest_route=%2Fwp%2Fv2%2Fmedia&parent=1068"}],"wp:term":[{"taxonomy":"product_cat","embeddable":true,"href":"https:\/\/shopforlife.ch\/index.php?rest_route=%2Fwp%2Fv2%2Fproduct_cat&post=1068"},{"taxonomy":"product_tag","embeddable":true,"href":"https:\/\/shopforlife.ch\/index.php?rest_route=%2Fwp%2Fv2%2Fproduct_tag&post=1068"}],"curies":[{"name":"wp","href":"https:\/\/api.w.org\/{rel}","templated":true}]}}